{"id":15778,"date":"2023-07-25T13:37:31","date_gmt":"2023-07-25T13:37:31","guid":{"rendered":"https:\/\/borderjogos.suprahub.com.br\/?post_type=product&#038;p=15778"},"modified":"2023-07-26T15:33:50","modified_gmt":"2023-07-26T15:33:50","slug":"first-rat","status":"publish","type":"product","link":"https:\/\/borderjogos.suprahub.com.br\/?product=first-rat","title":{"rendered":"First Rat"},"content":{"rendered":"<p class=\"p1\">Por gera\u00e7\u00f5es, os ratos do ferro-velho contam uns aos outros a grande lenda sobre uma lua feita de queijo e eles n\u00e3o querem nada mais do que alcan\u00e7ar esse tesouro inesgot\u00e1vel.<\/p>\n<p class=\"p1\">Um dia, as criancinhas dos ratos descobriram uma hist\u00f3ria em quadrinhos no ferro-velho que descrevia o primeiro pouso na lua, e assim nasceu o plano: construir um foguete e dominar a lua de queijo!<\/p>\n<p class=\"p1\">Felizmente, o ferro-velho tem tudo o que os ratos precisam para construir seu foguete, e os outros animais est\u00e3o dispostos a apoiar esse empreendimento ousado \u2013 pelo menos se forem bem pagos. Claro, todos os ratos trabalham juntos para atingir esse objetivo poderoso. No entanto, cada fam\u00edlia de ratos compete para construir o maior n\u00famero de partes de foguetes e treinar o maior n\u00famero de rattronautas para que possam se deliciar com o m\u00e1ximo de queijo lunar poss\u00edvel.<\/p>\n<p>&nbsp;<\/p>\n<p class=\"p1\"><b>Componentes:<span class=\"Apple-converted-space\">\u00a0<\/span><\/b><\/p>\n<p class=\"p1\">1 Tabuleiro<br \/>\n22 ratos de madeira<br \/>\n74 pe\u00e7as de madeira<br \/>\n22 cartas<br \/>\n255 pe\u00e7as de papel\u00e3o<br \/>\n1 bloco de pontua\u00e7\u00e3o<br \/>\n5 cart\u00f5es de ajuda<br \/>\n1 manual de regras<br \/>\n1 folha de refer\u00eancia<\/p>\n","protected":false},"excerpt":{"rendered":"<p>Por gera\u00e7\u00f5es, os ratos do ferro-velho contam uns aos outros a grande lenda sobre uma lua feita de queijo e eles n\u00e3o querem nada mais do que alcan\u00e7ar esse tesouro inesgot\u00e1vel.<\/p>\n","protected":false},"featured_media":15779,"comment_status":"open","ping_status":"closed","template":"","meta":[],"product_cat":[95,75,82,81],"product_tag":[],"class_list":{"0":"post-15778","1":"product","2":"type-product","3":"status-publish","4":"has-post-thumbnail","6":"product_cat-across-the-board","7":"product_cat-boardgames-tabuleiro","8":"product_cat-competitivos","9":"product_cat-jogos-expert","11":"first","12":"instock","13":"sale","14":"shipping-taxable","15":"purchasable","16":"product-type-simple"},"_links":{"self":[{"href":"https:\/\/borderjogos.suprahub.com.br\/index.php?rest_route=\/wp\/v2\/product\/15778","targetHints":{"allow":["GET"]}}],"collection":[{"href":"https:\/\/borderjogos.suprahub.com.br\/index.php?rest_route=\/wp\/v2\/product"}],"about":[{"href":"https:\/\/borderjogos.suprahub.com.br\/index.php?rest_route=\/wp\/v2\/types\/product"}],"replies":[{"embeddable":true,"href":"https:\/\/borderjogos.suprahub.com.br\/index.php?rest_route=%2Fwp%2Fv2%2Fcomments&post=15778"}],"version-history":[{"count":2,"href":"https:\/\/borderjogos.suprahub.com.br\/index.php?rest_route=\/wp\/v2\/product\/15778\/revisions"}],"predecessor-version":[{"id":15783,"href":"https:\/\/borderjogos.suprahub.com.br\/index.php?rest_route=\/wp\/v2\/product\/15778\/revisions\/15783"}],"wp:featuredmedia":[{"embeddable":true,"href":"https:\/\/borderjogos.suprahub.com.br\/index.php?rest_route=\/wp\/v2\/media\/15779"}],"wp:attachment":[{"href":"https:\/\/borderjogos.suprahub.com.br\/index.php?rest_route=%2Fwp%2Fv2%2Fmedia&parent=15778"}],"wp:term":[{"taxonomy":"product_cat","embeddable":true,"href":"https:\/\/borderjogos.suprahub.com.br\/index.php?rest_route=%2Fwp%2Fv2%2Fproduct_cat&post=15778"},{"taxonomy":"product_tag","embeddable":true,"href":"https:\/\/borderjogos.suprahub.com.br\/index.php?rest_route=%2Fwp%2Fv2%2Fproduct_tag&post=15778"}],"curies":[{"name":"wp","href":"https:\/\/api.w.org\/{rel}","templated":true}]}}