{"id":15784,"date":"2023-07-25T13:46:43","date_gmt":"2023-07-25T13:46:43","guid":{"rendered":"https:\/\/borderjogos.suprahub.com.br\/?post_type=product&#038;p=15784"},"modified":"2023-07-26T15:34:35","modified_gmt":"2023-07-26T15:34:35","slug":"northgard","status":"publish","type":"product","link":"https:\/\/borderjogos.suprahub.com.br\/?product=northgard","title":{"rendered":"Northgard"},"content":{"rendered":"<p class=\"p1\">Northgard Uncharted Lands \u00e9 um jogo de conquista e explora\u00e7\u00e3o ambientado na era dos vikings.<\/p>\n<p class=\"p1\">Cada jogador controlar\u00e1 um cl\u00e3 Viking, procurando alcan\u00e7ar a vit\u00f3ria ao colher a gl\u00f3ria de v\u00e1rias maneiras ou controlar os territ\u00f3rios mais valiosos deste novo continente.<\/p>\n<p class=\"p2\">O jogo concentra-se em regras e mecanismos simplificados, permitindo um ritmo de jogo r\u00e1pido e suave. A cada vez, os jogadores alternam suas a\u00e7\u00f5es para adaptar suas estrat\u00e9gias aos movimentos de seus oponentes e \u00e0 expans\u00e3o do tabuleiro.<\/p>\n<p class=\"p4\"><b>Componentes<\/b>:<\/p>\n<p class=\"p4\">70 Unidades (miniaturas)<\/p>\n<p class=\"p4\">9 Criaturas (Miniaturas)<\/p>\n<p class=\"p4\">129 Cartas<\/p>\n<p class=\"p4\">35 Pe\u00e7as de Mapa<\/p>\n<p class=\"p4\">56 Pe\u00e7as de Edifica\u00e7\u00f5es<\/p>\n<p class=\"p4\">2 Dados Northgard<\/p>\n<p class=\"p4\">1 Trilha de Anos<\/p>\n<p class=\"p4\">1 Marcador de Anos<\/p>\n<p class=\"p4\">75 Fichas de Recursos<\/p>\n<p class=\"p4\">65 Fichas de Fama (50un (5), <span class=\"s1\"><b>10un<\/b><\/span> (10), 5un (15) e <span class=\"s1\"><b>35un<\/b><\/span> (1) ) *Quantidade no manual est\u00e1 incorreto.<\/p>\n<p class=\"p4\">2 Fichas de Cl\u00e3<\/p>\n<p class=\"p4\">1 Marcador de 1\u00b0<span class=\"Apple-converted-space\">\u00a0 <\/span>Jogador<\/p>\n<p class=\"p4\">5 Cartas de Ajuda<\/p>\n<p class=\"p4\">1 Manual de Regras<\/p>\n","protected":false},"excerpt":{"rendered":"<p class=\"p1\">Northgard Uncharted Lands \u00e9 um jogo de conquista e explora\u00e7\u00e3o ambientado na era dos vikings.<\/p>\n<p class=\"p1\">Cada jogador controlar\u00e1 um cl\u00e3 Viking, procurando alcan\u00e7ar a vit\u00f3ria ao colher a gl\u00f3ria de v\u00e1rias maneiras ou controlar os territ\u00f3rios mais valiosos deste novo continente.<\/p>\n","protected":false},"featured_media":15785,"comment_status":"open","ping_status":"closed","template":"","meta":[],"product_cat":[95,75,82,74,81],"product_tag":[],"class_list":{"0":"post-15784","1":"product","2":"type-product","3":"status-publish","4":"has-post-thumbnail","6":"product_cat-across-the-board","7":"product_cat-boardgames-tabuleiro","8":"product_cat-competitivos","9":"product_cat-jogos","10":"product_cat-jogos-expert","12":"first","13":"instock","14":"sale","15":"shipping-taxable","16":"purchasable","17":"product-type-simple"},"_links":{"self":[{"href":"https:\/\/borderjogos.suprahub.com.br\/index.php?rest_route=\/wp\/v2\/product\/15784","targetHints":{"allow":["GET"]}}],"collection":[{"href":"https:\/\/borderjogos.suprahub.com.br\/index.php?rest_route=\/wp\/v2\/product"}],"about":[{"href":"https:\/\/borderjogos.suprahub.com.br\/index.php?rest_route=\/wp\/v2\/types\/product"}],"replies":[{"embeddable":true,"href":"https:\/\/borderjogos.suprahub.com.br\/index.php?rest_route=%2Fwp%2Fv2%2Fcomments&post=15784"}],"version-history":[{"count":1,"href":"https:\/\/borderjogos.suprahub.com.br\/index.php?rest_route=\/wp\/v2\/product\/15784\/revisions"}],"predecessor-version":[{"id":15788,"href":"https:\/\/borderjogos.suprahub.com.br\/index.php?rest_route=\/wp\/v2\/product\/15784\/revisions\/15788"}],"wp:featuredmedia":[{"embeddable":true,"href":"https:\/\/borderjogos.suprahub.com.br\/index.php?rest_route=\/wp\/v2\/media\/15785"}],"wp:attachment":[{"href":"https:\/\/borderjogos.suprahub.com.br\/index.php?rest_route=%2Fwp%2Fv2%2Fmedia&parent=15784"}],"wp:term":[{"taxonomy":"product_cat","embeddable":true,"href":"https:\/\/borderjogos.suprahub.com.br\/index.php?rest_route=%2Fwp%2Fv2%2Fproduct_cat&post=15784"},{"taxonomy":"product_tag","embeddable":true,"href":"https:\/\/borderjogos.suprahub.com.br\/index.php?rest_route=%2Fwp%2Fv2%2Fproduct_tag&post=15784"}],"curies":[{"name":"wp","href":"https:\/\/api.w.org\/{rel}","templated":true}]}}