{"id":15789,"date":"2023-07-25T14:02:43","date_gmt":"2023-07-25T14:02:43","guid":{"rendered":"https:\/\/borderjogos.suprahub.com.br\/?post_type=product&#038;p=15789"},"modified":"2023-07-26T15:35:22","modified_gmt":"2023-07-26T15:35:22","slug":"sanssouci","status":"publish","type":"product","link":"https:\/\/borderjogos.suprahub.com.br\/?product=sanssouci","title":{"rendered":"Sanssouci"},"content":{"rendered":"<p class=\"p1\">Em Sanssouci, seu objetivo \u00e9 criar o melhor e mais imponente jardim no famoso Pal\u00e1cio de Sanssoucci.<\/p>\n<p class=\"p1\">Neste jogo voc\u00ea e mais tr\u00eas arquitetos ir\u00e3o alocar os tiles em seu tabuleiro particular formando roseiras, vinhedos, labirintos vivos e at\u00e9 fontes. Apesar da liberdade criativa, existem certas regras a seguir e planejar de acordo com a demanda \u00e9 crucial.<\/p>\n<p class=\"p3\"><b>Componentes<\/b><\/p>\n<p class=\"p4\">1 Tabuleiro principal<br \/>\n4 Tabuleiros de jardim, dupla face<br \/>\n81 Pe\u00e7as de ornamentos de jardim<br \/>\n1 Saco de tecido<br \/>\n4 Tabuleiros de expans\u00e3o<br \/>\n9 Cartas de miss\u00e3o<br \/>\n72 Cartas de a\u00e7\u00e3o<br \/>\n4 Marcadores de pontua\u00e7\u00e3o<br \/>\n36 Pe\u00e7as de nobre<br \/>\n4 Fichas de 50\/100 pontos<br \/>\n4 Pe\u00e7as de expans\u00e3o javali<\/p>\n","protected":false},"excerpt":{"rendered":"<p>Em Sanssouci, seu objetivo \u00e9 criar o melhor e mais imponente jardim no famoso Pal\u00e1cio de Sanssoucci.<\/p>\n","protected":false},"featured_media":15790,"comment_status":"open","ping_status":"closed","template":"","meta":[],"product_cat":[95,75,74,80],"product_tag":[],"class_list":{"0":"post-15789","1":"product","2":"type-product","3":"status-publish","4":"has-post-thumbnail","6":"product_cat-across-the-board","7":"product_cat-boardgames-tabuleiro","8":"product_cat-jogos","9":"product_cat-jogos-familia","11":"first","12":"instock","13":"sale","14":"shipping-taxable","15":"purchasable","16":"product-type-simple"},"_links":{"self":[{"href":"https:\/\/borderjogos.suprahub.com.br\/index.php?rest_route=\/wp\/v2\/product\/15789","targetHints":{"allow":["GET"]}}],"collection":[{"href":"https:\/\/borderjogos.suprahub.com.br\/index.php?rest_route=\/wp\/v2\/product"}],"about":[{"href":"https:\/\/borderjogos.suprahub.com.br\/index.php?rest_route=\/wp\/v2\/types\/product"}],"replies":[{"embeddable":true,"href":"https:\/\/borderjogos.suprahub.com.br\/index.php?rest_route=%2Fwp%2Fv2%2Fcomments&post=15789"}],"version-history":[{"count":2,"href":"https:\/\/borderjogos.suprahub.com.br\/index.php?rest_route=\/wp\/v2\/product\/15789\/revisions"}],"predecessor-version":[{"id":15795,"href":"https:\/\/borderjogos.suprahub.com.br\/index.php?rest_route=\/wp\/v2\/product\/15789\/revisions\/15795"}],"wp:featuredmedia":[{"embeddable":true,"href":"https:\/\/borderjogos.suprahub.com.br\/index.php?rest_route=\/wp\/v2\/media\/15790"}],"wp:attachment":[{"href":"https:\/\/borderjogos.suprahub.com.br\/index.php?rest_route=%2Fwp%2Fv2%2Fmedia&parent=15789"}],"wp:term":[{"taxonomy":"product_cat","embeddable":true,"href":"https:\/\/borderjogos.suprahub.com.br\/index.php?rest_route=%2Fwp%2Fv2%2Fproduct_cat&post=15789"},{"taxonomy":"product_tag","embeddable":true,"href":"https:\/\/borderjogos.suprahub.com.br\/index.php?rest_route=%2Fwp%2Fv2%2Fproduct_tag&post=15789"}],"curies":[{"name":"wp","href":"https:\/\/api.w.org\/{rel}","templated":true}]}}