{"id":15796,"date":"2023-07-25T14:20:47","date_gmt":"2023-07-25T14:20:47","guid":{"rendered":"https:\/\/borderjogos.suprahub.com.br\/?post_type=product&#038;p=15796"},"modified":"2023-07-26T18:31:33","modified_gmt":"2023-07-26T18:31:33","slug":"terracotta-army","status":"publish","type":"product","link":"https:\/\/borderjogos.suprahub.com.br\/?product=terracotta-army","title":{"rendered":"Terracotta Army"},"content":{"rendered":"<p class=\"p1\">O imperador Qin Shi Huang faleceu. Para proteg\u00ea-lo na vida ap\u00f3s a morte, um grande ex\u00e9rcito na forma de est\u00e1tuas de guerreiros fi\u00e9is deve ser montado para ficar de guarda na tumba do imperador. Voc\u00ea estar\u00e1 entre os encarregados de construir este magn\u00edfico ex\u00e9rcito.<\/p>\n<p class=\"p1\">Em Terracotta Army, voc\u00ea representa talentosos artes\u00e3os e artistas trabalhando para construir o maravilhoso conjunto de est\u00e1tuas. Durante o jogo, voc\u00ea coleta recursos, aprimora seus trabalhadores e busca o favor dos conselheiros do imperador. Seu objetivo \u00e9 desempenhar um papel crucial no processo de cria\u00e7\u00e3o do ex\u00e9rcito de terracota, e seu sucesso \u00e9 medido em pontos de vit\u00f3ria (VPs). Durante o jogo, voc\u00ea e seus colegas jogadores constroem o ex\u00e9rcito juntos, mas ap\u00f3s o t\u00e9rmino da quinta rodada, apenas um de voc\u00eas &#8211; o que tiver mais pontos &#8211; ser\u00e1 o vencedor.<\/p>\n<p class=\"p3\"><b>Componentes<\/b>:<\/p>\n<p class=\"p3\">Manual<\/p>\n<p class=\"p3\">Tabuleiro<\/p>\n<p class=\"p3\">1 Disco de a\u00e7\u00e3o intermedi\u00e1rio<\/p>\n<p class=\"p3\">1 Disco de a\u00e7\u00e3o interno<\/p>\n<p class=\"p3\">Pino pl\u00e1stico<\/p>\n<p class=\"p3\">Guia de montagem<\/p>\n<p class=\"p3\">4 Fichas &#8220;+100PV\/+200PV&#8221;<\/p>\n<p class=\"p3\">12 Pe\u00e7as<span class=\"Apple-converted-space\">\u00a0 <\/span>de pontua\u00e7\u00e3o<\/p>\n<p class=\"p3\">Pe\u00f5es de inspetor<\/p>\n<p class=\"p3\">Marcador de rodada<\/p>\n<p class=\"p3\">5 Fichas de prioridade<\/p>\n<p class=\"p3\">90 Fichas de argila com dosi lados<\/p>\n<p class=\"p3\">90 moedas<\/p>\n<p class=\"p3\">11 Miniaturas de oficiais<\/p>\n<p class=\"p3\">11 Miniaturas de arbalistas<\/p>\n<p class=\"p3\">11 Miniaturas de guardas<\/p>\n<p class=\"p3\">11 Miniaturas de soldados<\/p>\n<p class=\"p3\">4 Miniaturas de Especialista &#8211; M\u00fasicos<\/p>\n<p class=\"p3\">4 Miniaturas de Especialista &#8211; Lacaios<\/p>\n<p class=\"p3\">4 Miniaturas de Especialista &#8211; Arqueiros ajoelhados<\/p>\n<p class=\"p3\">4 Miniaturas de Especialista &#8211; Cavalos<\/p>\n<p class=\"p3\">Organizador de guerreiros<\/p>\n<p class=\"p3\">16 Fichas de Armas (4 de cada um dos 4 tipos)<\/p>\n<p class=\"p3\">24 Fichas de mestre (6 em cada uma das 4 cores de jogador)<\/p>\n<p class=\"p3\">4 Marcadores de pontua\u00e7\u00e3o (1 em cada uma das 4 cores de jogador)<\/p>\n<p class=\"p3\">4 Marcadores de ordem de turno (1 em cada uma das 4 cores de jogador)<\/p>\n<p class=\"p3\">20 Meeples de aprendizes (5 em cada uma das 4 cores de jogador)<\/p>\n<p class=\"p3\">20 Meeples de artes\u00e3o (1 em cada uma das 4 cores de jogador)<\/p>\n<p class=\"p3\">60 Bases de Guerreiros (15 em cada uma das 4 cores de jogador)<\/p>\n","protected":false},"excerpt":{"rendered":"<p>O imperador Qin Shi Huang faleceu. Para proteg\u00ea-lo na vida ap\u00f3s a morte, um grande ex\u00e9rcito na forma de est\u00e1tuas de guerreiros fi\u00e9is deve ser montado para ficar de guarda na tumba do imperador. Voc\u00ea estar\u00e1 entre os encarregados de construir este magn\u00edfico ex\u00e9rcito.<\/p>\n","protected":false},"featured_media":15797,"comment_status":"open","ping_status":"closed","template":"","meta":[],"product_cat":[95,75,82,88,74,81],"product_tag":[],"class_list":{"0":"post-15796","1":"product","2":"type-product","3":"status-publish","4":"has-post-thumbnail","6":"product_cat-across-the-board","7":"product_cat-boardgames-tabuleiro","8":"product_cat-competitivos","9":"product_cat-editoras","10":"product_cat-jogos","11":"product_cat-jogos-expert","13":"first","14":"instock","15":"sale","16":"shipping-taxable","17":"purchasable","18":"product-type-simple"},"_links":{"self":[{"href":"https:\/\/borderjogos.suprahub.com.br\/index.php?rest_route=\/wp\/v2\/product\/15796","targetHints":{"allow":["GET"]}}],"collection":[{"href":"https:\/\/borderjogos.suprahub.com.br\/index.php?rest_route=\/wp\/v2\/product"}],"about":[{"href":"https:\/\/borderjogos.suprahub.com.br\/index.php?rest_route=\/wp\/v2\/types\/product"}],"replies":[{"embeddable":true,"href":"https:\/\/borderjogos.suprahub.com.br\/index.php?rest_route=%2Fwp%2Fv2%2Fcomments&post=15796"}],"version-history":[{"count":1,"href":"https:\/\/borderjogos.suprahub.com.br\/index.php?rest_route=\/wp\/v2\/product\/15796\/revisions"}],"predecessor-version":[{"id":15800,"href":"https:\/\/borderjogos.suprahub.com.br\/index.php?rest_route=\/wp\/v2\/product\/15796\/revisions\/15800"}],"wp:featuredmedia":[{"embeddable":true,"href":"https:\/\/borderjogos.suprahub.com.br\/index.php?rest_route=\/wp\/v2\/media\/15797"}],"wp:attachment":[{"href":"https:\/\/borderjogos.suprahub.com.br\/index.php?rest_route=%2Fwp%2Fv2%2Fmedia&parent=15796"}],"wp:term":[{"taxonomy":"product_cat","embeddable":true,"href":"https:\/\/borderjogos.suprahub.com.br\/index.php?rest_route=%2Fwp%2Fv2%2Fproduct_cat&post=15796"},{"taxonomy":"product_tag","embeddable":true,"href":"https:\/\/borderjogos.suprahub.com.br\/index.php?rest_route=%2Fwp%2Fv2%2Fproduct_tag&post=15796"}],"curies":[{"name":"wp","href":"https:\/\/api.w.org\/{rel}","templated":true}]}}