{"id":15822,"date":"2023-07-25T17:06:43","date_gmt":"2023-07-25T17:06:43","guid":{"rendered":"https:\/\/borderjogos.suprahub.com.br\/?post_type=product&#038;p=15822"},"modified":"2023-07-26T15:44:08","modified_gmt":"2023-07-26T15:44:08","slug":"dany","status":"publish","type":"product","link":"https:\/\/borderjogos.suprahub.com.br\/?product=dany","title":{"rendered":"Dany"},"content":{"rendered":"<p class=\"p1\"><b>Idade: <\/b>16+<\/p>\n<p class=\"p1\"><b>Tempo: <\/b>30 min<\/p>\n<p class=\"p1\"><b>Jogadores: <\/b>3 a 8<\/p>\n<p class=\"p1\"><b>Idioma: <\/b>Portugu\u00eas<\/p>\n<p class=\"p3\">Cada jogador personifica uma personalidade na cabe\u00e7a da DANY e um jogador secretamente ser\u00e1 a verdadeira personalidade da DANY. A cada turno, a Personalidade Ativa receber\u00e1 uma das cinco Id\u00e9ias que ele \/ ela ter\u00e1 que fazer com que as outras personalidades adivinhem usando cart\u00f5es de Mem\u00f3ria (cart\u00f5es ilustrados). Depois que a composi\u00e7\u00e3o das cartas \u00e9 feita, e ap\u00f3s alguma discuss\u00e3o entre os jogadores, a que est\u00e1 \u00e0 direita da Personalidade Ativa d\u00e1 a resposta de sua escolha e o sucesso ou fracasso \u00e9 dado a todos os jogadores. Uma nova rodada come\u00e7a com uma nova Personalidade Ativa.<\/p>\n<p class=\"p3\">O jogo termina se houver:<\/p>\n<p class=\"p3\">&#8211; 6 sucessos: personalidades secund\u00e1rias vencem,<\/p>\n<p class=\"p3\">&#8211; 3 falhas ou se a pilha de compra da Mem\u00f3ria estiver vazia: a Reviravolta Final ocorre. Os jogadores devem eliminar DANY em uma vota\u00e7\u00e3o. Se DANY for eliminado, as personalidades secund\u00e1rias vencem, caso contr\u00e1rio, DANY vence e finalmente consegue viver com alguma tranquilidade.<\/p>\n<p class=\"p5\"><b>Componentes:<span class=\"Apple-converted-space\">\u00a0<\/span><\/b><\/p>\n<ul class=\"ul1\">\n<li class=\"li6\">110 cartas.<span class=\"Apple-converted-space\">\u00a0<\/span><\/li>\n<li class=\"li7\">Manual de regras<\/li>\n<\/ul>\n","protected":false},"excerpt":{"rendered":"<p>Cada jogador personifica uma personalidade na cabe\u00e7a da DANY e um jogador secretamente ser\u00e1 a verdadeira personalidade da DANY.<\/p>\n","protected":false},"featured_media":15824,"comment_status":"open","ping_status":"closed","template":"","meta":[],"product_cat":[90,76,82,88,74,77],"product_tag":[],"class_list":{"0":"post-15822","1":"product","2":"type-product","3":"status-publish","4":"has-post-thumbnail","6":"product_cat-buro","7":"product_cat-card-games-cartas","8":"product_cat-competitivos","9":"product_cat-editoras","10":"product_cat-jogos","11":"product_cat-party-games","13":"first","14":"instock","15":"sale","16":"shipping-taxable","17":"purchasable","18":"product-type-simple"},"_links":{"self":[{"href":"https:\/\/borderjogos.suprahub.com.br\/index.php?rest_route=\/wp\/v2\/product\/15822","targetHints":{"allow":["GET"]}}],"collection":[{"href":"https:\/\/borderjogos.suprahub.com.br\/index.php?rest_route=\/wp\/v2\/product"}],"about":[{"href":"https:\/\/borderjogos.suprahub.com.br\/index.php?rest_route=\/wp\/v2\/types\/product"}],"replies":[{"embeddable":true,"href":"https:\/\/borderjogos.suprahub.com.br\/index.php?rest_route=%2Fwp%2Fv2%2Fcomments&post=15822"}],"version-history":[{"count":1,"href":"https:\/\/borderjogos.suprahub.com.br\/index.php?rest_route=\/wp\/v2\/product\/15822\/revisions"}],"predecessor-version":[{"id":15825,"href":"https:\/\/borderjogos.suprahub.com.br\/index.php?rest_route=\/wp\/v2\/product\/15822\/revisions\/15825"}],"wp:featuredmedia":[{"embeddable":true,"href":"https:\/\/borderjogos.suprahub.com.br\/index.php?rest_route=\/wp\/v2\/media\/15824"}],"wp:attachment":[{"href":"https:\/\/borderjogos.suprahub.com.br\/index.php?rest_route=%2Fwp%2Fv2%2Fmedia&parent=15822"}],"wp:term":[{"taxonomy":"product_cat","embeddable":true,"href":"https:\/\/borderjogos.suprahub.com.br\/index.php?rest_route=%2Fwp%2Fv2%2Fproduct_cat&post=15822"},{"taxonomy":"product_tag","embeddable":true,"href":"https:\/\/borderjogos.suprahub.com.br\/index.php?rest_route=%2Fwp%2Fv2%2Fproduct_tag&post=15822"}],"curies":[{"name":"wp","href":"https:\/\/api.w.org\/{rel}","templated":true}]}}