{"id":15826,"date":"2023-07-25T17:10:18","date_gmt":"2023-07-25T17:10:18","guid":{"rendered":"https:\/\/borderjogos.suprahub.com.br\/?post_type=product&#038;p=15826"},"modified":"2023-07-26T15:45:09","modified_gmt":"2023-07-26T15:45:09","slug":"decisoes-de-merda","status":"publish","type":"product","link":"https:\/\/borderjogos.suprahub.com.br\/?product=decisoes-de-merda","title":{"rendered":"Decis\u00f5es de Merda"},"content":{"rendered":"<p class=\"p1\"><b>Idade: <\/b>18+<\/p>\n<p class=\"p1\"><b>Tempo: <\/b>40 min<\/p>\n<p class=\"p1\"><b>Jogadores: <\/b>5 a 30<\/p>\n<p class=\"p1\"><b>Idioma: <\/b>Portugu\u00eas<\/p>\n<p class=\"p2\"><b>Voc\u00ea e seus amigos s\u00f3 tomam decis\u00f5es de merda&#8230; Ent\u00e3o como n\u00e3o comprar este jogo?<\/b><\/p>\n<p class=\"p2\">No in\u00edcio do turno, compre uma carta e leia-a em voz alta: todos votam e tomam uma decis\u00e3o. Os votos s\u00e3o contados. E \u00e9 a\u00ed que voc\u00ea vai descobrir o que pensam esses amigos com quem voc\u00ea est\u00e1 jogando.<\/p>\n<p class=\"p2\">Talvez voc\u00ea brigue, talvez fique decepcionado, talvez voc\u00ea confirme como eles s\u00e3o uns merdas&#8230; mas isso tem cara de problema seu. Afinal, s\u00e3o seus amigos.<\/p>\n<p class=\"p5\"><b>Componentes:<span class=\"Apple-converted-space\">\u00a0<\/span><\/b><\/p>\n<ul class=\"ul1\">\n<li class=\"li6\">112 cartas.<span class=\"Apple-converted-space\">\u00a0<\/span><\/li>\n<li class=\"li7\">Manual de regras<\/li>\n<\/ul>\n","protected":false},"excerpt":{"rendered":"<p><b>Voc\u00ea e seus amigos s\u00f3 tomam decis\u00f5es de merda&#8230; Ent\u00e3o como n\u00e3o comprar este jogo?<\/b><\/p>\n","protected":false},"featured_media":15828,"comment_status":"open","ping_status":"closed","template":"","meta":[],"product_cat":[86,90,76,83,74,77],"product_tag":[],"class_list":{"0":"post-15826","1":"product","2":"type-product","3":"status-publish","4":"has-post-thumbnail","6":"product_cat-86","7":"product_cat-buro","8":"product_cat-card-games-cartas","9":"product_cat-cooperativos","10":"product_cat-jogos","11":"product_cat-party-games","13":"first","14":"instock","15":"sale","16":"shipping-taxable","17":"purchasable","18":"product-type-simple"},"_links":{"self":[{"href":"https:\/\/borderjogos.suprahub.com.br\/index.php?rest_route=\/wp\/v2\/product\/15826","targetHints":{"allow":["GET"]}}],"collection":[{"href":"https:\/\/borderjogos.suprahub.com.br\/index.php?rest_route=\/wp\/v2\/product"}],"about":[{"href":"https:\/\/borderjogos.suprahub.com.br\/index.php?rest_route=\/wp\/v2\/types\/product"}],"replies":[{"embeddable":true,"href":"https:\/\/borderjogos.suprahub.com.br\/index.php?rest_route=%2Fwp%2Fv2%2Fcomments&post=15826"}],"version-history":[{"count":1,"href":"https:\/\/borderjogos.suprahub.com.br\/index.php?rest_route=\/wp\/v2\/product\/15826\/revisions"}],"predecessor-version":[{"id":15829,"href":"https:\/\/borderjogos.suprahub.com.br\/index.php?rest_route=\/wp\/v2\/product\/15826\/revisions\/15829"}],"wp:featuredmedia":[{"embeddable":true,"href":"https:\/\/borderjogos.suprahub.com.br\/index.php?rest_route=\/wp\/v2\/media\/15828"}],"wp:attachment":[{"href":"https:\/\/borderjogos.suprahub.com.br\/index.php?rest_route=%2Fwp%2Fv2%2Fmedia&parent=15826"}],"wp:term":[{"taxonomy":"product_cat","embeddable":true,"href":"https:\/\/borderjogos.suprahub.com.br\/index.php?rest_route=%2Fwp%2Fv2%2Fproduct_cat&post=15826"},{"taxonomy":"product_tag","embeddable":true,"href":"https:\/\/borderjogos.suprahub.com.br\/index.php?rest_route=%2Fwp%2Fv2%2Fproduct_tag&post=15826"}],"curies":[{"name":"wp","href":"https:\/\/api.w.org\/{rel}","templated":true}]}}