{"id":15836,"date":"2023-07-25T17:24:45","date_gmt":"2023-07-25T17:24:45","guid":{"rendered":"https:\/\/borderjogos.suprahub.com.br\/?post_type=product&#038;p=15836"},"modified":"2023-07-26T15:46:45","modified_gmt":"2023-07-26T15:46:45","slug":"fdp-foi-de-proposito","status":"publish","type":"product","link":"https:\/\/borderjogos.suprahub.com.br\/?product=fdp-foi-de-proposito","title":{"rendered":"FDP &#8211; FOI DE PROP\u00d3SITO"},"content":{"rendered":"<p class=\"p1\"><b>Idade: <\/b>18+<\/p>\n<p class=\"p1\"><b>Tempo: <\/b>60 min<\/p>\n<p class=\"p1\"><b>Jogadores: <\/b>4 a 12<\/p>\n<p class=\"p1\"><b>Idioma: <\/b>Portugu\u00eas<\/p>\n<p class=\"p2\">Responda a pergunta da carta preta com uma de suas cartas brancas. Simples assim! Voc\u00ea pode ser zoeiro, caotiqueiro, sutil, ir\u00f4nico, meter o louco ou o que achar melhor. A gente n\u00e3o se importa, o importante \u00e9 ser engra\u00e7ado!<\/p>\n<p class=\"p2\">Se este tipo de humor te incomoda ou n\u00e3o te faz bem, ent\u00e3o fa\u00e7a text\u00e3o no facebook, xingue muito no twitter e d\u00ea um esc\u00e2ndalo*. Mas depois compre o jogo, n\u00e3o seja um vacil\u00e3o!<\/p>\n<p class=\"p3\">*A Bur\u00f3 n\u00e3o se responsabiliza pelo estado mental e nem pelas a\u00e7\u00f5es cometidaspelos individuos qu en\u00e3o sabem interpretar a inten\u00e7\u00e3o dos textos nesta caixa (que obviamente \u00e9 vender mais jogos)<\/p>\n<p class=\"p2\"><b>Componentes:<\/b><\/p>\n<ul class=\"ul1\">\n<li class=\"li5\">442 cartas<\/li>\n<li class=\"li6\">1 manual<\/li>\n<\/ul>\n","protected":false},"excerpt":{"rendered":"<p>Responda a pergunta da carta preta com uma de suas cartas brancas. Simples assim! Voc\u00ea pode ser zoeiro, caotiqueiro, sutil, ir\u00f4nico, meter o louco ou o que achar melhor. A gente n\u00e3o se importa, o importante \u00e9 ser engra\u00e7ado!<\/p>\n","protected":false},"featured_media":15838,"comment_status":"open","ping_status":"closed","template":"","meta":[],"product_cat":[86,90,76,82,83,88,74,77],"product_tag":[],"class_list":{"0":"post-15836","1":"product","2":"type-product","3":"status-publish","4":"has-post-thumbnail","6":"product_cat-86","7":"product_cat-buro","8":"product_cat-card-games-cartas","9":"product_cat-competitivos","10":"product_cat-cooperativos","11":"product_cat-editoras","12":"product_cat-jogos","13":"product_cat-party-games","15":"first","16":"instock","17":"sale","18":"shipping-taxable","19":"purchasable","20":"product-type-simple"},"_links":{"self":[{"href":"https:\/\/borderjogos.suprahub.com.br\/index.php?rest_route=\/wp\/v2\/product\/15836","targetHints":{"allow":["GET"]}}],"collection":[{"href":"https:\/\/borderjogos.suprahub.com.br\/index.php?rest_route=\/wp\/v2\/product"}],"about":[{"href":"https:\/\/borderjogos.suprahub.com.br\/index.php?rest_route=\/wp\/v2\/types\/product"}],"replies":[{"embeddable":true,"href":"https:\/\/borderjogos.suprahub.com.br\/index.php?rest_route=%2Fwp%2Fv2%2Fcomments&post=15836"}],"version-history":[{"count":1,"href":"https:\/\/borderjogos.suprahub.com.br\/index.php?rest_route=\/wp\/v2\/product\/15836\/revisions"}],"predecessor-version":[{"id":15839,"href":"https:\/\/borderjogos.suprahub.com.br\/index.php?rest_route=\/wp\/v2\/product\/15836\/revisions\/15839"}],"wp:featuredmedia":[{"embeddable":true,"href":"https:\/\/borderjogos.suprahub.com.br\/index.php?rest_route=\/wp\/v2\/media\/15838"}],"wp:attachment":[{"href":"https:\/\/borderjogos.suprahub.com.br\/index.php?rest_route=%2Fwp%2Fv2%2Fmedia&parent=15836"}],"wp:term":[{"taxonomy":"product_cat","embeddable":true,"href":"https:\/\/borderjogos.suprahub.com.br\/index.php?rest_route=%2Fwp%2Fv2%2Fproduct_cat&post=15836"},{"taxonomy":"product_tag","embeddable":true,"href":"https:\/\/borderjogos.suprahub.com.br\/index.php?rest_route=%2Fwp%2Fv2%2Fproduct_tag&post=15836"}],"curies":[{"name":"wp","href":"https:\/\/api.w.org\/{rel}","templated":true}]}}