{"id":15840,"date":"2023-07-25T17:29:52","date_gmt":"2023-07-25T17:29:52","guid":{"rendered":"https:\/\/borderjogos.suprahub.com.br\/?post_type=product&#038;p=15840"},"modified":"2023-07-26T15:47:22","modified_gmt":"2023-07-26T15:47:22","slug":"fdp-foi-de-proposito-2-expansao","status":"publish","type":"product","link":"https:\/\/borderjogos.suprahub.com.br\/?product=fdp-foi-de-proposito-2-expansao","title":{"rendered":"FDP &#8211; FOI DE PROP\u00d3SITO 2 (Expans\u00e3o)"},"content":{"rendered":"<p class=\"p1\"><b>Idade: <\/b>18+<\/p>\n<p class=\"p1\"><b>Tempo: <\/b>60 min<\/p>\n<p class=\"p1\"><b>Jogadores: <\/b>4 a 12<\/p>\n<p class=\"p1\"><b>Idioma: <\/b>Portugu\u00eas<\/p>\n<p class=\"p2\">Expans\u00e3o com 50 novas cartas para o conjunto b\u00e1sico de FDP. S\u00e3o 40 novas cartas brancas com respostas e 10 novas cartas pretas com perguntas que podem (e devem) ser misturadas com as cartas do conjunto b\u00e1sico de FDP.<span class=\"Apple-converted-space\">\u00a0<\/span><\/p>\n<p class=\"p2\"><b>Este produto \u00e9 uma expans\u00e3o<\/b>. Voc\u00ea precisar\u00e1 da <span class=\"s1\">caixa completa de FDP<\/span> para usar a expans\u00e3o FDP 2.<\/p>\n<p class=\"p3\"><b>Componentes:<\/b><\/p>\n<ul class=\"ul1\">\n<li class=\"li4\">50 cartas<\/li>\n<\/ul>\n","protected":false},"excerpt":{"rendered":"<p>Expans\u00e3o com 50 novas cartas para o conjunto b\u00e1sico de FDP. S\u00e3o 40 novas cartas brancas com respostas e 10 novas cartas pretas com perguntas que podem (e devem) ser misturadas com as cartas do conjunto b\u00e1sico de FDP.<\/p>\n","protected":false},"featured_media":15841,"comment_status":"open","ping_status":"closed","template":"","meta":[],"product_cat":[86,90,76,82,83,74,77],"product_tag":[],"class_list":{"0":"post-15840","1":"product","2":"type-product","3":"status-publish","4":"has-post-thumbnail","6":"product_cat-86","7":"product_cat-buro","8":"product_cat-card-games-cartas","9":"product_cat-competitivos","10":"product_cat-cooperativos","11":"product_cat-jogos","12":"product_cat-party-games","14":"first","15":"instock","16":"sale","17":"shipping-taxable","18":"purchasable","19":"product-type-simple"},"_links":{"self":[{"href":"https:\/\/borderjogos.suprahub.com.br\/index.php?rest_route=\/wp\/v2\/product\/15840","targetHints":{"allow":["GET"]}}],"collection":[{"href":"https:\/\/borderjogos.suprahub.com.br\/index.php?rest_route=\/wp\/v2\/product"}],"about":[{"href":"https:\/\/borderjogos.suprahub.com.br\/index.php?rest_route=\/wp\/v2\/types\/product"}],"replies":[{"embeddable":true,"href":"https:\/\/borderjogos.suprahub.com.br\/index.php?rest_route=%2Fwp%2Fv2%2Fcomments&post=15840"}],"version-history":[{"count":1,"href":"https:\/\/borderjogos.suprahub.com.br\/index.php?rest_route=\/wp\/v2\/product\/15840\/revisions"}],"predecessor-version":[{"id":15842,"href":"https:\/\/borderjogos.suprahub.com.br\/index.php?rest_route=\/wp\/v2\/product\/15840\/revisions\/15842"}],"wp:featuredmedia":[{"embeddable":true,"href":"https:\/\/borderjogos.suprahub.com.br\/index.php?rest_route=\/wp\/v2\/media\/15841"}],"wp:attachment":[{"href":"https:\/\/borderjogos.suprahub.com.br\/index.php?rest_route=%2Fwp%2Fv2%2Fmedia&parent=15840"}],"wp:term":[{"taxonomy":"product_cat","embeddable":true,"href":"https:\/\/borderjogos.suprahub.com.br\/index.php?rest_route=%2Fwp%2Fv2%2Fproduct_cat&post=15840"},{"taxonomy":"product_tag","embeddable":true,"href":"https:\/\/borderjogos.suprahub.com.br\/index.php?rest_route=%2Fwp%2Fv2%2Fproduct_tag&post=15840"}],"curies":[{"name":"wp","href":"https:\/\/api.w.org\/{rel}","templated":true}]}}