{"id":15851,"date":"2023-07-25T17:43:25","date_gmt":"2023-07-25T17:43:25","guid":{"rendered":"https:\/\/borderjogos.suprahub.com.br\/?post_type=product&#038;p=15851"},"modified":"2023-07-26T15:48:12","modified_gmt":"2023-07-26T15:48:12","slug":"fdp-foi-de-proposito-5-expansao","status":"publish","type":"product","link":"https:\/\/borderjogos.suprahub.com.br\/?product=fdp-foi-de-proposito-5-expansao","title":{"rendered":"FDP &#8211; FOI DE PROP\u00d3SITO 5 (Expans\u00e3o)"},"content":{"rendered":"<p class=\"p1\"><b>Idade: <\/b>18+<\/p>\n<p class=\"p1\"><b>Tempo: <\/b>60 min<\/p>\n<p class=\"p1\"><b>Jogadores: <\/b>4 a 12<\/p>\n<p class=\"p1\"><b>Idioma: <\/b>Portugu\u00eas<\/p>\n<p class=\"p2\">Expans\u00e3o com 50 novas cartas para o conjunto b\u00e1sico de FDP. S\u00e3o 40 novas cartas brancas com respostas e 10 novas cartas pretas com perguntas que podem (e devem) ser misturadas com as cartas do conjunto b\u00e1sico de FDP.<span class=\"Apple-converted-space\">\u00a0<\/span><\/p>\n<p class=\"p2\"><b>Este produto \u00e9 uma expans\u00e3o.<\/b> Voc\u00ea precisar\u00e1 da <span class=\"s1\">caixa completa de FDP<\/span> para usar a expans\u00e3o FDP 5.<\/p>\n<p class=\"p4\"><b>Componentes:<\/b><\/p>\n<ul class=\"ul1\">\n<li class=\"li5\">50 cartas<\/li>\n<\/ul>\n","protected":false},"excerpt":{"rendered":"<p>Expans\u00e3o com 50 novas cartas para o conjunto b\u00e1sico de FDP. S\u00e3o 40 novas cartas brancas com respostas e 10 novas cartas pretas com perguntas que podem (e devem) ser misturadas com as cartas do conjunto b\u00e1sico de FDP.<\/p>\n","protected":false},"featured_media":15852,"comment_status":"open","ping_status":"closed","template":"","meta":[],"product_cat":[86,90,76,82,83,88,74,77],"product_tag":[],"class_list":{"0":"post-15851","1":"product","2":"type-product","3":"status-publish","4":"has-post-thumbnail","6":"product_cat-86","7":"product_cat-buro","8":"product_cat-card-games-cartas","9":"product_cat-competitivos","10":"product_cat-cooperativos","11":"product_cat-editoras","12":"product_cat-jogos","13":"product_cat-party-games","15":"first","16":"instock","17":"sale","18":"shipping-taxable","19":"purchasable","20":"product-type-simple"},"_links":{"self":[{"href":"https:\/\/borderjogos.suprahub.com.br\/index.php?rest_route=\/wp\/v2\/product\/15851","targetHints":{"allow":["GET"]}}],"collection":[{"href":"https:\/\/borderjogos.suprahub.com.br\/index.php?rest_route=\/wp\/v2\/product"}],"about":[{"href":"https:\/\/borderjogos.suprahub.com.br\/index.php?rest_route=\/wp\/v2\/types\/product"}],"replies":[{"embeddable":true,"href":"https:\/\/borderjogos.suprahub.com.br\/index.php?rest_route=%2Fwp%2Fv2%2Fcomments&post=15851"}],"version-history":[{"count":1,"href":"https:\/\/borderjogos.suprahub.com.br\/index.php?rest_route=\/wp\/v2\/product\/15851\/revisions"}],"predecessor-version":[{"id":15853,"href":"https:\/\/borderjogos.suprahub.com.br\/index.php?rest_route=\/wp\/v2\/product\/15851\/revisions\/15853"}],"wp:featuredmedia":[{"embeddable":true,"href":"https:\/\/borderjogos.suprahub.com.br\/index.php?rest_route=\/wp\/v2\/media\/15852"}],"wp:attachment":[{"href":"https:\/\/borderjogos.suprahub.com.br\/index.php?rest_route=%2Fwp%2Fv2%2Fmedia&parent=15851"}],"wp:term":[{"taxonomy":"product_cat","embeddable":true,"href":"https:\/\/borderjogos.suprahub.com.br\/index.php?rest_route=%2Fwp%2Fv2%2Fproduct_cat&post=15851"},{"taxonomy":"product_tag","embeddable":true,"href":"https:\/\/borderjogos.suprahub.com.br\/index.php?rest_route=%2Fwp%2Fv2%2Fproduct_tag&post=15851"}],"curies":[{"name":"wp","href":"https:\/\/api.w.org\/{rel}","templated":true}]}}