{"id":15861,"date":"2023-07-25T17:58:49","date_gmt":"2023-07-25T17:58:49","guid":{"rendered":"https:\/\/borderjogos.suprahub.com.br\/?post_type=product&#038;p=15861"},"modified":"2023-07-26T15:50:24","modified_gmt":"2023-07-26T15:50:24","slug":"nos-nao-testamos-este-troco-cinetico","status":"publish","type":"product","link":"https:\/\/borderjogos.suprahub.com.br\/?product=nos-nao-testamos-este-troco-cinetico","title":{"rendered":"N\u00d3S N\u00c3O TESTAMOS ESTE TRO\u00c7O: Cin\u00e9tico"},"content":{"rendered":"<p class=\"p1\"><b>Idade: <\/b>12+<\/p>\n<p class=\"p1\"><b>Tempo: <\/b>10 min<\/p>\n<p class=\"p1\"><b>Jogadores: <\/b>2 a 10<\/p>\n<p class=\"p1\"><b>Idioma: <\/b>Portugu\u00eas<\/p>\n<p class=\"p3\">Dan\u00e7ar, balan\u00e7ar os bra\u00e7os, bater palminhas, ficar quieto e vencer Batalhas de Ded\u00e3o s\u00e3o apenas algumas das coisas que voc\u00ea vai precisar fazer para vencer.<\/p>\n<p class=\"p3\">Mais cartas (100!), mais caos, mais azar, mas desta vez em uma caixa verde. Uma expans\u00e3o (ou n\u00e3o) do ca\u00f3tico <b>N\u00f3s N\u00e3o Testamos Este Tro\u00e7o, <\/b>ou seja, voc\u00ea pode jogar s\u00f3 com estas cartas ou misturar com o jogo base, a caixinha branca, para jogar normalmente como se tudo fosse um jogo s\u00f3!<\/p>\n<p class=\"p3\"><b>Componentes:<span class=\"Apple-converted-space\">\u00a0<\/span><\/b><\/p>\n<ul class=\"ul1\">\n<li class=\"li4\">100 cartas.<span class=\"Apple-converted-space\">\u00a0<\/span><\/li>\n<li class=\"li5\">Manual de regras<\/li>\n<\/ul>\n","protected":false},"excerpt":{"rendered":"<p>Dan\u00e7ar, balan\u00e7ar os bra\u00e7os, bater palminhas, ficar quieto e vencer Batalhas de Ded\u00e3o s\u00e3o apenas algumas das coisas que voc\u00ea vai precisar fazer para vencer.<\/p>\n","protected":false},"featured_media":15862,"comment_status":"open","ping_status":"closed","template":"","meta":[],"product_cat":[86,90,76,82,83,88,74,77],"product_tag":[],"class_list":{"0":"post-15861","1":"product","2":"type-product","3":"status-publish","4":"has-post-thumbnail","6":"product_cat-86","7":"product_cat-buro","8":"product_cat-card-games-cartas","9":"product_cat-competitivos","10":"product_cat-cooperativos","11":"product_cat-editoras","12":"product_cat-jogos","13":"product_cat-party-games","15":"first","16":"instock","17":"sale","18":"shipping-taxable","19":"purchasable","20":"product-type-simple"},"_links":{"self":[{"href":"https:\/\/borderjogos.suprahub.com.br\/index.php?rest_route=\/wp\/v2\/product\/15861","targetHints":{"allow":["GET"]}}],"collection":[{"href":"https:\/\/borderjogos.suprahub.com.br\/index.php?rest_route=\/wp\/v2\/product"}],"about":[{"href":"https:\/\/borderjogos.suprahub.com.br\/index.php?rest_route=\/wp\/v2\/types\/product"}],"replies":[{"embeddable":true,"href":"https:\/\/borderjogos.suprahub.com.br\/index.php?rest_route=%2Fwp%2Fv2%2Fcomments&post=15861"}],"version-history":[{"count":1,"href":"https:\/\/borderjogos.suprahub.com.br\/index.php?rest_route=\/wp\/v2\/product\/15861\/revisions"}],"predecessor-version":[{"id":15863,"href":"https:\/\/borderjogos.suprahub.com.br\/index.php?rest_route=\/wp\/v2\/product\/15861\/revisions\/15863"}],"wp:featuredmedia":[{"embeddable":true,"href":"https:\/\/borderjogos.suprahub.com.br\/index.php?rest_route=\/wp\/v2\/media\/15862"}],"wp:attachment":[{"href":"https:\/\/borderjogos.suprahub.com.br\/index.php?rest_route=%2Fwp%2Fv2%2Fmedia&parent=15861"}],"wp:term":[{"taxonomy":"product_cat","embeddable":true,"href":"https:\/\/borderjogos.suprahub.com.br\/index.php?rest_route=%2Fwp%2Fv2%2Fproduct_cat&post=15861"},{"taxonomy":"product_tag","embeddable":true,"href":"https:\/\/borderjogos.suprahub.com.br\/index.php?rest_route=%2Fwp%2Fv2%2Fproduct_tag&post=15861"}],"curies":[{"name":"wp","href":"https:\/\/api.w.org\/{rel}","templated":true}]}}