{"id":15864,"date":"2023-07-25T18:01:36","date_gmt":"2023-07-25T18:01:36","guid":{"rendered":"https:\/\/borderjogos.suprahub.com.br\/?post_type=product&#038;p=15864"},"modified":"2023-07-26T15:50:44","modified_gmt":"2023-07-26T15:50:44","slug":"nos-nao-testamos-este-troco-picante","status":"publish","type":"product","link":"https:\/\/borderjogos.suprahub.com.br\/?product=nos-nao-testamos-este-troco-picante","title":{"rendered":"N\u00d3S N\u00c3O TESTAMOS ESTE TRO\u00c7O: Picante"},"content":{"rendered":"<p class=\"p1\"><b>Idade: <\/b>18+<\/p>\n<p class=\"p1\"><b>Tempo: <\/b>10 min<\/p>\n<p class=\"p1\"><b>Jogadores: <\/b>2 a 10<\/p>\n<p class=\"p1\"><b>Idioma: <\/b>Portugu\u00eas<\/p>\n<p class=\"p3\">A expans\u00e3o do &#8220;Se combinar direitinho todo mundo transa&#8221;!<\/p>\n<p class=\"p3\">Adicione um tempero picante ao jogo mais ca\u00f3tico de todos.<\/p>\n<p class=\"p3\">Em N\u00f3s N\u00e3o Testamos Este Tro\u00e7o: Picante, voc\u00ea n\u00e3o \u00e9 obrigado a fazer o que n\u00e3o quiser, mas veja bem: quanto mais no &#8220;clima&#8221; estiver, maior ser\u00e1 a sua chance de ganhar.<\/p>\n<p class=\"p5\"><b>Componentes:<span class=\"Apple-converted-space\">\u00a0<\/span><\/b><\/p>\n<ul class=\"ul1\">\n<li class=\"li6\">69 cartas.<span class=\"Apple-converted-space\">\u00a0<\/span><\/li>\n<li class=\"li6\">1 dado<\/li>\n<li class=\"li7\">Manual de regras<\/li>\n<\/ul>\n","protected":false},"excerpt":{"rendered":"<p class=\"p3\">A expans\u00e3o do &#8220;Se combinar direitinho todo mundo transa&#8221;!<\/p>\n<p class=\"p3\">Adicione um tempero picante ao jogo mais ca\u00f3tico de todos.<\/p>\n","protected":false},"featured_media":15865,"comment_status":"open","ping_status":"closed","template":"","meta":[],"product_cat":[86,90,76,82,83,88,74,77],"product_tag":[],"class_list":{"0":"post-15864","1":"product","2":"type-product","3":"status-publish","4":"has-post-thumbnail","6":"product_cat-86","7":"product_cat-buro","8":"product_cat-card-games-cartas","9":"product_cat-competitivos","10":"product_cat-cooperativos","11":"product_cat-editoras","12":"product_cat-jogos","13":"product_cat-party-games","15":"first","16":"instock","17":"sale","18":"shipping-taxable","19":"purchasable","20":"product-type-simple"},"_links":{"self":[{"href":"https:\/\/borderjogos.suprahub.com.br\/index.php?rest_route=\/wp\/v2\/product\/15864","targetHints":{"allow":["GET"]}}],"collection":[{"href":"https:\/\/borderjogos.suprahub.com.br\/index.php?rest_route=\/wp\/v2\/product"}],"about":[{"href":"https:\/\/borderjogos.suprahub.com.br\/index.php?rest_route=\/wp\/v2\/types\/product"}],"replies":[{"embeddable":true,"href":"https:\/\/borderjogos.suprahub.com.br\/index.php?rest_route=%2Fwp%2Fv2%2Fcomments&post=15864"}],"version-history":[{"count":1,"href":"https:\/\/borderjogos.suprahub.com.br\/index.php?rest_route=\/wp\/v2\/product\/15864\/revisions"}],"predecessor-version":[{"id":15866,"href":"https:\/\/borderjogos.suprahub.com.br\/index.php?rest_route=\/wp\/v2\/product\/15864\/revisions\/15866"}],"wp:featuredmedia":[{"embeddable":true,"href":"https:\/\/borderjogos.suprahub.com.br\/index.php?rest_route=\/wp\/v2\/media\/15865"}],"wp:attachment":[{"href":"https:\/\/borderjogos.suprahub.com.br\/index.php?rest_route=%2Fwp%2Fv2%2Fmedia&parent=15864"}],"wp:term":[{"taxonomy":"product_cat","embeddable":true,"href":"https:\/\/borderjogos.suprahub.com.br\/index.php?rest_route=%2Fwp%2Fv2%2Fproduct_cat&post=15864"},{"taxonomy":"product_tag","embeddable":true,"href":"https:\/\/borderjogos.suprahub.com.br\/index.php?rest_route=%2Fwp%2Fv2%2Fproduct_tag&post=15864"}],"curies":[{"name":"wp","href":"https:\/\/api.w.org\/{rel}","templated":true}]}}