{"id":15867,"date":"2023-07-25T18:06:20","date_gmt":"2023-07-25T18:06:20","guid":{"rendered":"https:\/\/borderjogos.suprahub.com.br\/?post_type=product&#038;p=15867"},"modified":"2023-07-26T15:51:27","modified_gmt":"2023-07-26T15:51:27","slug":"say-my-name","status":"publish","type":"product","link":"https:\/\/borderjogos.suprahub.com.br\/?product=say-my-name","title":{"rendered":"Say My Name"},"content":{"rendered":"<p class=\"p1\"><b>Idade: <\/b>8+<\/p>\n<p class=\"p1\"><b>Tempo: <\/b>90 min<\/p>\n<p class=\"p1\"><b>Jogadores: <\/b>4 a 12<\/p>\n<p class=\"p1\"><b>Idioma: <\/b>Portugu\u00eas<\/p>\n<p class=\"p2\">Say my Name \u00e9 ideal para quem sempre quis jogar todos aqueles jogos da inf\u00e2ncia\u2026 ao mesmo tempo!<\/p>\n<p class=\"p2\">Say my Name mescla jogos como M\u00edmica, Qual o meu nome?, Quem sou eu?, Charada, criando uma competi\u00e7\u00e3o de equipes divertida e delirante, na qual vence a mais r\u00e1pida em adivinhar entre os mais de 700 filmes, livros, s\u00e9ries, lugares, personagens e outras coisas.<\/p>\n<p class=\"p2\">Falar, atuar, cantar e \u00e0s vezes at\u00e9 pensar\u2026 Mas n\u00e3o pense demais, porque s\u00f3 o mais r\u00e1pido vai ter a chance de vencer!<\/p>\n","protected":false},"excerpt":{"rendered":"<p>Say my Name \u00e9 ideal para quem sempre quis jogar todos aqueles jogos da inf\u00e2ncia\u2026 ao mesmo tempo!<\/p>\n","protected":false},"featured_media":15869,"comment_status":"open","ping_status":"closed","template":"","meta":[],"product_cat":[90,76,82,88,74,77],"product_tag":[],"class_list":{"0":"post-15867","1":"product","2":"type-product","3":"status-publish","4":"has-post-thumbnail","6":"product_cat-buro","7":"product_cat-card-games-cartas","8":"product_cat-competitivos","9":"product_cat-editoras","10":"product_cat-jogos","11":"product_cat-party-games","13":"first","14":"instock","15":"sale","16":"shipping-taxable","17":"purchasable","18":"product-type-simple"},"_links":{"self":[{"href":"https:\/\/borderjogos.suprahub.com.br\/index.php?rest_route=\/wp\/v2\/product\/15867","targetHints":{"allow":["GET"]}}],"collection":[{"href":"https:\/\/borderjogos.suprahub.com.br\/index.php?rest_route=\/wp\/v2\/product"}],"about":[{"href":"https:\/\/borderjogos.suprahub.com.br\/index.php?rest_route=\/wp\/v2\/types\/product"}],"replies":[{"embeddable":true,"href":"https:\/\/borderjogos.suprahub.com.br\/index.php?rest_route=%2Fwp%2Fv2%2Fcomments&post=15867"}],"version-history":[{"count":1,"href":"https:\/\/borderjogos.suprahub.com.br\/index.php?rest_route=\/wp\/v2\/product\/15867\/revisions"}],"predecessor-version":[{"id":15870,"href":"https:\/\/borderjogos.suprahub.com.br\/index.php?rest_route=\/wp\/v2\/product\/15867\/revisions\/15870"}],"wp:featuredmedia":[{"embeddable":true,"href":"https:\/\/borderjogos.suprahub.com.br\/index.php?rest_route=\/wp\/v2\/media\/15869"}],"wp:attachment":[{"href":"https:\/\/borderjogos.suprahub.com.br\/index.php?rest_route=%2Fwp%2Fv2%2Fmedia&parent=15867"}],"wp:term":[{"taxonomy":"product_cat","embeddable":true,"href":"https:\/\/borderjogos.suprahub.com.br\/index.php?rest_route=%2Fwp%2Fv2%2Fproduct_cat&post=15867"},{"taxonomy":"product_tag","embeddable":true,"href":"https:\/\/borderjogos.suprahub.com.br\/index.php?rest_route=%2Fwp%2Fv2%2Fproduct_tag&post=15867"}],"curies":[{"name":"wp","href":"https:\/\/api.w.org\/{rel}","templated":true}]}}