{"id":15871,"date":"2023-07-25T18:10:26","date_gmt":"2023-07-25T18:10:26","guid":{"rendered":"https:\/\/borderjogos.suprahub.com.br\/?post_type=product&#038;p=15871"},"modified":"2023-07-26T15:52:12","modified_gmt":"2023-07-26T15:52:12","slug":"super-cats","status":"publish","type":"product","link":"https:\/\/borderjogos.suprahub.com.br\/?product=super-cats","title":{"rendered":"SUPER CATS"},"content":{"rendered":"<p class=\"p1\"><b>Idade: <\/b>18+<\/p>\n<p class=\"p1\"><b>Tempo: <\/b>60 min<\/p>\n<p class=\"p1\"><b>Jogadores: <\/b>4 a 12<\/p>\n<p class=\"p1\"><b>Idioma: <\/b>Portugu\u00eas<\/p>\n<ul class=\"ul1\">\n<li class=\"li2\">Em <b>Super Cats<\/b>, voc\u00ea joga com um grupo de 5 gatinhos, competindo para se tornarem os Super Cats e derrotar o RoboC\u00e3o. O primeiro jogador a transformar seus 5 gatos, ser\u00e1 o Her\u00f3i na pr\u00f3xima fase do jogo e ter\u00e1 que enfrentar os outros jogadores que estar\u00e3o jogando coletivamente como o terr\u00edvel RoboC\u00e3o.\n<p>As brigas ocorrem em tempo real, com todos jogando ao mesmo tempo, usando suas m\u00e3os!<\/li>\n<li class=\"li3\">No <b>epis\u00f3dio 1: TRANSFORMA\u00c7\u00c3O<\/b>, todos devem gritar <b>SU-PER-CATS<\/b>, estender a m\u00e3o e levantar 0, 1, 2, 3, 4 ou 5 dedos. O jogador que tiver o maior n\u00famero n\u00e3o repetido, transforma um dos seus gatos em um Super Cat!<\/li>\n<li class=\"li3\">No <b>epis\u00f3dio 2: LUTEM!<\/b>, o jogador que conseguiu transformar seus cinco gatos em Super Cats primeiro ser\u00e1 o Her\u00f3i e entrar\u00e1 em conflito com os outros jogadores. Quando o ataque do Her\u00f3i \u00e9 bem-sucedido, o RoboC\u00e3o \u00e9 danificado. Mas quando o RoboC\u00e3o rebate o Her\u00f3i, os Super Cats do Her\u00f3i tornam-se gatos normais novamente. O jogo termina quando o RoboC\u00e3o \u00e9 destru\u00eddo ou quando Her\u00f3i n\u00e3o tem mais Super Cats para lutar.<\/li>\n<li class=\"li4\"><\/li>\n<\/ul>\n<p class=\"p6\"><b>Componentes: 50 cartas<\/b><\/p>\n","protected":false},"excerpt":{"rendered":"<p class=\"p1\">Em <b>Super Cats<\/b>, voc\u00ea joga com um grupo de 5 gatinhos, competindo para se tornarem os Super Cats e derrotar o RoboC\u00e3o. O primeiro jogador a transformar seus 5 gatos, ser\u00e1 o Her\u00f3i na pr\u00f3xima fase do jogo e ter\u00e1 que enfrentar os outros jogadores que estar\u00e3o jogando coletivamente como o terr\u00edvel RoboC\u00e3o.<\/p>\n","protected":false},"featured_media":15874,"comment_status":"open","ping_status":"closed","template":"","meta":[],"product_cat":[90,76,82,88,74,80,77],"product_tag":[],"class_list":{"0":"post-15871","1":"product","2":"type-product","3":"status-publish","4":"has-post-thumbnail","6":"product_cat-buro","7":"product_cat-card-games-cartas","8":"product_cat-competitivos","9":"product_cat-editoras","10":"product_cat-jogos","11":"product_cat-jogos-familia","12":"product_cat-party-games","14":"first","15":"instock","16":"sale","17":"shipping-taxable","18":"purchasable","19":"product-type-simple"},"_links":{"self":[{"href":"https:\/\/borderjogos.suprahub.com.br\/index.php?rest_route=\/wp\/v2\/product\/15871","targetHints":{"allow":["GET"]}}],"collection":[{"href":"https:\/\/borderjogos.suprahub.com.br\/index.php?rest_route=\/wp\/v2\/product"}],"about":[{"href":"https:\/\/borderjogos.suprahub.com.br\/index.php?rest_route=\/wp\/v2\/types\/product"}],"replies":[{"embeddable":true,"href":"https:\/\/borderjogos.suprahub.com.br\/index.php?rest_route=%2Fwp%2Fv2%2Fcomments&post=15871"}],"version-history":[{"count":1,"href":"https:\/\/borderjogos.suprahub.com.br\/index.php?rest_route=\/wp\/v2\/product\/15871\/revisions"}],"predecessor-version":[{"id":15875,"href":"https:\/\/borderjogos.suprahub.com.br\/index.php?rest_route=\/wp\/v2\/product\/15871\/revisions\/15875"}],"wp:featuredmedia":[{"embeddable":true,"href":"https:\/\/borderjogos.suprahub.com.br\/index.php?rest_route=\/wp\/v2\/media\/15874"}],"wp:attachment":[{"href":"https:\/\/borderjogos.suprahub.com.br\/index.php?rest_route=%2Fwp%2Fv2%2Fmedia&parent=15871"}],"wp:term":[{"taxonomy":"product_cat","embeddable":true,"href":"https:\/\/borderjogos.suprahub.com.br\/index.php?rest_route=%2Fwp%2Fv2%2Fproduct_cat&post=15871"},{"taxonomy":"product_tag","embeddable":true,"href":"https:\/\/borderjogos.suprahub.com.br\/index.php?rest_route=%2Fwp%2Fv2%2Fproduct_tag&post=15871"}],"curies":[{"name":"wp","href":"https:\/\/api.w.org\/{rel}","templated":true}]}}