{"id":15876,"date":"2023-07-25T18:15:30","date_gmt":"2023-07-25T18:15:30","guid":{"rendered":"https:\/\/borderjogos.suprahub.com.br\/?post_type=product&#038;p=15876"},"modified":"2023-07-26T15:53:42","modified_gmt":"2023-07-26T15:53:42","slug":"unmatched-battle-of-legends-volume-um","status":"publish","type":"product","link":"https:\/\/borderjogos.suprahub.com.br\/?product=unmatched-battle-of-legends-volume-um","title":{"rendered":"UNMATCHED: BATTLE OF LEGENDS VOLUME UM"},"content":{"rendered":"<p class=\"p1\"><b>Idade: <\/b>9+<\/p>\n<p class=\"p1\"><b>Tempo: <\/b>40 min<\/p>\n<p class=\"p1\"><b>Jogadores: 2 a 4<\/b><\/p>\n<p class=\"p1\"><b>Idioma: <\/b>Portugu\u00eas<\/p>\n<ul class=\"ul1\">\n<li class=\"li3\"><b>Unmatched<\/b> \u00e9 um jogo r\u00e1pido de combate t\u00e1tico entre advers\u00e1rios improv\u00e1veis. Escolha seu her\u00f3i favorito, escolha um mapa, use o baralho \u00fanico e as habilidades do seu her\u00f3i para vencer.<\/li>\n<li class=\"li4\">Voc\u00ea pode misturar e recombinar os her\u00f3is e mapas de quaisquer caixas de Unmatched. Mas lembre-se: no fim, s\u00f3 pode haver um vencedor.<\/li>\n<li class=\"li4\">A caixa de Unmatched: Battle of Legends Volume Um vem com quatro her\u00f3is distintos:<\/li>\n<li class=\"li4\"><b>&#8211; REI ARTHUR:<\/b> com sua poderosa Excalibur em punho e o astuto Merlin como ajudante, almeja cumprir sua miss\u00e3o.<\/li>\n<li class=\"li4\"><b>&#8211; ALICE:<\/b> uma encrenca enorme em um pacote mi\u00fado, acompanha de uma espada vorpal e o insepar\u00e1vel Jaguadarte.<\/li>\n<li class=\"li4\"><b>&#8211; SIMBAD:<\/b> a cada jornada eletrizante ele cresce em sabedoria e poder, junto de seu Carregador.<\/li>\n<li class=\"li5\"><b>&#8211; MEDUSA:<\/b> a g\u00f3rgona com o olhar de milh\u00f5es, sempre acompanhada das Harpias.<\/li>\n<\/ul>\n<p class=\"p6\"><b>Componentes:<\/b><\/p>\n<p class=\"p6\">&#8211; 4 miniaturas de her\u00f3i<\/p>\n<p class=\"p6\">&#8211; 120 cartas de a\u00e7\u00e3o (30 de cada Her\u00f3i)<\/p>\n<p class=\"p6\">&#8211; 7 marcadores de vida<\/p>\n<p class=\"p6\">&#8211; 4 cartas de personagem<\/p>\n<p class=\"p6\">&#8211; 6 fichas de ajudante<\/p>\n<p class=\"p6\">&#8211; 1 tabuleiro frente e verso com 2 campos de batalha<\/p>\n<p class=\"p6\">&#8211; 1 manual<\/p>\n","protected":false},"excerpt":{"rendered":"<ul>\n<li><b>Unmatched<\/b> \u00e9 um jogo r\u00e1pido de combate t\u00e1tico entre advers\u00e1rios improv\u00e1veis. Escolha seu her\u00f3i favorito, escolha um mapa, use o baralho \u00fanico e as habilidades do seu her\u00f3i para vencer.<\/li>\n<\/ul>\n","protected":false},"featured_media":15881,"comment_status":"open","ping_status":"closed","template":"","meta":[],"product_cat":[75,90,82,88,74,80,79],"product_tag":[],"class_list":{"0":"post-15876","1":"product","2":"type-product","3":"status-publish","4":"has-post-thumbnail","6":"product_cat-boardgames-tabuleiro","7":"product_cat-buro","8":"product_cat-competitivos","9":"product_cat-editoras","10":"product_cat-jogos","11":"product_cat-jogos-familia","12":"product_cat-jogos-para-dois","14":"first","15":"instock","16":"sale","17":"shipping-taxable","18":"purchasable","19":"product-type-simple"},"_links":{"self":[{"href":"https:\/\/borderjogos.suprahub.com.br\/index.php?rest_route=\/wp\/v2\/product\/15876","targetHints":{"allow":["GET"]}}],"collection":[{"href":"https:\/\/borderjogos.suprahub.com.br\/index.php?rest_route=\/wp\/v2\/product"}],"about":[{"href":"https:\/\/borderjogos.suprahub.com.br\/index.php?rest_route=\/wp\/v2\/types\/product"}],"replies":[{"embeddable":true,"href":"https:\/\/borderjogos.suprahub.com.br\/index.php?rest_route=%2Fwp%2Fv2%2Fcomments&post=15876"}],"version-history":[{"count":1,"href":"https:\/\/borderjogos.suprahub.com.br\/index.php?rest_route=\/wp\/v2\/product\/15876\/revisions"}],"predecessor-version":[{"id":15883,"href":"https:\/\/borderjogos.suprahub.com.br\/index.php?rest_route=\/wp\/v2\/product\/15876\/revisions\/15883"}],"wp:featuredmedia":[{"embeddable":true,"href":"https:\/\/borderjogos.suprahub.com.br\/index.php?rest_route=\/wp\/v2\/media\/15881"}],"wp:attachment":[{"href":"https:\/\/borderjogos.suprahub.com.br\/index.php?rest_route=%2Fwp%2Fv2%2Fmedia&parent=15876"}],"wp:term":[{"taxonomy":"product_cat","embeddable":true,"href":"https:\/\/borderjogos.suprahub.com.br\/index.php?rest_route=%2Fwp%2Fv2%2Fproduct_cat&post=15876"},{"taxonomy":"product_tag","embeddable":true,"href":"https:\/\/borderjogos.suprahub.com.br\/index.php?rest_route=%2Fwp%2Fv2%2Fproduct_tag&post=15876"}],"curies":[{"name":"wp","href":"https:\/\/api.w.org\/{rel}","templated":true}]}}