{"id":15884,"date":"2023-07-25T18:35:22","date_gmt":"2023-07-25T18:35:22","guid":{"rendered":"https:\/\/borderjogos.suprahub.com.br\/?post_type=product&#038;p=15884"},"modified":"2023-07-26T15:54:31","modified_gmt":"2023-07-26T15:54:31","slug":"unmatched-chapeuzinho-vermelho-vs-beowulf","status":"publish","type":"product","link":"https:\/\/borderjogos.suprahub.com.br\/?product=unmatched-chapeuzinho-vermelho-vs-beowulf","title":{"rendered":"UNMATCHED: CHAPEUZINHO VERMELHO VS BEOWULF"},"content":{"rendered":"<p class=\"p1\"><b>Idade: <\/b>9+<\/p>\n<p class=\"p1\"><b>Tempo: <\/b>20 min<\/p>\n<p class=\"p1\"><b>Jogadores: 2<\/b><\/p>\n<p class=\"p1\"><b>Idioma: <\/b>Portugu\u00eas<\/p>\n<ul class=\"ul1\">\n<li class=\"li3\"><b>Unmatched<\/b> \u00e9 um jogo r\u00e1pido de combate t\u00e1tico entre advers\u00e1rios improv\u00e1veis. Escolha seu her\u00f3i favorito, escolha um mapa, use o baralho \u00fanico e as habilidades do seu her\u00f3i para vencer.<\/li>\n<li class=\"li4\">Voc\u00ea pode misturar e recombinar os her\u00f3is e mapas de quaisquer caixas de Unmatched. Mas lembre-se: no fim, s\u00f3 pode haver um vencedor.<\/li>\n<li class=\"li4\">A caixa de Unmatched: Chapeuzinho Vermelho vs Beowulf vem com dois novos her\u00f3is para o sistema Unmatched:<\/li>\n<li class=\"li4\"><b>&#8211; CHAPEUZINHO VERMELHO:<\/b> com a ajuda do seu amigo Ca\u00e7ador, ela est\u00e1 pronta para voltar \u00e0 floresta com alguns truques incr\u00edveis escondidos em sua cesta.<\/li>\n<li class=\"li5\"><b>&#8211; BEOWULF:<\/b> com o aliado Wiglaf ao seu lado, os dois est\u00e3o prontos para vencer esta batalha fatal.<\/li>\n<\/ul>\n<p class=\"p6\"><b>Componentes:<\/b><\/p>\n<p class=\"p6\"><b>&#8211; 2 miniaturas de her\u00f3i<\/b><\/p>\n<p class=\"p6\"><b>&#8211; 61 cartas de a\u00e7\u00e3o<\/b><\/p>\n<p class=\"p6\"><b>&#8211; 4 marcadores de vida<\/b><\/p>\n<p class=\"p6\"><b>&#8211; 2 cartas de personagem<\/b><\/p>\n<p class=\"p6\"><b>&#8211; 2 fichas de ajudante<\/b><\/p>\n<p class=\"p6\"><b>&#8211; 3 ficas de porta<\/b><\/p>\n<p class=\"p6\"><b>&#8211; 3 fichas de f\u00faria<\/b><\/p>\n<p class=\"p6\"><b>&#8211; 1 tabuleiro com 1 campo de batalha<\/b><\/p>\n<p class=\"p6\"><b>&#8211; 1 manual<\/b><\/p>\n","protected":false},"excerpt":{"rendered":"<p class=\"p1\"><b>Unmatched<\/b> \u00e9 um jogo r\u00e1pido de combate t\u00e1tico entre advers\u00e1rios improv\u00e1veis. Escolha seu her\u00f3i favorito, escolha um mapa, use o baralho \u00fanico e as habilidades do seu her\u00f3i para vencer.<\/p>\n","protected":false},"featured_media":15885,"comment_status":"open","ping_status":"closed","template":"","meta":[],"product_cat":[75,90,82,88,74,80,79],"product_tag":[],"class_list":{"0":"post-15884","1":"product","2":"type-product","3":"status-publish","4":"has-post-thumbnail","6":"product_cat-boardgames-tabuleiro","7":"product_cat-buro","8":"product_cat-competitivos","9":"product_cat-editoras","10":"product_cat-jogos","11":"product_cat-jogos-familia","12":"product_cat-jogos-para-dois","14":"first","15":"instock","16":"sale","17":"shipping-taxable","18":"purchasable","19":"product-type-simple"},"_links":{"self":[{"href":"https:\/\/borderjogos.suprahub.com.br\/index.php?rest_route=\/wp\/v2\/product\/15884","targetHints":{"allow":["GET"]}}],"collection":[{"href":"https:\/\/borderjogos.suprahub.com.br\/index.php?rest_route=\/wp\/v2\/product"}],"about":[{"href":"https:\/\/borderjogos.suprahub.com.br\/index.php?rest_route=\/wp\/v2\/types\/product"}],"replies":[{"embeddable":true,"href":"https:\/\/borderjogos.suprahub.com.br\/index.php?rest_route=%2Fwp%2Fv2%2Fcomments&post=15884"}],"version-history":[{"count":2,"href":"https:\/\/borderjogos.suprahub.com.br\/index.php?rest_route=\/wp\/v2\/product\/15884\/revisions"}],"predecessor-version":[{"id":15889,"href":"https:\/\/borderjogos.suprahub.com.br\/index.php?rest_route=\/wp\/v2\/product\/15884\/revisions\/15889"}],"wp:featuredmedia":[{"embeddable":true,"href":"https:\/\/borderjogos.suprahub.com.br\/index.php?rest_route=\/wp\/v2\/media\/15885"}],"wp:attachment":[{"href":"https:\/\/borderjogos.suprahub.com.br\/index.php?rest_route=%2Fwp%2Fv2%2Fmedia&parent=15884"}],"wp:term":[{"taxonomy":"product_cat","embeddable":true,"href":"https:\/\/borderjogos.suprahub.com.br\/index.php?rest_route=%2Fwp%2Fv2%2Fproduct_cat&post=15884"},{"taxonomy":"product_tag","embeddable":true,"href":"https:\/\/borderjogos.suprahub.com.br\/index.php?rest_route=%2Fwp%2Fv2%2Fproduct_tag&post=15884"}],"curies":[{"name":"wp","href":"https:\/\/api.w.org\/{rel}","templated":true}]}}