{"id":15890,"date":"2023-07-25T18:40:03","date_gmt":"2023-07-25T18:40:03","guid":{"rendered":"https:\/\/borderjogos.suprahub.com.br\/?post_type=product&#038;p=15890"},"modified":"2023-07-26T15:55:47","modified_gmt":"2023-07-26T15:55:47","slug":"yokai","status":"publish","type":"product","link":"https:\/\/borderjogos.suprahub.com.br\/?product=yokai","title":{"rendered":"Yokai"},"content":{"rendered":"<p class=\"p1\"><b>Idade: <\/b>10+<\/p>\n<p class=\"p1\"><b>Tempo: <\/b>35 min<\/p>\n<p class=\"p1\"><b>Jogadores: <\/b>2 a 4<\/p>\n<p class=\"p1\"><b>Idioma: <\/b>Portugu\u00eas<\/p>\n<p class=\"p2\">Um jogo para voc\u00ea que adora a cultura japonesa!<\/p>\n<p class=\"p2\">Os Yokai est\u00e3o agitados! Estes esp\u00edritos japoneses se misturaram e, para apazigu\u00e1-los, \u00e9 preciso agrup\u00e1-los por fam\u00edlias.<\/p>\n<p class=\"p2\"><b>YOKAI<\/b> \u00e9 um jogo cooperativo em que sua comunica\u00e7\u00e3o ser\u00e1 limitada. Trabalhem em equipe e usem sua mem\u00f3ria para acalmar os esp\u00edritos antes do fim do jogo!<\/p>\n<p class=\"p2\"><b>Componentes:<\/b><\/p>\n<ul class=\"ul1\">\n<li class=\"li3\">16 cartas de Yokai<\/li>\n<li class=\"li3\">14 cartas de Dica<\/li>\n<li class=\"li3\">6 cartas de Afinidade<\/li>\n<li class=\"li4\">3 cartas de Objetivo<\/li>\n<\/ul>\n","protected":false},"excerpt":{"rendered":"<p class=\"p2\">Um jogo para voc\u00ea que adora a cultura japonesa!<\/p>\n<p class=\"p2\">Os Yokai est\u00e3o agitados! Estes esp\u00edritos japoneses se misturaram e, para apazigu\u00e1-los, \u00e9 preciso agrup\u00e1-los por fam\u00edlias.<\/p>\n","protected":false},"featured_media":15891,"comment_status":"open","ping_status":"closed","template":"","meta":[],"product_cat":[90,76,83,88,74,80,78,79],"product_tag":[],"class_list":{"0":"post-15890","1":"product","2":"type-product","3":"status-publish","4":"has-post-thumbnail","6":"product_cat-buro","7":"product_cat-card-games-cartas","8":"product_cat-cooperativos","9":"product_cat-editoras","10":"product_cat-jogos","11":"product_cat-jogos-familia","12":"product_cat-jogos-para-criancas","13":"product_cat-jogos-para-dois","15":"first","16":"instock","17":"sale","18":"shipping-taxable","19":"purchasable","20":"product-type-simple"},"_links":{"self":[{"href":"https:\/\/borderjogos.suprahub.com.br\/index.php?rest_route=\/wp\/v2\/product\/15890","targetHints":{"allow":["GET"]}}],"collection":[{"href":"https:\/\/borderjogos.suprahub.com.br\/index.php?rest_route=\/wp\/v2\/product"}],"about":[{"href":"https:\/\/borderjogos.suprahub.com.br\/index.php?rest_route=\/wp\/v2\/types\/product"}],"replies":[{"embeddable":true,"href":"https:\/\/borderjogos.suprahub.com.br\/index.php?rest_route=%2Fwp%2Fv2%2Fcomments&post=15890"}],"version-history":[{"count":1,"href":"https:\/\/borderjogos.suprahub.com.br\/index.php?rest_route=\/wp\/v2\/product\/15890\/revisions"}],"predecessor-version":[{"id":15892,"href":"https:\/\/borderjogos.suprahub.com.br\/index.php?rest_route=\/wp\/v2\/product\/15890\/revisions\/15892"}],"wp:featuredmedia":[{"embeddable":true,"href":"https:\/\/borderjogos.suprahub.com.br\/index.php?rest_route=\/wp\/v2\/media\/15891"}],"wp:attachment":[{"href":"https:\/\/borderjogos.suprahub.com.br\/index.php?rest_route=%2Fwp%2Fv2%2Fmedia&parent=15890"}],"wp:term":[{"taxonomy":"product_cat","embeddable":true,"href":"https:\/\/borderjogos.suprahub.com.br\/index.php?rest_route=%2Fwp%2Fv2%2Fproduct_cat&post=15890"},{"taxonomy":"product_tag","embeddable":true,"href":"https:\/\/borderjogos.suprahub.com.br\/index.php?rest_route=%2Fwp%2Fv2%2Fproduct_tag&post=15890"}],"curies":[{"name":"wp","href":"https:\/\/api.w.org\/{rel}","templated":true}]}}