{"id":15893,"date":"2023-07-25T18:48:57","date_gmt":"2023-07-25T18:48:57","guid":{"rendered":"https:\/\/borderjogos.suprahub.com.br\/?post_type=product&#038;p=15893"},"modified":"2023-07-26T15:58:16","modified_gmt":"2023-07-26T15:58:16","slug":"dice-throne-se-01-barbaro-x-elfa-da-lua","status":"publish","type":"product","link":"https:\/\/borderjogos.suprahub.com.br\/?product=dice-throne-se-01-barbaro-x-elfa-da-lua","title":{"rendered":"Dice Throne SE 01 \u2013 B\u00e1rbaro X Elfa da Lua"},"content":{"rendered":"<p class=\"p1\"><b>Idade: <\/b>14+<\/p>\n<p class=\"p1\"><b>Tempo: <\/b>40+ min<\/p>\n<p class=\"p1\"><b>Jogadores: <\/b>2<\/p>\n<p class=\"p1\"><b>Idioma: <\/b>Portugu\u00eas<\/p>\n<p class=\"p3\">Bem-vindo a Dice Throne!<\/p>\n<p class=\"p3\">Em mais de mil torneios, o Rei Louco nunca perdeu.<br \/>\nHer\u00f3is v\u00eam de todos os cantos do globo, cada um com suas pr\u00f3prias raz\u00f5es para buscar o poder supremo.<br \/>\nVoc\u00ea ser\u00e1 aquele ousado o suficiente para assumir o trono?<\/p>\n<p class=\"p3\">Um r\u00e1pido e pulsante jogo de manipula\u00e7\u00e3o de dados &amp; e habilidade com cartas, que vai deixar as suas noites de jogos animadas! Esta caixa cont\u00e9m um jogo completo.<\/p>\n<p class=\"p4\">Componentes:<\/p>\n<p class=\"p3\">B\u00e1rbaro:<\/p>\n<ul class=\"ul1\">\n<li class=\"li5\">Dados x 5<\/li>\n<li class=\"li5\">Disco de Vitalidade x 1<\/li>\n<li class=\"li5\">Disco de Ponto de Combate (PC) x 1<\/li>\n<li class=\"li5\">Tabuleiro do Her\u00f3i Dobr\u00e1vel x 1<\/li>\n<li class=\"li5\">Folheto do Her\u00f3i x 1<\/li>\n<li class=\"li5\">Cartas de Her\u00f3i x 32<\/li>\n<li class=\"li5\">Carta de Ordem dos Turnos x 1<\/li>\n<li class=\"li5\">Fichas de Concuss\u00e3o x 2<\/li>\n<li class=\"li3\">Fichas de Atordoar x 1<\/li>\n<\/ul>\n<p class=\"p3\">Elfa da Lua<\/p>\n<ul class=\"ul1\">\n<li class=\"li5\">Dados x 5<\/li>\n<li class=\"li5\">Disco de Vitalidade x 1<\/li>\n<li class=\"li5\">Disco de Ponto de Combate (PC) x 1<\/li>\n<li class=\"li5\">Tabuleiro do Her\u00f3i Dobr\u00e1vel x 1<\/li>\n<li class=\"li5\">Folheto do Her\u00f3i x 1<\/li>\n<li class=\"li5\">Cartas de Her\u00f3i x 32<\/li>\n<li class=\"li5\">Cartas de Ordem de Turno x 1<\/li>\n<li class=\"li5\">Fichas de Evasivo x 5<\/li>\n<li class=\"li5\">Fichas de Cegar x 2<\/li>\n<li class=\"li5\">Fichas de Emaranhar x 2<\/li>\n<li class=\"li3\">Fichas de No Alvo x 3<\/li>\n<\/ul>\n","protected":false},"excerpt":{"rendered":"<p>Em mais de mil torneios, o Rei Louco nunca perdeu.<br \/>\nHer\u00f3is v\u00eam de todos os cantos do globo, cada um com suas pr\u00f3prias raz\u00f5es para buscar o poder supremo.<\/p>\n","protected":false},"featured_media":15895,"comment_status":"open","ping_status":"closed","template":"","meta":[],"product_cat":[75,82,94,83,88,74,80,79],"product_tag":[],"class_list":{"0":"post-15893","1":"product","2":"type-product","3":"status-publish","4":"has-post-thumbnail","6":"product_cat-boardgames-tabuleiro","7":"product_cat-competitivos","8":"product_cat-conclave","9":"product_cat-cooperativos","10":"product_cat-editoras","11":"product_cat-jogos","12":"product_cat-jogos-familia","13":"product_cat-jogos-para-dois","15":"first","16":"instock","17":"sale","18":"shipping-taxable","19":"purchasable","20":"product-type-simple"},"_links":{"self":[{"href":"https:\/\/borderjogos.suprahub.com.br\/index.php?rest_route=\/wp\/v2\/product\/15893","targetHints":{"allow":["GET"]}}],"collection":[{"href":"https:\/\/borderjogos.suprahub.com.br\/index.php?rest_route=\/wp\/v2\/product"}],"about":[{"href":"https:\/\/borderjogos.suprahub.com.br\/index.php?rest_route=\/wp\/v2\/types\/product"}],"replies":[{"embeddable":true,"href":"https:\/\/borderjogos.suprahub.com.br\/index.php?rest_route=%2Fwp%2Fv2%2Fcomments&post=15893"}],"version-history":[{"count":1,"href":"https:\/\/borderjogos.suprahub.com.br\/index.php?rest_route=\/wp\/v2\/product\/15893\/revisions"}],"predecessor-version":[{"id":15896,"href":"https:\/\/borderjogos.suprahub.com.br\/index.php?rest_route=\/wp\/v2\/product\/15893\/revisions\/15896"}],"wp:featuredmedia":[{"embeddable":true,"href":"https:\/\/borderjogos.suprahub.com.br\/index.php?rest_route=\/wp\/v2\/media\/15895"}],"wp:attachment":[{"href":"https:\/\/borderjogos.suprahub.com.br\/index.php?rest_route=%2Fwp%2Fv2%2Fmedia&parent=15893"}],"wp:term":[{"taxonomy":"product_cat","embeddable":true,"href":"https:\/\/borderjogos.suprahub.com.br\/index.php?rest_route=%2Fwp%2Fv2%2Fproduct_cat&post=15893"},{"taxonomy":"product_tag","embeddable":true,"href":"https:\/\/borderjogos.suprahub.com.br\/index.php?rest_route=%2Fwp%2Fv2%2Fproduct_tag&post=15893"}],"curies":[{"name":"wp","href":"https:\/\/api.w.org\/{rel}","templated":true}]}}