{"id":15897,"date":"2023-07-26T16:10:56","date_gmt":"2023-07-26T16:10:56","guid":{"rendered":"https:\/\/borderjogos.suprahub.com.br\/?post_type=product&#038;p=15897"},"modified":"2023-07-26T16:11:14","modified_gmt":"2023-07-26T16:11:14","slug":"keep-the-heroes-out","status":"publish","type":"product","link":"https:\/\/borderjogos.suprahub.com.br\/?product=keep-the-heroes-out","title":{"rendered":"Keep the Heroes Out"},"content":{"rendered":"<p><span style=\"font-weight: 400;\">N\u00famero de Jogadores: 1 a 5<\/span><\/p>\n<p><span style=\"font-weight: 400;\">Dura\u00e7\u00e3o: 40 minutos<\/span><\/p>\n<p><span style=\"font-weight: 400;\">Idioma: Portugu\u00eas<\/span><\/p>\n<p><span style=\"font-weight: 400;\">Idade: 14+<\/span><\/p>\n<p>&nbsp;<\/p>\n<p><span style=\"font-weight: 400;\">N\u00e3o \u00e9 que somos maus. N\u00e3o temos nenhum desejo de conquistar o mundo ou qualquer plano megaloman\u00edaco. Alguns de n\u00f3s s\u00f3 querem um lugar para relaxar. Certo, talvez tenhamos prendido um ou dois adolescentes na masmorra para lhes ensinar uma li\u00e7\u00e3o sobre invas\u00e3o de propriedade. Mas ent\u00e3o\u2026 do nada agora estamos no quadro de avisos da guilda e passa a ser um jogo justo todos os chamados her\u00f3is invadirem nosso lar e saquearem nosso tesouro?! Eu digo \u2013 N\u00c3O SOB MINHA VIG\u00cdLIA!<\/span><\/p>\n<p><span style=\"font-weight: 400;\">Keep the Heroes Out! \u00e9 um jogo de constru\u00e7\u00e3o de decks de a\u00e7\u00e3o assim\u00e9trico, cooperativo, de defesa de masmorras para 1-4 jogadores!<\/span><\/p>\n<p><span style=\"font-weight: 400;\">Componentes<\/span><\/p>\n<ul>\n<li style=\"font-weight: 400;\" aria-level=\"1\"><span style=\"font-weight: 400;\">45 Meeples<\/span><\/li>\n<li style=\"font-weight: 400;\" aria-level=\"1\"><span style=\"font-weight: 400;\">222 Cartas<\/span><\/li>\n<li style=\"font-weight: 400;\" aria-level=\"1\"><span style=\"font-weight: 400;\">12 Pe\u00e7as de Masmorra<\/span><\/li>\n<li style=\"font-weight: 400;\" aria-level=\"1\"><span style=\"font-weight: 400;\">96 Fichas<\/span><\/li>\n<li style=\"font-weight: 400;\" aria-level=\"1\"><span style=\"font-weight: 400;\">1 Livro de Regras<\/span><\/li>\n<li style=\"font-weight: 400;\" aria-level=\"1\"><span style=\"font-weight: 400;\">1 Livro de Masmorras<\/span><\/li>\n<\/ul>\n","protected":false},"excerpt":{"rendered":"<p><span style=\"font-weight: 400;\">N\u00e3o \u00e9 que somos maus. N\u00e3o temos nenhum desejo de conquistar o mundo ou qualquer plano megaloman\u00edaco. Alguns de n\u00f3s s\u00f3 querem um lugar para relaxar. <\/span><\/p>\n","protected":false},"featured_media":15900,"comment_status":"open","ping_status":"closed","template":"","meta":[],"product_cat":[94,83,88,74,80],"product_tag":[],"class_list":{"0":"post-15897","1":"product","2":"type-product","3":"status-publish","4":"has-post-thumbnail","6":"product_cat-conclave","7":"product_cat-cooperativos","8":"product_cat-editoras","9":"product_cat-jogos","10":"product_cat-jogos-familia","12":"first","13":"instock","14":"sale","15":"shipping-taxable","16":"purchasable","17":"product-type-simple"},"_links":{"self":[{"href":"https:\/\/borderjogos.suprahub.com.br\/index.php?rest_route=\/wp\/v2\/product\/15897","targetHints":{"allow":["GET"]}}],"collection":[{"href":"https:\/\/borderjogos.suprahub.com.br\/index.php?rest_route=\/wp\/v2\/product"}],"about":[{"href":"https:\/\/borderjogos.suprahub.com.br\/index.php?rest_route=\/wp\/v2\/types\/product"}],"replies":[{"embeddable":true,"href":"https:\/\/borderjogos.suprahub.com.br\/index.php?rest_route=%2Fwp%2Fv2%2Fcomments&post=15897"}],"version-history":[{"count":1,"href":"https:\/\/borderjogos.suprahub.com.br\/index.php?rest_route=\/wp\/v2\/product\/15897\/revisions"}],"predecessor-version":[{"id":15902,"href":"https:\/\/borderjogos.suprahub.com.br\/index.php?rest_route=\/wp\/v2\/product\/15897\/revisions\/15902"}],"wp:featuredmedia":[{"embeddable":true,"href":"https:\/\/borderjogos.suprahub.com.br\/index.php?rest_route=\/wp\/v2\/media\/15900"}],"wp:attachment":[{"href":"https:\/\/borderjogos.suprahub.com.br\/index.php?rest_route=%2Fwp%2Fv2%2Fmedia&parent=15897"}],"wp:term":[{"taxonomy":"product_cat","embeddable":true,"href":"https:\/\/borderjogos.suprahub.com.br\/index.php?rest_route=%2Fwp%2Fv2%2Fproduct_cat&post=15897"},{"taxonomy":"product_tag","embeddable":true,"href":"https:\/\/borderjogos.suprahub.com.br\/index.php?rest_route=%2Fwp%2Fv2%2Fproduct_tag&post=15897"}],"curies":[{"name":"wp","href":"https:\/\/api.w.org\/{rel}","templated":true}]}}