{"id":15903,"date":"2023-07-26T16:16:23","date_gmt":"2023-07-26T16:16:23","guid":{"rendered":"https:\/\/borderjogos.suprahub.com.br\/?post_type=product&#038;p=15903"},"modified":"2023-07-26T16:16:23","modified_gmt":"2023-07-26T16:16:23","slug":"keep-the-heroes-out-guild-master-revenge-expansao","status":"publish","type":"product","link":"https:\/\/borderjogos.suprahub.com.br\/?product=keep-the-heroes-out-guild-master-revenge-expansao","title":{"rendered":"Keep the Heroes Out &#8211; Guild Master Revenge (Expans\u00e3o)"},"content":{"rendered":"<p><span style=\"font-weight: 400;\">N\u00famero de Jogadores: 1 a 5<\/span><\/p>\n<p><span style=\"font-weight: 400;\">Dura\u00e7\u00e3o: 40 minutos<\/span><\/p>\n<p><span style=\"font-weight: 400;\">Idioma: Portugu\u00eas<\/span><\/p>\n<p><span style=\"font-weight: 400;\">Idade: 14+<\/span><\/p>\n<p>&nbsp;<\/p>\n<p><span style=\"font-weight: 400;\">\u201cN\u00e3o toque no Cubo de Ooze gigante. Ele n\u00e3o vai somente te matar, mas tamb\u00e9m ser\u00e1 uma morte MUITO dolorosa\u201d, quantas vezes eu tenho que repetir isso?<\/span><\/p>\n<p><span style=\"font-weight: 400;\">Treinar, equipar e coordenar her\u00f3is n\u00e3o \u00e9 a mais f\u00e1cil das tarefas\u2026 Esses caras ficaram molengas ao longo dos anos. Mas eu estou me aposentando, ent\u00e3o\u2026 eu nem ligo mais! Boa sorte, garoto. Voc\u00ea vai precisar.<\/span><\/p>\n<p><span style=\"font-weight: 400;\">Componentes<\/span><\/p>\n<ul>\n<li style=\"font-weight: 400;\" aria-level=\"1\"><span style=\"font-weight: 400;\">20 Meeples de Her\u00f3is<\/span><\/li>\n<li style=\"font-weight: 400;\" aria-level=\"1\"><span style=\"font-weight: 400;\">42 Cartas<\/span><\/li>\n<li style=\"font-weight: 400;\" aria-level=\"1\"><span style=\"font-weight: 400;\">1 Livro de Regras<\/span><\/li>\n<\/ul>\n","protected":false},"excerpt":{"rendered":"<p>N\u00famero de Jogadores: 1 a 5 Dura\u00e7\u00e3o: 40 minutos Idioma: Portugu\u00eas Idade: 14+ &nbsp; \u201cN\u00e3o toque no Cubo de Ooze<\/p>\n","protected":false},"featured_media":15904,"comment_status":"open","ping_status":"closed","template":"","meta":[],"product_cat":[75,94,83,88,85,74,80],"product_tag":[],"class_list":{"0":"post-15903","1":"product","2":"type-product","3":"status-publish","4":"has-post-thumbnail","6":"product_cat-boardgames-tabuleiro","7":"product_cat-conclave","8":"product_cat-cooperativos","9":"product_cat-editoras","10":"product_cat-expansoes","11":"product_cat-jogos","12":"product_cat-jogos-familia","14":"first","15":"instock","16":"sale","17":"shipping-taxable","18":"purchasable","19":"product-type-simple"},"_links":{"self":[{"href":"https:\/\/borderjogos.suprahub.com.br\/index.php?rest_route=\/wp\/v2\/product\/15903","targetHints":{"allow":["GET"]}}],"collection":[{"href":"https:\/\/borderjogos.suprahub.com.br\/index.php?rest_route=\/wp\/v2\/product"}],"about":[{"href":"https:\/\/borderjogos.suprahub.com.br\/index.php?rest_route=\/wp\/v2\/types\/product"}],"replies":[{"embeddable":true,"href":"https:\/\/borderjogos.suprahub.com.br\/index.php?rest_route=%2Fwp%2Fv2%2Fcomments&post=15903"}],"version-history":[{"count":1,"href":"https:\/\/borderjogos.suprahub.com.br\/index.php?rest_route=\/wp\/v2\/product\/15903\/revisions"}],"predecessor-version":[{"id":15906,"href":"https:\/\/borderjogos.suprahub.com.br\/index.php?rest_route=\/wp\/v2\/product\/15903\/revisions\/15906"}],"wp:featuredmedia":[{"embeddable":true,"href":"https:\/\/borderjogos.suprahub.com.br\/index.php?rest_route=\/wp\/v2\/media\/15904"}],"wp:attachment":[{"href":"https:\/\/borderjogos.suprahub.com.br\/index.php?rest_route=%2Fwp%2Fv2%2Fmedia&parent=15903"}],"wp:term":[{"taxonomy":"product_cat","embeddable":true,"href":"https:\/\/borderjogos.suprahub.com.br\/index.php?rest_route=%2Fwp%2Fv2%2Fproduct_cat&post=15903"},{"taxonomy":"product_tag","embeddable":true,"href":"https:\/\/borderjogos.suprahub.com.br\/index.php?rest_route=%2Fwp%2Fv2%2Fproduct_tag&post=15903"}],"curies":[{"name":"wp","href":"https:\/\/api.w.org\/{rel}","templated":true}]}}