{"id":15913,"date":"2023-07-26T16:28:14","date_gmt":"2023-07-26T16:28:14","guid":{"rendered":"https:\/\/borderjogos.suprahub.com.br\/?post_type=product&#038;p=15913"},"modified":"2023-07-26T16:28:14","modified_gmt":"2023-07-26T16:28:14","slug":"rush-m-d","status":"publish","type":"product","link":"https:\/\/borderjogos.suprahub.com.br\/?product=rush-m-d","title":{"rendered":"Rush M.D."},"content":{"rendered":"<p><b>Idade: <\/b><span style=\"font-weight: 400;\">14+<\/span><\/p>\n<p><b>Tempo: <\/b><span style=\"font-weight: 400;\">30-45 min<\/span><\/p>\n<p><b>Jogadores: <\/b><span style=\"font-weight: 400;\">1 a 4<\/span><\/p>\n<p><b>Idioma: <\/b><span style=\"font-weight: 400;\">Portugu\u00eas<\/span><\/p>\n<p><span style=\"font-weight: 400;\">Voc\u00ea \u00e9 um dos m\u00e9dicos que acabaram de ser contratados para o novo e moderno Centro M\u00e9dico. Junto com seus colegas, voc\u00eas devem trabalhar em equipe para admitir, diagnosticar e tratar v\u00e1rios pacientes que precisam de ajuda. Rush M.D. \u00e9 um jogo de tabuleiro cooperativo inovador em tempo real que simula a natureza desafiadora e de alta press\u00e3o das profiss\u00f5es m\u00e9dicas. Com uma mec\u00e2nica de aloca\u00e7\u00e3o de trabalhadores, usando ampulhetas como m\u00e9dicos e enfermeiros, permite que os jogadores executem uma infinidade de a\u00e7\u00f5es.<\/span><\/p>\n<p>&nbsp;<\/p>\n<p><span style=\"font-weight: 400;\">Componentes<\/span><\/p>\n<ul>\n<li style=\"font-weight: 400;\" aria-level=\"1\"><span style=\"font-weight: 400;\">6 Tabuleiros de Jogo<\/span><\/li>\n<li style=\"font-weight: 400;\" aria-level=\"1\"><span style=\"font-weight: 400;\">1 Tabuleiro de Pontua\u00e7\u00e3o<\/span><\/li>\n<li style=\"font-weight: 400;\" aria-level=\"1\"><span style=\"font-weight: 400;\">220 Cartas<\/span><\/li>\n<li style=\"font-weight: 400;\" aria-level=\"1\"><span style=\"font-weight: 400;\">8 Ampulhetas<\/span><\/li>\n<li style=\"font-weight: 400;\" aria-level=\"1\"><span style=\"font-weight: 400;\">6 Leitos 3D Cartonados<\/span><\/li>\n<li style=\"font-weight: 400;\" aria-level=\"1\"><span style=\"font-weight: 400;\">12 Seringas de Pl\u00e1stico<\/span><\/li>\n<li style=\"font-weight: 400;\" aria-level=\"1\"><span style=\"font-weight: 400;\">4 Pin\u00e7as de Pl\u00e1stico<\/span><\/li>\n<li style=\"font-weight: 400;\" aria-level=\"1\"><span style=\"font-weight: 400;\">29 Fichas Cartonadas<\/span><\/li>\n<li style=\"font-weight: 400;\" aria-level=\"1\"><span style=\"font-weight: 400;\">134 Discos de Madeira<\/span><\/li>\n<li style=\"font-weight: 400;\" aria-level=\"1\"><span style=\"font-weight: 400;\">40 \u00d3rg\u00e3os de Madeira<\/span><\/li>\n<li style=\"font-weight: 400;\" aria-level=\"1\"><span style=\"font-weight: 400;\">1 Livro de Regras<\/span><\/li>\n<\/ul>\n","protected":false},"excerpt":{"rendered":"<p><span style=\"font-weight: 400;\">Voc\u00ea \u00e9 um dos m\u00e9dicos que acabaram de ser contratados para o novo e moderno Centro M\u00e9dico.<\/span><\/p>\n","protected":false},"featured_media":15916,"comment_status":"open","ping_status":"closed","template":"","meta":[],"product_cat":[75,94,83,88,74,80],"product_tag":[],"class_list":{"0":"post-15913","1":"product","2":"type-product","3":"status-publish","4":"has-post-thumbnail","6":"product_cat-boardgames-tabuleiro","7":"product_cat-conclave","8":"product_cat-cooperativos","9":"product_cat-editoras","10":"product_cat-jogos","11":"product_cat-jogos-familia","13":"first","14":"instock","15":"shipping-taxable","16":"purchasable","17":"product-type-simple"},"_links":{"self":[{"href":"https:\/\/borderjogos.suprahub.com.br\/index.php?rest_route=\/wp\/v2\/product\/15913","targetHints":{"allow":["GET"]}}],"collection":[{"href":"https:\/\/borderjogos.suprahub.com.br\/index.php?rest_route=\/wp\/v2\/product"}],"about":[{"href":"https:\/\/borderjogos.suprahub.com.br\/index.php?rest_route=\/wp\/v2\/types\/product"}],"replies":[{"embeddable":true,"href":"https:\/\/borderjogos.suprahub.com.br\/index.php?rest_route=%2Fwp%2Fv2%2Fcomments&post=15913"}],"version-history":[{"count":1,"href":"https:\/\/borderjogos.suprahub.com.br\/index.php?rest_route=\/wp\/v2\/product\/15913\/revisions"}],"predecessor-version":[{"id":15918,"href":"https:\/\/borderjogos.suprahub.com.br\/index.php?rest_route=\/wp\/v2\/product\/15913\/revisions\/15918"}],"wp:featuredmedia":[{"embeddable":true,"href":"https:\/\/borderjogos.suprahub.com.br\/index.php?rest_route=\/wp\/v2\/media\/15916"}],"wp:attachment":[{"href":"https:\/\/borderjogos.suprahub.com.br\/index.php?rest_route=%2Fwp%2Fv2%2Fmedia&parent=15913"}],"wp:term":[{"taxonomy":"product_cat","embeddable":true,"href":"https:\/\/borderjogos.suprahub.com.br\/index.php?rest_route=%2Fwp%2Fv2%2Fproduct_cat&post=15913"},{"taxonomy":"product_tag","embeddable":true,"href":"https:\/\/borderjogos.suprahub.com.br\/index.php?rest_route=%2Fwp%2Fv2%2Fproduct_tag&post=15913"}],"curies":[{"name":"wp","href":"https:\/\/api.w.org\/{rel}","templated":true}]}}