{"id":15924,"date":"2023-07-26T18:29:38","date_gmt":"2023-07-26T18:29:38","guid":{"rendered":"https:\/\/borderjogos.suprahub.com.br\/?post_type=product&#038;p=15924"},"modified":"2023-07-26T18:29:39","modified_gmt":"2023-07-26T18:29:39","slug":"nova-luna","status":"publish","type":"product","link":"https:\/\/borderjogos.suprahub.com.br\/?product=nova-luna","title":{"rendered":"Nova Luna"},"content":{"rendered":"<p><span style=\"font-weight: 400;\">A lua nova \u00e9 um s\u00edmbolo de um novo come\u00e7o; o momento perfeito de iniciar algo novo e planejar seu futuro.<\/span><\/p>\n<p><span style=\"font-weight: 400;\">Em cada rodada desse jogo abstrato de coloca\u00e7\u00e3o de pe\u00e7as, voc\u00ea precisa replanejar o seu futuro.<\/span><\/p>\n<p><span style=\"font-weight: 400;\">Desenvolva uma nova estrat\u00e9gia para lidar com o que a roda da lua tem a oferecer.<\/span><\/p>\n<h2><b>Componentes<\/b><\/h2>\n<ul>\n<li style=\"font-weight: 400;\" aria-level=\"1\"><span style=\"font-weight: 400;\">1 Roda da lua<\/span><\/li>\n<li style=\"font-weight: 400;\" aria-level=\"1\"><span style=\"font-weight: 400;\">1 Marcador lunar<\/span><\/li>\n<li style=\"font-weight: 400;\" aria-level=\"1\"><span style=\"font-weight: 400;\">68 pe\u00e7as em 4 cores<\/span><\/li>\n<li style=\"font-weight: 400;\" aria-level=\"1\"><span style=\"font-weight: 400;\">84 fichas em 4 cores<\/span><\/li>\n<li style=\"font-weight: 400;\" aria-level=\"1\"><span style=\"font-weight: 400;\">1 manual de regras<\/span><\/li>\n<\/ul>\n","protected":false},"excerpt":{"rendered":"<p><span style=\"font-weight: 400;\">A lua nova \u00e9 um s\u00edmbolo de um novo come\u00e7o; o momento perfeito de iniciar algo novo e planejar seu futuro.<\/span><\/p>\n","protected":false},"featured_media":15925,"comment_status":"open","ping_status":"closed","template":"","meta":[],"product_cat":[75,82,88,96,74,80],"product_tag":[],"class_list":{"0":"post-15924","1":"product","2":"type-product","3":"status-publish","4":"has-post-thumbnail","6":"product_cat-boardgames-tabuleiro","7":"product_cat-competitivos","8":"product_cat-editoras","9":"product_cat-funbox","10":"product_cat-jogos","11":"product_cat-jogos-familia","13":"first","14":"instock","15":"shipping-taxable","16":"purchasable","17":"product-type-simple"},"_links":{"self":[{"href":"https:\/\/borderjogos.suprahub.com.br\/index.php?rest_route=\/wp\/v2\/product\/15924","targetHints":{"allow":["GET"]}}],"collection":[{"href":"https:\/\/borderjogos.suprahub.com.br\/index.php?rest_route=\/wp\/v2\/product"}],"about":[{"href":"https:\/\/borderjogos.suprahub.com.br\/index.php?rest_route=\/wp\/v2\/types\/product"}],"replies":[{"embeddable":true,"href":"https:\/\/borderjogos.suprahub.com.br\/index.php?rest_route=%2Fwp%2Fv2%2Fcomments&post=15924"}],"version-history":[{"count":1,"href":"https:\/\/borderjogos.suprahub.com.br\/index.php?rest_route=\/wp\/v2\/product\/15924\/revisions"}],"predecessor-version":[{"id":15929,"href":"https:\/\/borderjogos.suprahub.com.br\/index.php?rest_route=\/wp\/v2\/product\/15924\/revisions\/15929"}],"wp:featuredmedia":[{"embeddable":true,"href":"https:\/\/borderjogos.suprahub.com.br\/index.php?rest_route=\/wp\/v2\/media\/15925"}],"wp:attachment":[{"href":"https:\/\/borderjogos.suprahub.com.br\/index.php?rest_route=%2Fwp%2Fv2%2Fmedia&parent=15924"}],"wp:term":[{"taxonomy":"product_cat","embeddable":true,"href":"https:\/\/borderjogos.suprahub.com.br\/index.php?rest_route=%2Fwp%2Fv2%2Fproduct_cat&post=15924"},{"taxonomy":"product_tag","embeddable":true,"href":"https:\/\/borderjogos.suprahub.com.br\/index.php?rest_route=%2Fwp%2Fv2%2Fproduct_tag&post=15924"}],"curies":[{"name":"wp","href":"https:\/\/api.w.org\/{rel}","templated":true}]}}