{"id":15930,"date":"2023-07-26T18:38:08","date_gmt":"2023-07-26T18:38:08","guid":{"rendered":"https:\/\/borderjogos.suprahub.com.br\/?post_type=product&#038;p=15930"},"modified":"2023-07-26T18:38:08","modified_gmt":"2023-07-26T18:38:08","slug":"7-wonders-duel","status":"publish","type":"product","link":"https:\/\/borderjogos.suprahub.com.br\/?product=7-wonders-duel","title":{"rendered":"7 Wonders Duel"},"content":{"rendered":"<h2><b>Descri\u00e7\u00e3o Completa<\/b><\/h2>\n<p><span style=\"font-weight: 400;\">Desenvolva seus conhecimentos cient\u00edficos e seu ex\u00e9rcito, construa monumentos de prest\u00edgio e leve sua civiliza\u00e7\u00e3o \u00e0 vit\u00f3ria. 7 Wonders Duel \u00e9 um jogo aut\u00f4nomo desenvolvido especialmente para 2 jogadores e que se ambienta no mundo de 7 Wonders.\u00a0<\/span><\/p>\n<p><span style=\"font-weight: 400;\">Possui novo sistema de sele\u00e7\u00e3o de cartas, 3 condi\u00e7\u00f5es de vit\u00f3ria, progresso cient\u00edfico, um sistema militar inovador e 12 Maravilhas que se combinam em partidas viciantes e constantemente renovadas.<\/span><\/p>\n<p><b>Como jogar?<\/b><\/p>\n<p><span style=\"font-weight: 400;\">Cada jogador come\u00e7a com quatro cartas de maravilhas, e a constru\u00e7\u00e3o de uma maravilha fornece ao seu dono uma habilidade especial. No entanto, apenas sete maravilhas podem ser constru\u00eddas, ent\u00e3o um jogador ficar\u00e1 aqu\u00e9m.<\/span><\/p>\n<p><span style=\"font-weight: 400;\">Os jogadores podem comprar recursos a qualquer momento do banco, ou podem ganhar cartas durante o jogo que lhes fornecem recursos para constru\u00e7\u00e3o futura; \u00e0 medida que voc\u00ea adquire recursos, o custo desses recursos espec\u00edficos aumenta para seu oponente, representando seu dom\u00ednio nessa \u00e1rea.<\/span><\/p>\n<p><span style=\"font-weight: 400;\">Um jogador pode ganhar 7 Wonders Duel de tr\u00eas maneiras: cada vez que voc\u00ea adquire uma carta militar, voc\u00ea avan\u00e7a o marcador militar em dire\u00e7\u00e3o \u00e0 capital do seu oponente, dando a voc\u00ea um b\u00f4nus em certas posi\u00e7\u00f5es; se voc\u00ea chegar \u00e0 capital do oponente, voc\u00ea ganha o jogo imediatamente; da mesma forma, se voc\u00ea adquirir seis dos sete s\u00edmbolos cient\u00edficos diferentes, voc\u00ea alcan\u00e7a o dom\u00ednio cient\u00edfico e ganha imediatamente; se nenhuma dessas situa\u00e7\u00f5es ocorrer, ent\u00e3o o jogador com mais pontos no final do jogo vence.<\/span><\/p>\n<h2><b>Lista de componentes<\/b><\/h2>\n<p><span style=\"font-weight: 400;\">1 Tabuleiro<\/span><span style=\"font-weight: 400;\"><br \/>\n<\/span><span style=\"font-weight: 400;\">66 Cartas de Era<\/span><span style=\"font-weight: 400;\"><br \/>\n<\/span><span style=\"font-weight: 400;\">7 Cartas de Guilda<\/span><span style=\"font-weight: 400;\"><br \/>\n<\/span><span style=\"font-weight: 400;\">12 Cartas de Maravilha<\/span><span style=\"font-weight: 400;\"><br \/>\n<\/span><span style=\"font-weight: 400;\">4 Fichas Militares<\/span><span style=\"font-weight: 400;\"><br \/>\n<\/span><span style=\"font-weight: 400;\">10 Fichas de Progresso<\/span><span style=\"font-weight: 400;\"><br \/>\n<\/span><span style=\"font-weight: 400;\">1 Pe\u00e3o de Conflito<\/span><span style=\"font-weight: 400;\"><br \/>\n<\/span><span style=\"font-weight: 400;\">31 Moedas<\/span><span style=\"font-weight: 400;\"><br \/>\n<\/span><span style=\"font-weight: 400;\">1 Caderneta para marcar os pontos<\/span><span style=\"font-weight: 400;\"><br \/>\n<\/span><span style=\"font-weight: 400;\">1 Livro de regras<\/span><span style=\"font-weight: 400;\"><br \/>\n<\/span><span style=\"font-weight: 400;\">1 Folha de aux\u00edlio<\/span><\/p>\n","protected":false},"excerpt":{"rendered":"<p><span style=\"font-weight: 400;\">Desenvolva seus conhecimentos cient\u00edficos e seu ex\u00e9rcito, construa monumentos de prest\u00edgio e leve sua civiliza\u00e7\u00e3o \u00e0 vit\u00f3ria. 7 Wonders Duel \u00e9 um jogo aut\u00f4nomo desenvolvido especialmente para 2 jogadores e que se ambienta no mundo de 7 Wonders.\u00a0<\/span><\/p>\n","protected":false},"featured_media":15931,"comment_status":"open","ping_status":"closed","template":"","meta":[],"product_cat":[75,82,88,89,74,79],"product_tag":[],"class_list":{"0":"post-15930","1":"product","2":"type-product","3":"status-publish","4":"has-post-thumbnail","6":"product_cat-boardgames-tabuleiro","7":"product_cat-competitivos","8":"product_cat-editoras","9":"product_cat-galapagos","10":"product_cat-jogos","11":"product_cat-jogos-para-dois","13":"first","14":"instock","15":"shipping-taxable","16":"purchasable","17":"product-type-simple"},"_links":{"self":[{"href":"https:\/\/borderjogos.suprahub.com.br\/index.php?rest_route=\/wp\/v2\/product\/15930","targetHints":{"allow":["GET"]}}],"collection":[{"href":"https:\/\/borderjogos.suprahub.com.br\/index.php?rest_route=\/wp\/v2\/product"}],"about":[{"href":"https:\/\/borderjogos.suprahub.com.br\/index.php?rest_route=\/wp\/v2\/types\/product"}],"replies":[{"embeddable":true,"href":"https:\/\/borderjogos.suprahub.com.br\/index.php?rest_route=%2Fwp%2Fv2%2Fcomments&post=15930"}],"version-history":[{"count":1,"href":"https:\/\/borderjogos.suprahub.com.br\/index.php?rest_route=\/wp\/v2\/product\/15930\/revisions"}],"predecessor-version":[{"id":15935,"href":"https:\/\/borderjogos.suprahub.com.br\/index.php?rest_route=\/wp\/v2\/product\/15930\/revisions\/15935"}],"wp:featuredmedia":[{"embeddable":true,"href":"https:\/\/borderjogos.suprahub.com.br\/index.php?rest_route=\/wp\/v2\/media\/15931"}],"wp:attachment":[{"href":"https:\/\/borderjogos.suprahub.com.br\/index.php?rest_route=%2Fwp%2Fv2%2Fmedia&parent=15930"}],"wp:term":[{"taxonomy":"product_cat","embeddable":true,"href":"https:\/\/borderjogos.suprahub.com.br\/index.php?rest_route=%2Fwp%2Fv2%2Fproduct_cat&post=15930"},{"taxonomy":"product_tag","embeddable":true,"href":"https:\/\/borderjogos.suprahub.com.br\/index.php?rest_route=%2Fwp%2Fv2%2Fproduct_tag&post=15930"}],"curies":[{"name":"wp","href":"https:\/\/api.w.org\/{rel}","templated":true}]}}