{"id":15936,"date":"2023-07-26T18:48:13","date_gmt":"2023-07-26T18:48:13","guid":{"rendered":"https:\/\/borderjogos.suprahub.com.br\/?post_type=product&#038;p=15936"},"modified":"2023-07-26T18:48:13","modified_gmt":"2023-07-26T18:48:13","slug":"agricola-15","status":"publish","type":"product","link":"https:\/\/borderjogos.suprahub.com.br\/?product=agricola-15","title":{"rendered":"Agricola 15"},"content":{"rendered":"<p><span style=\"font-weight: 400;\">Jogadores: 1 a 4\u00a0<\/span><\/p>\n<p><span style=\"font-weight: 400;\">Idade:14+<\/span><span style=\"font-weight: 400;\"><br \/>\n<\/span><span style=\"font-weight: 400;\">Tempo: 60 &#8211; 120 min<\/span><\/p>\n<p><span style=\"font-weight: 400;\">Idioma: Portugu\u00eas<\/span><\/p>\n<h2><b>Descri\u00e7\u00e3o Completa<\/b><\/h2>\n<p><b>Agricola 15 \u00e9 a edi\u00e7\u00e3o de anivers\u00e1rio de 15 anos <\/b><span style=\"font-weight: 400;\">do cl\u00e1ssico jogo estrat\u00e9gico Agricola, criado pelo renomado designer Uwe Rosenberg.<\/span><\/p>\n<p><span style=\"font-weight: 400;\">Apresentando uma caixa gigante com nova capa deslumbrante criada por Klemens Franz, esta edi\u00e7\u00e3o inclui a Edi\u00e7\u00e3o Revisada do jogo base, os baralhos das expans\u00f5es Artifex e Bubulcus, itens promocionais esgotados h\u00e1 anos e um novo insert para facilitar a armazenagem e set-up do jogo!<\/span><\/p>\n<p><span style=\"font-weight: 400;\">No total, a caixa conta com 430 cartas, mais de 200 tokens e mais de 270 pe\u00e7as de madeira.<\/span><\/p>\n<p><b>Sobre Agricola\u00a0<\/b><\/p>\n<p><span style=\"font-weight: 400;\">Agricola \u00e9 um jogo de tabuleiro cl\u00e1ssico no qual os jogadores assumem o papel de fazendeiros e enfrentam desafios para equilibrar o cuidado com a fam\u00edlia e a prosperidade da fazenda. Com in\u00fameras estrat\u00e9gias dispon\u00edveis, como melhorias na fazenda, extra\u00e7\u00e3o de recursos e cultivo de planta\u00e7\u00f5es, os jogadores devem tomar decis\u00f5es inteligentes para alcan\u00e7ar a prosperidade. A edi\u00e7\u00e3o revisada do jogo apresenta uma jogabilidade atualizada, novas artes e componentes modernos, mantendo a ess\u00eancia do Agricola intacta.\u00a0<\/span><\/p>\n<h2><b>Lista de componentes<\/b><\/h2>\n<p><span style=\"font-weight: 400;\">430 Cartas<\/span><span style=\"font-weight: 400;\"><br \/>\n<\/span><span style=\"font-weight: 400;\">1 Bloco de pontua\u00e7\u00e3o<\/span><span style=\"font-weight: 400;\"><br \/>\n<\/span><span style=\"font-weight: 400;\">95 Marcadores<\/span><span style=\"font-weight: 400;\"><br \/>\n<\/span><span style=\"font-weight: 400;\">117 Pe\u00e7as<\/span><span style=\"font-weight: 400;\"><br \/>\n<\/span><span style=\"font-weight: 400;\">4 Tabuleiros de fazenda<\/span><span style=\"font-weight: 400;\"><br \/>\n<\/span><span style=\"font-weight: 400;\">1 Tabuleiro de jogo<\/span><span style=\"font-weight: 400;\"><br \/>\n<\/span><span style=\"font-weight: 400;\">1 Quadro de suprimentos<\/span><span style=\"font-weight: 400;\"><br \/>\n<\/span><span style=\"font-weight: 400;\">2 Extens\u00f5es para o tabuleiro<\/span><\/p>\n<p><span style=\"font-weight: 400;\">277 Componentes de madeira, sendo:<\/span><\/p>\n<p><span style=\"font-weight: 400;\">18 ovelhas brancas<\/span><span style=\"font-weight: 400;\"><br \/>\n<\/span><span style=\"font-weight: 400;\">15 javalis pretos<\/span><span style=\"font-weight: 400;\"><br \/>\n<\/span><span style=\"font-weight: 400;\">13 vacas marrons<\/span><span style=\"font-weight: 400;\"><br \/>\n<\/span><span style=\"font-weight: 400;\">38 pe\u00e7as de madeira<\/span><span style=\"font-weight: 400;\"><br \/>\n<\/span><span style=\"font-weight: 400;\">26 pe\u00e7as de argila<\/span><span style=\"font-weight: 400;\"><br \/>\n<\/span><span style=\"font-weight: 400;\">14 pe\u00e7as de junco<\/span><span style=\"font-weight: 400;\"><br \/>\n<\/span><span style=\"font-weight: 400;\">16 pe\u00e7as de pedra<\/span><span style=\"font-weight: 400;\"><br \/>\n<\/span><span style=\"font-weight: 400;\">24 pe\u00e7as de cereal<\/span><span style=\"font-weight: 400;\"><br \/>\n<\/span><span style=\"font-weight: 400;\">16 pe\u00e7as de legume<\/span><span style=\"font-weight: 400;\"><br \/>\n<\/span><span style=\"font-weight: 400;\">1 pe\u00e7a amarelo de jogador inicial<\/span><span style=\"font-weight: 400;\"><br \/>\n<\/span><span style=\"font-weight: 400;\">60 cercas<\/span><span style=\"font-weight: 400;\"><br \/>\n<\/span><span style=\"font-weight: 400;\">16 est\u00e1bulos<\/span><span style=\"font-weight: 400;\"><br \/>\n<\/span><span style=\"font-weight: 400;\">20 pessoas<\/span><\/p>\n","protected":false},"excerpt":{"rendered":"<p><b>Agricola 15 \u00e9 a edi\u00e7\u00e3o de anivers\u00e1rio de 15 anos <\/b><span style=\"font-weight: 400;\">do cl\u00e1ssico jogo estrat\u00e9gico Agricola, criado pelo renomado designer Uwe Rosenberg.<\/span><\/p>\n","protected":false},"featured_media":15939,"comment_status":"open","ping_status":"closed","template":"","meta":[],"product_cat":[75,82,88,89,74,81],"product_tag":[],"class_list":{"0":"post-15936","1":"product","2":"type-product","3":"status-publish","4":"has-post-thumbnail","6":"product_cat-boardgames-tabuleiro","7":"product_cat-competitivos","8":"product_cat-editoras","9":"product_cat-galapagos","10":"product_cat-jogos","11":"product_cat-jogos-expert","13":"first","14":"instock","15":"sale","16":"shipping-taxable","17":"purchasable","18":"product-type-simple"},"_links":{"self":[{"href":"https:\/\/borderjogos.suprahub.com.br\/index.php?rest_route=\/wp\/v2\/product\/15936","targetHints":{"allow":["GET"]}}],"collection":[{"href":"https:\/\/borderjogos.suprahub.com.br\/index.php?rest_route=\/wp\/v2\/product"}],"about":[{"href":"https:\/\/borderjogos.suprahub.com.br\/index.php?rest_route=\/wp\/v2\/types\/product"}],"replies":[{"embeddable":true,"href":"https:\/\/borderjogos.suprahub.com.br\/index.php?rest_route=%2Fwp%2Fv2%2Fcomments&post=15936"}],"version-history":[{"count":1,"href":"https:\/\/borderjogos.suprahub.com.br\/index.php?rest_route=\/wp\/v2\/product\/15936\/revisions"}],"predecessor-version":[{"id":15943,"href":"https:\/\/borderjogos.suprahub.com.br\/index.php?rest_route=\/wp\/v2\/product\/15936\/revisions\/15943"}],"wp:featuredmedia":[{"embeddable":true,"href":"https:\/\/borderjogos.suprahub.com.br\/index.php?rest_route=\/wp\/v2\/media\/15939"}],"wp:attachment":[{"href":"https:\/\/borderjogos.suprahub.com.br\/index.php?rest_route=%2Fwp%2Fv2%2Fmedia&parent=15936"}],"wp:term":[{"taxonomy":"product_cat","embeddable":true,"href":"https:\/\/borderjogos.suprahub.com.br\/index.php?rest_route=%2Fwp%2Fv2%2Fproduct_cat&post=15936"},{"taxonomy":"product_tag","embeddable":true,"href":"https:\/\/borderjogos.suprahub.com.br\/index.php?rest_route=%2Fwp%2Fv2%2Fproduct_tag&post=15936"}],"curies":[{"name":"wp","href":"https:\/\/api.w.org\/{rel}","templated":true}]}}