{"id":15951,"date":"2023-07-26T19:16:29","date_gmt":"2023-07-26T19:16:29","guid":{"rendered":"https:\/\/borderjogos.suprahub.com.br\/?post_type=product&#038;p=15951"},"modified":"2023-07-26T19:24:24","modified_gmt":"2023-07-26T19:24:24","slug":"azul-mestre-chocolatier","status":"publish","type":"product","link":"https:\/\/borderjogos.suprahub.com.br\/?product=azul-mestre-chocolatier","title":{"rendered":"Azul: Mestre Chocolatier"},"content":{"rendered":"<p><span style=\"font-weight: 400;\">Jogadores: 2 a 4<\/span><\/p>\n<p><span style=\"font-weight: 400;\">idade: 14+<\/span><\/p>\n<p><span style=\"font-weight: 400;\">Tempo: 45 Min<\/span><\/p>\n<p><span style=\"font-weight: 400;\">Idioma: Portugu\u00eas\u00a0<\/span><\/p>\n<p><span style=\"font-weight: 400;\">Tamanho: 7x26x26 cm<\/span><\/p>\n<p><span style=\"font-weight: 400;\">Peso: 1.2 kg<\/span><\/p>\n<h2><b>Descri\u00e7\u00e3o Completa<\/b><\/h2>\n<p><span style=\"font-weight: 400;\">Assuma o papel de um mestre chocolatier e crie deliciosas receitas de chocolates em Azul: Mestre Chocolatier. Essa edi\u00e7\u00e3o especial e limitada conta com tiles de f\u00e1bricas dupla-faces, com um dos lados apresentando a din\u00e2mica cl\u00e1ssica do Azul, enquanto o outro lado apresenta in\u00e9ditos chocolates irresist\u00edveis!<\/span><\/p>\n<p><span style=\"font-weight: 400;\">Para vencer a competi\u00e7\u00e3o entre os mestres chocolatiers, voc\u00ea precisa gerenciar cuidadosamente suas pe\u00e7as de chocolate, escolher as receitas que mais lhe interessam e planejar suas jogadas com anteced\u00eancia. As regras s\u00e3o simples e f\u00e1ceis de entender, tornando o jogo perfeito para jogadores de todas as idades e habilidades. Voc\u00ea ter\u00e1 horas de divers\u00e3o com amigos e familiares, enquanto desfruta da deliciosa tem\u00e1tica de chocolate!<\/span><\/p>\n<p><span style=\"font-weight: 400;\">A nova variante conta com tiles com efeitos especiais, que mudam a din\u00e2mica de sele\u00e7\u00e3o de pe\u00e7as, trazendo efeitos como: mandar determinado tipo de pe\u00e7a para a f\u00e1brica vizinha, alterando o setup inicial, entre outros. Ent\u00e3o, se voc\u00ea quer experimentar algo novo e emocionante, n\u00e3o perca a chance de jogar Azul: Mestre Chocolatier. Quem ser\u00e1 o melhor mestre chocolatier?<\/span><\/p>\n<h2><b>Lista de componentes<\/b><\/h2>\n<p><span style=\"font-weight: 400;\">100 Pe\u00e7as de resina<\/span><span style=\"font-weight: 400;\"><br \/>\n<\/span><span style=\"font-weight: 400;\">4 Tabuleiros de jogador<\/span><span style=\"font-weight: 400;\"><br \/>\n<\/span><span style=\"font-weight: 400;\">9 Expositores de f\u00e1brica dupla face<\/span><span style=\"font-weight: 400;\"><br \/>\n<\/span><span style=\"font-weight: 400;\">4 Marcadores de pontua\u00e7\u00e3o<\/span><span style=\"font-weight: 400;\"><br \/>\n<\/span><span style=\"font-weight: 400;\">1 Marcador de primeiro jogador<\/span><span style=\"font-weight: 400;\"><br \/>\n<\/span><span style=\"font-weight: 400;\">1 Bolsa de tecido<\/span><span style=\"font-weight: 400;\"><br \/>\n<\/span><span style=\"font-weight: 400;\">1 Livro de regras<\/span><\/p>\n","protected":false},"excerpt":{"rendered":"<p><span style=\"font-weight: 400;\">Assuma o papel de um mestre chocolatier e crie deliciosas receitas de chocolates em Azul: Mestre Chocolatier. Essa edi\u00e7\u00e3o especial e limitada conta com tiles de f\u00e1bricas dupla-faces, com um dos lados apresentando a din\u00e2mica cl\u00e1ssica do Azul, enquanto o outro lado apresenta in\u00e9ditos chocolates irresist\u00edveis!<\/span><\/p>\n","protected":false},"featured_media":15954,"comment_status":"open","ping_status":"closed","template":"","meta":[],"product_cat":[75,82,88,89,74,80,79],"product_tag":[],"class_list":{"0":"post-15951","1":"product","2":"type-product","3":"status-publish","4":"has-post-thumbnail","6":"product_cat-boardgames-tabuleiro","7":"product_cat-competitivos","8":"product_cat-editoras","9":"product_cat-galapagos","10":"product_cat-jogos","11":"product_cat-jogos-familia","12":"product_cat-jogos-para-dois","14":"first","15":"instock","16":"sale","17":"shipping-taxable","18":"purchasable","19":"product-type-simple"},"_links":{"self":[{"href":"https:\/\/borderjogos.suprahub.com.br\/index.php?rest_route=\/wp\/v2\/product\/15951","targetHints":{"allow":["GET"]}}],"collection":[{"href":"https:\/\/borderjogos.suprahub.com.br\/index.php?rest_route=\/wp\/v2\/product"}],"about":[{"href":"https:\/\/borderjogos.suprahub.com.br\/index.php?rest_route=\/wp\/v2\/types\/product"}],"replies":[{"embeddable":true,"href":"https:\/\/borderjogos.suprahub.com.br\/index.php?rest_route=%2Fwp%2Fv2%2Fcomments&post=15951"}],"version-history":[{"count":1,"href":"https:\/\/borderjogos.suprahub.com.br\/index.php?rest_route=\/wp\/v2\/product\/15951\/revisions"}],"predecessor-version":[{"id":15957,"href":"https:\/\/borderjogos.suprahub.com.br\/index.php?rest_route=\/wp\/v2\/product\/15951\/revisions\/15957"}],"wp:featuredmedia":[{"embeddable":true,"href":"https:\/\/borderjogos.suprahub.com.br\/index.php?rest_route=\/wp\/v2\/media\/15954"}],"wp:attachment":[{"href":"https:\/\/borderjogos.suprahub.com.br\/index.php?rest_route=%2Fwp%2Fv2%2Fmedia&parent=15951"}],"wp:term":[{"taxonomy":"product_cat","embeddable":true,"href":"https:\/\/borderjogos.suprahub.com.br\/index.php?rest_route=%2Fwp%2Fv2%2Fproduct_cat&post=15951"},{"taxonomy":"product_tag","embeddable":true,"href":"https:\/\/borderjogos.suprahub.com.br\/index.php?rest_route=%2Fwp%2Fv2%2Fproduct_tag&post=15951"}],"curies":[{"name":"wp","href":"https:\/\/api.w.org\/{rel}","templated":true}]}}