{"id":15958,"date":"2023-07-26T19:38:06","date_gmt":"2023-07-26T19:38:06","guid":{"rendered":"https:\/\/borderjogos.suprahub.com.br\/?post_type=product&#038;p=15958"},"modified":"2023-07-26T19:38:06","modified_gmt":"2023-07-26T19:38:06","slug":"bananagrams","status":"publish","type":"product","link":"https:\/\/borderjogos.suprahub.com.br\/?product=bananagrams","title":{"rendered":"Bananagrams"},"content":{"rendered":"<p><span style=\"font-weight: 400;\">Jogadores: 1 a 8\u00a0<\/span><\/p>\n<p><span style=\"font-weight: 400;\">Idade: 8+<\/span><\/p>\n<p><span style=\"font-weight: 400;\">Tempo: 15 Min<\/span><\/p>\n<p><span style=\"font-weight: 400;\">Idioma: Portugu\u00eas<\/span><\/p>\n<h2><b>Descri\u00e7\u00e3o Completa<\/b><\/h2>\n<p><span style=\"font-weight: 400;\">Bananagrams \u00e9 um jogo de racioc\u00ednio r\u00e1pido em que os jogadores precisam formar suas pr\u00f3prias palavras-cruzadas usando as letras dispon\u00edveis no jogo. As partidas duram at\u00e9 15 minutos, com regras extremamente simples que tornam o jogo acess\u00edvel para qualquer um que quiser jogar!\u00a0<\/span><\/p>\n<p><span style=\"font-weight: 400;\">Os jogadores trabalham independentemente para criar suas pr\u00f3prias palavras cruzadas, competindo para ser o primeiro a usar todas as suas letras. Quando uma pessoa acaba com as pe\u00e7as que tem dispon\u00edvel, ela anuncia isso a mesa e compra uma nova pe\u00e7a &#8211; todos os outros jogadores tamb\u00e9m devem comprar uma nova pe\u00e7a. Os jogadores tamb\u00e9m podem optar por trocar uma pe\u00e7a que n\u00e3o est\u00e1 encaixando por tr\u00eas novas. A partida terminar quando houver menos pe\u00e7as para comprar do que o n\u00famero de pessoas.<\/span><\/p>\n<p><span style=\"font-weight: 400;\">O jogo se mant\u00e9m din\u00e2mico com diversos modos de jogo, como o modo solo ou um modo para locais com falta de espa\u00e7o, sendo perfeito para animar qualquer ocasi\u00e3o! Ent\u00e3o, se voc\u00ea quer desafiar seu racioc\u00ednio r\u00e1pido e ter um tempo divertido com amigos ou fam\u00edlia, experimente o Bananagrams e descubra quem ser\u00e1 o primeiro a se tornar o Banana Mestre &#8211; ou o Banana Podre, se houver qualquer palavra errada no seu conjunto de palavras-cruzadas!<\/span><\/p>\n<h2><b>Lista de componentes<\/b><\/h2>\n<p><span style=\"font-weight: 400;\">144 Pe\u00e7as <\/span><span style=\"font-weight: 400;\"><br \/>\n<\/span><span style=\"font-weight: 400;\">1 Livro de regras<\/span><\/p>\n","protected":false},"excerpt":{"rendered":"<p><span style=\"font-weight: 400;\">Bananagrams \u00e9 um jogo de racioc\u00ednio r\u00e1pido em que os jogadores precisam formar suas pr\u00f3prias palavras-cruzadas usando as letras dispon\u00edveis no jogo.<\/span><\/p>\n","protected":false},"featured_media":15959,"comment_status":"open","ping_status":"closed","template":"","meta":[],"product_cat":[82,88,89,74,80,79],"product_tag":[],"class_list":{"0":"post-15958","1":"product","2":"type-product","3":"status-publish","4":"has-post-thumbnail","6":"product_cat-competitivos","7":"product_cat-editoras","8":"product_cat-galapagos","9":"product_cat-jogos","10":"product_cat-jogos-familia","11":"product_cat-jogos-para-dois","13":"first","14":"instock","15":"sale","16":"shipping-taxable","17":"purchasable","18":"product-type-simple"},"_links":{"self":[{"href":"https:\/\/borderjogos.suprahub.com.br\/index.php?rest_route=\/wp\/v2\/product\/15958","targetHints":{"allow":["GET"]}}],"collection":[{"href":"https:\/\/borderjogos.suprahub.com.br\/index.php?rest_route=\/wp\/v2\/product"}],"about":[{"href":"https:\/\/borderjogos.suprahub.com.br\/index.php?rest_route=\/wp\/v2\/types\/product"}],"replies":[{"embeddable":true,"href":"https:\/\/borderjogos.suprahub.com.br\/index.php?rest_route=%2Fwp%2Fv2%2Fcomments&post=15958"}],"version-history":[{"count":1,"href":"https:\/\/borderjogos.suprahub.com.br\/index.php?rest_route=\/wp\/v2\/product\/15958\/revisions"}],"predecessor-version":[{"id":15963,"href":"https:\/\/borderjogos.suprahub.com.br\/index.php?rest_route=\/wp\/v2\/product\/15958\/revisions\/15963"}],"wp:featuredmedia":[{"embeddable":true,"href":"https:\/\/borderjogos.suprahub.com.br\/index.php?rest_route=\/wp\/v2\/media\/15959"}],"wp:attachment":[{"href":"https:\/\/borderjogos.suprahub.com.br\/index.php?rest_route=%2Fwp%2Fv2%2Fmedia&parent=15958"}],"wp:term":[{"taxonomy":"product_cat","embeddable":true,"href":"https:\/\/borderjogos.suprahub.com.br\/index.php?rest_route=%2Fwp%2Fv2%2Fproduct_cat&post=15958"},{"taxonomy":"product_tag","embeddable":true,"href":"https:\/\/borderjogos.suprahub.com.br\/index.php?rest_route=%2Fwp%2Fv2%2Fproduct_tag&post=15958"}],"curies":[{"name":"wp","href":"https:\/\/api.w.org\/{rel}","templated":true}]}}