{"id":15970,"date":"2023-07-26T19:54:04","date_gmt":"2023-07-26T19:54:04","guid":{"rendered":"https:\/\/borderjogos.suprahub.com.br\/?post_type=product&#038;p=15970"},"modified":"2023-07-26T19:54:05","modified_gmt":"2023-07-26T19:54:05","slug":"bang-dice-game-2","status":"publish","type":"product","link":"https:\/\/borderjogos.suprahub.com.br\/?product=bang-dice-game-2","title":{"rendered":"Bang! Dice Game"},"content":{"rendered":"<p><span style=\"font-weight: 400;\">Jogadores: 3 a 8<\/span><\/p>\n<p><span style=\"font-weight: 400;\">Idade: 8+<\/span><span style=\"font-weight: 400;\"><br \/>\n<\/span><span style=\"font-weight: 400;\">Tempo: 15 min<\/span><\/p>\n<p><span style=\"font-weight: 400;\">Idioma: Portugu\u00eas<\/span><\/p>\n<h2><b>Descri\u00e7\u00e3o Completa<\/b><\/h2>\n<p><span style=\"font-weight: 400;\">A eterna batalha entre a Lei e os Foras-da-Lei continua assolando o Velho Oeste. De repente, uma chuva de \ufb02echas escurece o c\u00e9u: \u00e9 um ataque Ind\u00edgena!<\/span><\/p>\n<p><span style=\"font-weight: 400;\">Voc\u00ea \u00e9 corajoso o sufciente para enfrent\u00e1-los? Tem coragem para desafar o seu destino? Conseguir\u00e1 revelar e derrotar os pistoleiros impiedosos ao seu redor?<\/span><\/p>\n<p><span style=\"font-weight: 400;\">Divirta-se com BANG!, agora na vers\u00e3o com dados! Promovendo confrontos no faroeste de 3 a 8 jogadores.<\/span><\/p>\n<h2><b>Lista de componentes<\/b><\/h2>\n<p><span style=\"font-weight: 400;\">5 dados BANG!<\/span><span style=\"font-weight: 400;\"><br \/>\n<\/span><span style=\"font-weight: 400;\">30 cartas (63 mm x 88 mm)<\/span><span style=\"font-weight: 400;\"><br \/>\n<\/span><span style=\"font-weight: 400;\">9 fichas de \ufb02echa<\/span><span style=\"font-weight: 400;\"><br \/>\n<\/span><span style=\"font-weight: 400;\">40 fichas de bala<\/span><span style=\"font-weight: 400;\"><br \/>\n<\/span><span style=\"font-weight: 400;\">1 folheto de regras<\/span><\/p>\n","protected":false},"excerpt":{"rendered":"<p><span style=\"font-weight: 400;\">A eterna batalha entre a Lei e os Foras-da-Lei continua assolando o Velho Oeste. De repente, uma chuva de \ufb02echas escurece o c\u00e9u: \u00e9 um ataque Ind\u00edgena!<\/span><\/p>\n","protected":false},"featured_media":15973,"comment_status":"open","ping_status":"closed","template":"","meta":[],"product_cat":[76,82,88,89,74,77],"product_tag":[],"class_list":{"0":"post-15970","1":"product","2":"type-product","3":"status-publish","4":"has-post-thumbnail","6":"product_cat-card-games-cartas","7":"product_cat-competitivos","8":"product_cat-editoras","9":"product_cat-galapagos","10":"product_cat-jogos","11":"product_cat-party-games","13":"first","14":"instock","15":"sale","16":"shipping-taxable","17":"purchasable","18":"product-type-simple"},"_links":{"self":[{"href":"https:\/\/borderjogos.suprahub.com.br\/index.php?rest_route=\/wp\/v2\/product\/15970","targetHints":{"allow":["GET"]}}],"collection":[{"href":"https:\/\/borderjogos.suprahub.com.br\/index.php?rest_route=\/wp\/v2\/product"}],"about":[{"href":"https:\/\/borderjogos.suprahub.com.br\/index.php?rest_route=\/wp\/v2\/types\/product"}],"replies":[{"embeddable":true,"href":"https:\/\/borderjogos.suprahub.com.br\/index.php?rest_route=%2Fwp%2Fv2%2Fcomments&post=15970"}],"version-history":[{"count":1,"href":"https:\/\/borderjogos.suprahub.com.br\/index.php?rest_route=\/wp\/v2\/product\/15970\/revisions"}],"predecessor-version":[{"id":15975,"href":"https:\/\/borderjogos.suprahub.com.br\/index.php?rest_route=\/wp\/v2\/product\/15970\/revisions\/15975"}],"wp:featuredmedia":[{"embeddable":true,"href":"https:\/\/borderjogos.suprahub.com.br\/index.php?rest_route=\/wp\/v2\/media\/15973"}],"wp:attachment":[{"href":"https:\/\/borderjogos.suprahub.com.br\/index.php?rest_route=%2Fwp%2Fv2%2Fmedia&parent=15970"}],"wp:term":[{"taxonomy":"product_cat","embeddable":true,"href":"https:\/\/borderjogos.suprahub.com.br\/index.php?rest_route=%2Fwp%2Fv2%2Fproduct_cat&post=15970"},{"taxonomy":"product_tag","embeddable":true,"href":"https:\/\/borderjogos.suprahub.com.br\/index.php?rest_route=%2Fwp%2Fv2%2Fproduct_tag&post=15970"}],"curies":[{"name":"wp","href":"https:\/\/api.w.org\/{rel}","templated":true}]}}