{"id":15976,"date":"2023-07-26T20:00:04","date_gmt":"2023-07-26T20:00:04","guid":{"rendered":"https:\/\/borderjogos.suprahub.com.br\/?post_type=product&#038;p=15976"},"modified":"2023-07-26T20:00:05","modified_gmt":"2023-07-26T20:00:05","slug":"cortex","status":"publish","type":"product","link":"https:\/\/borderjogos.suprahub.com.br\/?product=cortex","title":{"rendered":"Cortex"},"content":{"rendered":"<p><span style=\"font-weight: 400;\">Jogadores: 2 a 6<\/span><\/p>\n<p><span style=\"font-weight: 400;\">Idade: 8+<\/span><\/p>\n<p><span style=\"font-weight: 400;\">tempo: 15 min<\/span><\/p>\n<p><span style=\"font-weight: 400;\">Idioma: Portugu\u00eas<\/span><\/p>\n<p><span style=\"font-weight: 400;\">Tamanho: 5x14x14 cm<\/span><\/p>\n<p><span style=\"font-weight: 400;\">Peso: 0.4 kg<\/span><\/p>\n<p><b>Descri\u00e7\u00e3o completa<\/b><\/p>\n<p><span style=\"font-weight: 400;\">Alguns anos atr\u00e1s, cientistas disseram que o ser humano utiliza apenas 10% de sua capacidade cerebral\u2026 obviamente esses cientistas ainda n\u00e3o conheciam C\u00f3rtex.<\/span><\/p>\n<p><span style=\"font-weight: 400;\">Nesse jogo r\u00e1pido e inteligente, os jogadores competem para resolver desafios dos mais inusitados, que se dividem em 8 tipos, como lembrar todas as figuras que a carta cont\u00e9m, realizar desafios t\u00e1teis, racioc\u00ednio l\u00f3gico e muitos outros.<\/span><\/p>\n<p><span style=\"font-weight: 400;\">\u00c9 f\u00e1cil de aprender, mas precisa ser r\u00e1pido para encontrar a resposta antes dos advers\u00e1rios. Acertando, voc\u00ea consegue pe\u00e7as de c\u00e9rebro, e vence se juntar 4 delas. Errando\u2026 bom, a\u00ed fica uma rodada sem jogar.<\/span><\/p>\n<p><span style=\"font-weight: 400;\">C\u00f3rtex \u00e9 o jogo ideal para reunir os amigos e a fam\u00edlia em volta da mesa e colocar todo mundo pra usar 100% do c\u00e9rebro (ou 50, ou 30, tanto faz). Al\u00e9m disso, \u00e9 sucesso garantido com adultos que querem testar suas capacidades cognitivas e tamb\u00e9m com crian\u00e7as, desenvolvendo a mem\u00f3ria e o racioc\u00ednio dos pequenos.<\/span><\/p>\n<p><span style=\"font-weight: 400;\">T\u00e1 esperando o que? Coloque seu c\u00e9rebro em jogo com C\u00f3rtex. (aten\u00e7\u00e3o: coloque o c\u00e9rebro em jogo foi utilizado no sentido figurado. Por favor, n\u00e3o coloque seu c\u00e9rebro literalmente em jogo<\/span><\/p>\n<p><b>Lista de componentes<\/b><\/p>\n<p><span style=\"font-weight: 400;\">80 Cartas Desafio<\/span><\/p>\n<p><span style=\"font-weight: 400;\">10 Cartas T\u00e1teis<\/span><\/p>\n<p><span style=\"font-weight: 400;\">24 Pe\u00e7as de C\u00e9rebro<\/span><\/p>\n<p><span style=\"font-weight: 400;\">1 Livreto de regras<\/span><\/p>\n","protected":false},"excerpt":{"rendered":"<p><span style=\"font-weight: 400;\">Alguns anos atr\u00e1s, cientistas disseram que o ser humano utiliza apenas 10% de sua capacidade cerebral\u2026 obviamente esses cientistas ainda n\u00e3o conheciam C\u00f3rtex.<\/span><\/p>\n","protected":false},"featured_media":15980,"comment_status":"open","ping_status":"closed","template":"","meta":[],"product_cat":[76,82,88,89,74,80,78,77],"product_tag":[],"class_list":{"0":"post-15976","1":"product","2":"type-product","3":"status-publish","4":"has-post-thumbnail","6":"product_cat-card-games-cartas","7":"product_cat-competitivos","8":"product_cat-editoras","9":"product_cat-galapagos","10":"product_cat-jogos","11":"product_cat-jogos-familia","12":"product_cat-jogos-para-criancas","13":"product_cat-party-games","15":"first","16":"instock","17":"sale","18":"shipping-taxable","19":"purchasable","20":"product-type-simple"},"_links":{"self":[{"href":"https:\/\/borderjogos.suprahub.com.br\/index.php?rest_route=\/wp\/v2\/product\/15976","targetHints":{"allow":["GET"]}}],"collection":[{"href":"https:\/\/borderjogos.suprahub.com.br\/index.php?rest_route=\/wp\/v2\/product"}],"about":[{"href":"https:\/\/borderjogos.suprahub.com.br\/index.php?rest_route=\/wp\/v2\/types\/product"}],"replies":[{"embeddable":true,"href":"https:\/\/borderjogos.suprahub.com.br\/index.php?rest_route=%2Fwp%2Fv2%2Fcomments&post=15976"}],"version-history":[{"count":1,"href":"https:\/\/borderjogos.suprahub.com.br\/index.php?rest_route=\/wp\/v2\/product\/15976\/revisions"}],"predecessor-version":[{"id":15982,"href":"https:\/\/borderjogos.suprahub.com.br\/index.php?rest_route=\/wp\/v2\/product\/15976\/revisions\/15982"}],"wp:featuredmedia":[{"embeddable":true,"href":"https:\/\/borderjogos.suprahub.com.br\/index.php?rest_route=\/wp\/v2\/media\/15980"}],"wp:attachment":[{"href":"https:\/\/borderjogos.suprahub.com.br\/index.php?rest_route=%2Fwp%2Fv2%2Fmedia&parent=15976"}],"wp:term":[{"taxonomy":"product_cat","embeddable":true,"href":"https:\/\/borderjogos.suprahub.com.br\/index.php?rest_route=%2Fwp%2Fv2%2Fproduct_cat&post=15976"},{"taxonomy":"product_tag","embeddable":true,"href":"https:\/\/borderjogos.suprahub.com.br\/index.php?rest_route=%2Fwp%2Fv2%2Fproduct_tag&post=15976"}],"curies":[{"name":"wp","href":"https:\/\/api.w.org\/{rel}","templated":true}]}}