{"id":15983,"date":"2023-07-26T20:06:59","date_gmt":"2023-07-26T20:06:59","guid":{"rendered":"https:\/\/borderjogos.suprahub.com.br\/?post_type=product&#038;p=15983"},"modified":"2023-07-26T20:06:59","modified_gmt":"2023-07-26T20:06:59","slug":"dixit","status":"publish","type":"product","link":"https:\/\/borderjogos.suprahub.com.br\/?product=dixit","title":{"rendered":"Dixit"},"content":{"rendered":"<p><b>Jogadores: 3 a 8<\/b><\/p>\n<p><b>Idade: 8+<\/b><\/p>\n<p><b>Tempo: 30 min<\/b><\/p>\n<p><b>Idioma: Portugu\u00eas<\/b><\/p>\n<h3><b>Descri\u00e7\u00e3o completa<\/b><\/h3>\n<p><span style=\"font-weight: 400;\">Um dos jogos mais jogados no Brasil e no mundo! Escolha seu coelho colorido para embarcar nessa aventura surreal onde cada ilustra\u00e7\u00e3o estimula seu potencial criativo.<\/span><\/p>\n<p><span style=\"font-weight: 400;\">Em <\/span><b>Dixit<\/b><span style=\"font-weight: 400;\"> voc\u00ea viver\u00e1 uma experi\u00eancia \u00fanica e envolvente. Cada carta do jogo \u00e9 uma obra de arte surrealista que te inspira a mergulhar no mundo da fantasia.<\/span><\/p>\n<p><span style=\"font-weight: 400;\">Desperte sua criatividade enquanto descobre mais sobre voc\u00ea e seus amigos neste incrivel jogo de dedu\u00e7\u00e3o. <\/span><b>Dixit \u00e9 simples, leve e apaixonante!\u00a0<\/b><\/p>\n<p><span style=\"font-weight: 400;\">O tabuleiro te levar\u00e1 a um mundo de sonhos agrad\u00e1veis com nuvens serenas. Com divers\u00e3o at\u00e9 <\/span><b>8 jogadores<\/b><span style=\"font-weight: 400;\"> e<\/span><b>\u00a0 componentes<\/b> <b>lindos <\/b><span style=\"font-weight: 400;\">para marcar seus pontos.<\/span><\/p>\n<p><span style=\"font-weight: 400;\">\u00a0<\/span><\/p>\n<p><b>Como jogar Dixit<\/b><\/p>\n<p><span style=\"font-weight: 400;\">1.Os jogadores s\u00e3o contadores de hist\u00f3rias. O narrador da vez deve olhar as cartas em sua m\u00e3o e, sem as revelar aos outros jogadores, escolher uma e falar uma<\/span><b> palavra, frase ou ideia,<\/b><span style=\"font-weight: 400;\"> sobre ela.<\/span><\/p>\n<p><span style=\"font-weight: 400;\"><br \/>\n<\/span><span style=\"font-weight: 400;\">2.Os outros jogadores devem ent\u00e3o selecionar uma carta (tamb\u00e9m secretamente), de suas m\u00e3os, que mais combina com a frase dita pelo narrador.<\/span><\/p>\n<p><span style=\"font-weight: 400;\">3.O narrador embaralha todas as cartas recebidas e as revela sobre o tabuleiro nos locais indicados.<\/span><\/p>\n<p><span style=\"font-weight: 400;\">4.Agora com todas as figuras \u00e0 mostra, todos os jogadores devem apostar para acertar a imagem do narrador!<\/span><\/p>\n<p><span style=\"font-weight: 400;\">O jogador que conseguir roubar votos do narrador ganha pontos. Se ningu\u00e9m ou todos acertarem a carta correta, o narrador n\u00e3o pontua enquanto os outros marcam 2 pontos!<\/span><\/p>\n<p><b>Lista de componentes<\/b><\/p>\n<p><span style=\"font-weight: 400;\">Componentes:\u00a0<\/span><\/p>\n<p><span style=\"font-weight: 400;\">84 Cartas<\/span><span style=\"font-weight: 400;\"><br \/>\n<\/span><span style=\"font-weight: 400;\">1 Livro de regras<\/span><span style=\"font-weight: 400;\"><br \/>\n<\/span><span style=\"font-weight: 400;\">8 coelhos marcadores de jogador<\/span><span style=\"font-weight: 400;\"><br \/>\n<\/span><span style=\"font-weight: 400;\">8 marcadores de ponto<\/span><span style=\"font-weight: 400;\"><br \/>\n<\/span><span style=\"font-weight: 400;\">1 tabuleiro<\/span><\/p>\n","protected":false},"excerpt":{"rendered":"<p><span style=\"font-weight: 400;\">Um dos jogos mais jogados no Brasil e no mundo! Escolha seu coelho colorido para embarcar nessa aventura surreal onde cada ilustra\u00e7\u00e3o estimula seu potencial criativo.<\/span><\/p>\n","protected":false},"featured_media":15984,"comment_status":"open","ping_status":"closed","template":"","meta":[],"product_cat":[76,82,88,89,74,80,78],"product_tag":[],"class_list":{"0":"post-15983","1":"product","2":"type-product","3":"status-publish","4":"has-post-thumbnail","6":"product_cat-card-games-cartas","7":"product_cat-competitivos","8":"product_cat-editoras","9":"product_cat-galapagos","10":"product_cat-jogos","11":"product_cat-jogos-familia","12":"product_cat-jogos-para-criancas","14":"first","15":"instock","16":"shipping-taxable","17":"purchasable","18":"product-type-simple"},"_links":{"self":[{"href":"https:\/\/borderjogos.suprahub.com.br\/index.php?rest_route=\/wp\/v2\/product\/15983","targetHints":{"allow":["GET"]}}],"collection":[{"href":"https:\/\/borderjogos.suprahub.com.br\/index.php?rest_route=\/wp\/v2\/product"}],"about":[{"href":"https:\/\/borderjogos.suprahub.com.br\/index.php?rest_route=\/wp\/v2\/types\/product"}],"replies":[{"embeddable":true,"href":"https:\/\/borderjogos.suprahub.com.br\/index.php?rest_route=%2Fwp%2Fv2%2Fcomments&post=15983"}],"version-history":[{"count":1,"href":"https:\/\/borderjogos.suprahub.com.br\/index.php?rest_route=\/wp\/v2\/product\/15983\/revisions"}],"predecessor-version":[{"id":15989,"href":"https:\/\/borderjogos.suprahub.com.br\/index.php?rest_route=\/wp\/v2\/product\/15983\/revisions\/15989"}],"wp:featuredmedia":[{"embeddable":true,"href":"https:\/\/borderjogos.suprahub.com.br\/index.php?rest_route=\/wp\/v2\/media\/15984"}],"wp:attachment":[{"href":"https:\/\/borderjogos.suprahub.com.br\/index.php?rest_route=%2Fwp%2Fv2%2Fmedia&parent=15983"}],"wp:term":[{"taxonomy":"product_cat","embeddable":true,"href":"https:\/\/borderjogos.suprahub.com.br\/index.php?rest_route=%2Fwp%2Fv2%2Fproduct_cat&post=15983"},{"taxonomy":"product_tag","embeddable":true,"href":"https:\/\/borderjogos.suprahub.com.br\/index.php?rest_route=%2Fwp%2Fv2%2Fproduct_tag&post=15983"}],"curies":[{"name":"wp","href":"https:\/\/api.w.org\/{rel}","templated":true}]}}