{"id":15997,"date":"2023-07-26T20:20:36","date_gmt":"2023-07-26T20:20:36","guid":{"rendered":"https:\/\/borderjogos.suprahub.com.br\/?post_type=product&#038;p=15997"},"modified":"2023-07-26T20:20:37","modified_gmt":"2023-07-26T20:20:37","slug":"dobble","status":"publish","type":"product","link":"https:\/\/borderjogos.suprahub.com.br\/?product=dobble","title":{"rendered":"Dobble"},"content":{"rendered":"<p><b>Jogadores: 2 a 8<\/b><\/p>\n<p><b>Idade: 6+<\/b><\/p>\n<p><b>Tempo: 30 min<\/b><\/p>\n<p><b>Idioma: Portugu\u00eas<\/b><\/p>\n<h2><b>Descri\u00e7\u00e3o completa<\/b><\/h2>\n<p><b>O que \u00e9 Dobble?<\/b><\/p>\n<p><span style=\"font-weight: 400;\">Dobble \u00e9 um jogo de sucesso mundial, um verdadeiro desafio de velocidade e observa\u00e7\u00e3o no qual todos jogam ao mesmo tempo! O objetivo \u00e9 conseguir identificar qual \u00e9 o s\u00edmbolo em comum entre duas cartas &#8211; e cada carta tem somente um s\u00edmbolo em comum com qualquer outra carta do baralho. Todos os participantes t\u00eam a mesma chance de ganhar a rodada, por isso \u00e9 preciso ser \u00e1gil!<\/span><\/p>\n<p><span style=\"font-weight: 400;\">Dobble \u00e9 composto por 55 cartas com 8 s\u00edmbolos por carta.<\/span><\/p>\n<p><b>Como Jogar?<\/b><\/p>\n<p><span style=\"font-weight: 400;\">Existem 5 modos de jogar, com regras t\u00e3o simples que podem ser ensinadas em 1 minuto! Cada partida de Dobble tem menos de 15 minutos de dura\u00e7\u00e3o, mas ningu\u00e9m para em uma partida s\u00f3. Os jogadores v\u00e3o querer testar todos os modos de jogos dezenas de vezes!<\/span><\/p>\n<p><span style=\"font-weight: 400;\">O objetivo \u00e9 sempre identificar o elemento igual entre duas cartas primeiro. Mas dependendo do modo de jogo voc\u00ea poder\u00e1 se livrar de suas cartas, entregar cartas para os seus oponentes ou at\u00e9 roubar cartas deles \u2013 o que deixa Dobble nunca ficar repetitivo!<\/span><\/p>\n<p><span style=\"font-weight: 400;\">Um jogo fren\u00e9tico com uma competi\u00e7\u00e3o divertida, que pode ser jogado entre pessoas com grandes diferen\u00e7as de idade \u2013 jogue em fam\u00edlia ou com amigos, a divers\u00e3o \u00e9 sempre a mesma!<\/span><\/p>\n<p><span style=\"font-weight: 400;\">A embalagem de metal trabalhada em relevo facilita o transporte e a preserva\u00e7\u00e3o das cartas. Seu formato compacto permite que ele possa ser jogado em praticamente qualquer lugar: em uma festa para quebrar o gelo, entre sess\u00f5es mais longas de jogos ou mesmo em uma maratona incr\u00edvel de mini-games &#8211; Dobble \u00e9 pra todo momento!<\/span><\/p>\n<p><b>Lista de componentes<\/b><\/p>\n<p><span style=\"font-weight: 400;\">55 Cartas<\/span><span style=\"font-weight: 400;\"><br \/>\n<\/span><span style=\"font-weight: 400;\">1 Folheto de regras<\/span><span style=\"font-weight: 400;\"><br \/>\n<\/span><span style=\"font-weight: 400;\">1 Lata<\/span><\/p>\n","protected":false},"excerpt":{"rendered":"<p><span style=\"font-weight: 400;\">Dobble \u00e9 um jogo de sucesso mundial, um verdadeiro desafio de velocidade e observa\u00e7\u00e3o no qual todos jogam ao mesmo tempo! <\/span><\/p>\n","protected":false},"featured_media":15998,"comment_status":"open","ping_status":"closed","template":"","meta":[],"product_cat":[76,82,88,89,74,80,78,77],"product_tag":[],"class_list":{"0":"post-15997","1":"product","2":"type-product","3":"status-publish","4":"has-post-thumbnail","6":"product_cat-card-games-cartas","7":"product_cat-competitivos","8":"product_cat-editoras","9":"product_cat-galapagos","10":"product_cat-jogos","11":"product_cat-jogos-familia","12":"product_cat-jogos-para-criancas","13":"product_cat-party-games","15":"first","16":"instock","17":"shipping-taxable","18":"purchasable","19":"product-type-simple"},"_links":{"self":[{"href":"https:\/\/borderjogos.suprahub.com.br\/index.php?rest_route=\/wp\/v2\/product\/15997","targetHints":{"allow":["GET"]}}],"collection":[{"href":"https:\/\/borderjogos.suprahub.com.br\/index.php?rest_route=\/wp\/v2\/product"}],"about":[{"href":"https:\/\/borderjogos.suprahub.com.br\/index.php?rest_route=\/wp\/v2\/types\/product"}],"replies":[{"embeddable":true,"href":"https:\/\/borderjogos.suprahub.com.br\/index.php?rest_route=%2Fwp%2Fv2%2Fcomments&post=15997"}],"version-history":[{"count":1,"href":"https:\/\/borderjogos.suprahub.com.br\/index.php?rest_route=\/wp\/v2\/product\/15997\/revisions"}],"predecessor-version":[{"id":16001,"href":"https:\/\/borderjogos.suprahub.com.br\/index.php?rest_route=\/wp\/v2\/product\/15997\/revisions\/16001"}],"wp:featuredmedia":[{"embeddable":true,"href":"https:\/\/borderjogos.suprahub.com.br\/index.php?rest_route=\/wp\/v2\/media\/15998"}],"wp:attachment":[{"href":"https:\/\/borderjogos.suprahub.com.br\/index.php?rest_route=%2Fwp%2Fv2%2Fmedia&parent=15997"}],"wp:term":[{"taxonomy":"product_cat","embeddable":true,"href":"https:\/\/borderjogos.suprahub.com.br\/index.php?rest_route=%2Fwp%2Fv2%2Fproduct_cat&post=15997"},{"taxonomy":"product_tag","embeddable":true,"href":"https:\/\/borderjogos.suprahub.com.br\/index.php?rest_route=%2Fwp%2Fv2%2Fproduct_tag&post=15997"}],"curies":[{"name":"wp","href":"https:\/\/api.w.org\/{rel}","templated":true}]}}