{"id":16007,"date":"2023-08-02T18:37:16","date_gmt":"2023-08-02T18:37:16","guid":{"rendered":"https:\/\/borderjogos.suprahub.com.br\/?post_type=product&#038;p=16007"},"modified":"2023-08-02T18:37:17","modified_gmt":"2023-08-02T18:37:17","slug":"duna-imperium","status":"publish","type":"product","link":"https:\/\/borderjogos.suprahub.com.br\/?product=duna-imperium","title":{"rendered":"Duna: Imperium"},"content":{"rendered":"<p><span style=\"font-weight: 400;\">Idade: 14+<\/span><\/p>\n<p><span style=\"font-weight: 400;\">N\u00famero de jogadores: 1 &#8211; 4<\/span><\/p>\n<p><span style=\"font-weight: 400;\">Tempo: 60-120 min<\/span><\/p>\n<p><span style=\"font-weight: 400;\">Idioma: Portugu\u00eas<\/span><\/p>\n<p><span style=\"font-weight: 400;\">Tamanho: 8x30x30 cm<\/span><\/p>\n<p><span style=\"font-weight: 400;\">Peso: 1.7 kg<\/span><\/p>\n<p><b>Descri\u00e7\u00e3o completa<\/b><\/p>\n<p><span style=\"font-weight: 400;\">Em todo o Universo Conhecido, n\u00e3o h\u00e1 recurso mais precioso do que a especiaria m\u00e9lange. Encontrada somente no cruel planeta deserto Arrakis (tamb\u00e9m conhecido como Duna), o controle da especiaria \u00e9 o principal motivo do conflito entre as Casas Maiores do Imperium. Por ela, aqueles que lutam pelo poder buscam apoio e alian\u00e7as para manter sua posi\u00e7\u00e3o. O alto conselho do Landsraad. A Companhia CHOAM e sua insaci\u00e1vel sede de lucro. As bruxas Bene Gesserit. A Guilda Espacial com o seu monop\u00f3lio da viagem em dobra espacial. Os Fremen, resilientes guerreiros do deserto. Nem mesmo o pr\u00f3prio Imperador pode escapar da luta pelo dom\u00ednio. O conflito \u00e9 inevit\u00e1vel e o resultado \u00e9 imprevis\u00edvel. Por\u00e9m, uma coisa \u00e9 certa:<\/span><\/p>\n<p><span style=\"font-weight: 400;\">Aquele que controla a especiaria, controla o universo&#8230;<\/span><span style=\"font-weight: 400;\"><br \/>\n<\/span><span style=\"font-weight: 400;\"><br \/>\n<\/span><span style=\"font-weight: 400;\">Duna: Imperium combina constru\u00e7\u00e3o de baralho com aloca\u00e7\u00e3o de trabalhadores em um novo jogo estrat\u00e9gico e extremamente tem\u00e1tico, onde o destino do Imp\u00e9rio depende das suas decis\u00f5es. Voc\u00ea procurar\u00e1 aliados pol\u00edticos ou confiar\u00e1 no poderio militar? Empregar\u00e1 for\u00e7a econ\u00f4mica ou intrigas sutis? Um assento no conselho&#8230; ou uma l\u00e2mina afiada? As cartas est\u00e3o na mesa. A escolha \u00e9 sua. O Imperium aguarda.<\/span><span style=\"font-weight: 400;\"><br \/>\n<\/span><span style=\"font-weight: 400;\"><br \/>\n<\/span><span style=\"font-weight: 400;\">O jogo se passa no universo liter\u00e1rio e cinematogr\u00e1fico de Duna, onde voc\u00ea e seus amigos s\u00e3o l\u00edderes das principais Casas Maiores de Landsraad buscando tomar o controle da especiaria e, consequentemente, do universo como um todo. Para isso, voc\u00eas disputam em combate e exercem influ\u00eancia pol\u00edtica formando alian\u00e7as as grandes fac\u00e7\u00f5es (Guilda Espacial, Irmandade Bene Gesserit, os Fremen e o Imperador).<\/span><\/p>\n<p><b>Lista de componentes<\/b><\/p>\n<p><span style=\"font-weight: 400;\">1 Tabuleiro de Jogo<\/span><span style=\"font-weight: 400;\"><br \/>\n<\/span><span style=\"font-weight: 400;\">13 Agentes de Madeira<\/span><span style=\"font-weight: 400;\"><br \/>\n<\/span><span style=\"font-weight: 400;\">70+ pe\u00e7as de madeira do jogador<\/span><span style=\"font-weight: 400;\"><br \/>\n<\/span><span style=\"font-weight: 400;\">220 cartas, sendo 162 no tamanho 63 mm x 88mm e 58 no tamanho 44 mm x 67 mm<\/span><span style=\"font-weight: 400;\"><br \/>\n<\/span><span style=\"font-weight: 400;\">8 L\u00edderes<\/span><span style=\"font-weight: 400;\"><br \/>\n<\/span><span style=\"font-weight: 400;\">25 Marcadores de Papel\u00e3o<\/span><span style=\"font-weight: 400;\"><br \/>\n<\/span><span style=\"font-weight: 400;\">1 Livro de Regras<\/span><\/p>\n","protected":false},"excerpt":{"rendered":"<p><span style=\"font-weight: 400;\">Em todo o Universo Conhecido, n\u00e3o h\u00e1 recurso mais precioso do que a especiaria m\u00e9lange. Encontrada somente no cruel planeta deserto Arrakis (tamb\u00e9m conhecido como Duna), o controle da especiaria \u00e9 o principal motivo do conflito entre as Casas Maiores do Imperium. Por ela, aqueles que lutam pelo poder buscam apoio e alian\u00e7as para manter sua posi\u00e7\u00e3o. O alto conselho do Landsraad.<\/span><\/p>\n","protected":false},"featured_media":16008,"comment_status":"open","ping_status":"closed","template":"","meta":[],"product_cat":[20],"product_tag":[],"class_list":{"0":"post-16007","1":"product","2":"type-product","3":"status-publish","4":"has-post-thumbnail","6":"product_cat-accessories","8":"first","9":"instock","10":"sale","11":"shipping-taxable","12":"purchasable","13":"product-type-simple"},"_links":{"self":[{"href":"https:\/\/borderjogos.suprahub.com.br\/index.php?rest_route=\/wp\/v2\/product\/16007","targetHints":{"allow":["GET"]}}],"collection":[{"href":"https:\/\/borderjogos.suprahub.com.br\/index.php?rest_route=\/wp\/v2\/product"}],"about":[{"href":"https:\/\/borderjogos.suprahub.com.br\/index.php?rest_route=\/wp\/v2\/types\/product"}],"replies":[{"embeddable":true,"href":"https:\/\/borderjogos.suprahub.com.br\/index.php?rest_route=%2Fwp%2Fv2%2Fcomments&post=16007"}],"version-history":[{"count":1,"href":"https:\/\/borderjogos.suprahub.com.br\/index.php?rest_route=\/wp\/v2\/product\/16007\/revisions"}],"predecessor-version":[{"id":16013,"href":"https:\/\/borderjogos.suprahub.com.br\/index.php?rest_route=\/wp\/v2\/product\/16007\/revisions\/16013"}],"wp:featuredmedia":[{"embeddable":true,"href":"https:\/\/borderjogos.suprahub.com.br\/index.php?rest_route=\/wp\/v2\/media\/16008"}],"wp:attachment":[{"href":"https:\/\/borderjogos.suprahub.com.br\/index.php?rest_route=%2Fwp%2Fv2%2Fmedia&parent=16007"}],"wp:term":[{"taxonomy":"product_cat","embeddable":true,"href":"https:\/\/borderjogos.suprahub.com.br\/index.php?rest_route=%2Fwp%2Fv2%2Fproduct_cat&post=16007"},{"taxonomy":"product_tag","embeddable":true,"href":"https:\/\/borderjogos.suprahub.com.br\/index.php?rest_route=%2Fwp%2Fv2%2Fproduct_tag&post=16007"}],"curies":[{"name":"wp","href":"https:\/\/api.w.org\/{rel}","templated":true}]}}