{"id":16014,"date":"2023-08-02T19:20:37","date_gmt":"2023-08-02T19:20:37","guid":{"rendered":"https:\/\/borderjogos.suprahub.com.br\/?post_type=product&#038;p=16014"},"modified":"2023-08-02T19:20:38","modified_gmt":"2023-08-02T19:20:38","slug":"duna-imperium-rise-of-ix-expansao","status":"publish","type":"product","link":"https:\/\/borderjogos.suprahub.com.br\/?product=duna-imperium-rise-of-ix-expansao","title":{"rendered":"Duna: Imperium &#8211; Rise of Ix (Expans\u00e3o)"},"content":{"rendered":"<p><span style=\"font-weight: 400;\">Idade: 13+<\/span><\/p>\n<p><span style=\"font-weight: 400;\">N\u00famero de jogadores: 1 &#8211; 4<\/span><\/p>\n<p><span style=\"font-weight: 400;\">Tempo: 60-120 min<\/span><\/p>\n<p><span style=\"font-weight: 400;\">Idioma: Portugu\u00eas<\/span><\/p>\n<p><span style=\"font-weight: 400;\">Tamanho: 4x30x30 cm<\/span><\/p>\n<p><span style=\"font-weight: 400;\">Peso: 0.9 kg<\/span><\/p>\n<p><b>Descri\u00e7\u00e3o completa<\/b><\/p>\n<p><span style=\"font-weight: 400;\">Duna: Imperium &#8211; Ascens\u00e3o de Ix \u00e9 uma expans\u00e3o repleta de novidades para o jogo base, trazendo tr\u00eas novas Casas Maiores com l\u00edderes \u00fanicos, dois tabuleiros adicionais (CHOAM e Ix) que introduzem mec\u00e2nicas inovadoras e a possibilidade de obter avan\u00e7os tecnol\u00f3gicos no Planeta Ix.\u00a0<\/span><\/p>\n<p><span style=\"font-weight: 400;\">Al\u00e9m disso, a expans\u00e3o inclui os poderosos Encoura\u00e7ados, poderosas m\u00e1quinas de guerra que entram em combate como tropas, e um Modo \u00c9pico que proporciona partidas mais longas, estrat\u00e9gicas e desafiadoras.\u00a0<\/span><\/p>\n<p><b>Sobre Duna: Imperium<\/b><\/p>\n<p><span style=\"font-weight: 400;\">Duna: Imperium \u00e9 um jogo de estrat\u00e9gia ambientado no universo sci-fi \u00e9pico de Duna, onde os jogadores disputam pelo controle da valiosa especiaria em uma corrida pelo poder. Com constru\u00e7\u00e3o de baralho, aloca\u00e7\u00e3o de trabalhadores e diplomacia, cada escolha estrat\u00e9gica molda o destino do jogo, oferecendo uma experi\u00eancia imersiva e desafiadora no universo \u00e9pico de Duna!<\/span><\/p>\n<p><span style=\"font-weight: 400;\">ESTA \u00c9 UMA EXPANS\u00c3O PARA O JOGO DUNA: IMPERIUM. PARA JOGAR \u00c9 NECESS\u00c1RIO TER O JOGO BASE.<\/span><\/p>\n<p><b>Lista de componentes<\/b><\/p>\n<p><span style=\"font-weight: 400;\">1 Tabuleiro da CHOAM<\/span><span style=\"font-weight: 400;\"><br \/>\n<\/span><span style=\"font-weight: 400;\">1 Tabuleiro de Ix<\/span><span style=\"font-weight: 400;\"><br \/>\n<\/span><span style=\"font-weight: 400;\">4 Cartas de Conflito<\/span><span style=\"font-weight: 400;\"><br \/>\n<\/span><span style=\"font-weight: 400;\">17 Cartas de Intriga<\/span><span style=\"font-weight: 400;\"><br \/>\n<\/span><span style=\"font-weight: 400;\">25 Cartas de Baralho Imperial<\/span><span style=\"font-weight: 400;\"><br \/>\n<\/span><span style=\"font-weight: 400;\">18 Pe\u00e7as de Tecnologia<\/span><span style=\"font-weight: 400;\"><br \/>\n<\/span><span style=\"font-weight: 400;\">6 L\u00edderes<\/span><span style=\"font-weight: 400;\"><br \/>\n<\/span><span style=\"font-weight: 400;\">4 Fichas de Farejador<\/span><span style=\"font-weight: 400;\"><br \/>\n<\/span><span style=\"font-weight: 400;\">4 Marcadores de Cargueiro<\/span><span style=\"font-weight: 400;\"><br \/>\n<\/span><span style=\"font-weight: 400;\">8 Encoura\u00e7ados<\/span><span style=\"font-weight: 400;\"><br \/>\n<\/span><span style=\"font-weight: 400;\">1 Livro de Regras<\/span><\/p>\n<p><span style=\"font-weight: 400;\">Para partidas solo ou at\u00e9 2 pessoas:<\/span><span style=\"font-weight: 400;\"><br \/>\n<\/span><span style=\"font-weight: 400;\">9 Cartas da Casa Hagal<\/span><span style=\"font-weight: 400;\"><br \/>\n<\/span><span style=\"font-weight: 400;\">2 Cartas de Refer\u00eancia do Rival<\/span><\/p>\n<p><span style=\"font-weight: 400;\">Para Modo \u00c9pico:<\/span><span style=\"font-weight: 400;\"><br \/>\n<\/span><span style=\"font-weight: 400;\">4 Cartas Iniciais<\/span><\/p>\n","protected":false},"excerpt":{"rendered":"<p><span style=\"font-weight: 400;\">Duna: Imperium &#8211; Ascens\u00e3o de Ix \u00e9 uma expans\u00e3o repleta de novidades para o jogo base, trazendo tr\u00eas novas Casas Maiores com l\u00edderes \u00fanicos, dois tabuleiros adicionais (CHOAM e Ix) que introduzem mec\u00e2nicas inovadoras e a possibilidade de obter avan\u00e7os tecnol\u00f3gicos no Planeta Ix.\u00a0<\/span><\/p>\n","protected":false},"featured_media":16015,"comment_status":"open","ping_status":"closed","template":"","meta":[],"product_cat":[75,82,88,85,89,74,81],"product_tag":[],"class_list":{"0":"post-16014","1":"product","2":"type-product","3":"status-publish","4":"has-post-thumbnail","6":"product_cat-boardgames-tabuleiro","7":"product_cat-competitivos","8":"product_cat-editoras","9":"product_cat-expansoes","10":"product_cat-galapagos","11":"product_cat-jogos","12":"product_cat-jogos-expert","14":"first","15":"instock","16":"sale","17":"shipping-taxable","18":"purchasable","19":"product-type-simple"},"_links":{"self":[{"href":"https:\/\/borderjogos.suprahub.com.br\/index.php?rest_route=\/wp\/v2\/product\/16014","targetHints":{"allow":["GET"]}}],"collection":[{"href":"https:\/\/borderjogos.suprahub.com.br\/index.php?rest_route=\/wp\/v2\/product"}],"about":[{"href":"https:\/\/borderjogos.suprahub.com.br\/index.php?rest_route=\/wp\/v2\/types\/product"}],"replies":[{"embeddable":true,"href":"https:\/\/borderjogos.suprahub.com.br\/index.php?rest_route=%2Fwp%2Fv2%2Fcomments&post=16014"}],"version-history":[{"count":1,"href":"https:\/\/borderjogos.suprahub.com.br\/index.php?rest_route=\/wp\/v2\/product\/16014\/revisions"}],"predecessor-version":[{"id":16017,"href":"https:\/\/borderjogos.suprahub.com.br\/index.php?rest_route=\/wp\/v2\/product\/16014\/revisions\/16017"}],"wp:featuredmedia":[{"embeddable":true,"href":"https:\/\/borderjogos.suprahub.com.br\/index.php?rest_route=\/wp\/v2\/media\/16015"}],"wp:attachment":[{"href":"https:\/\/borderjogos.suprahub.com.br\/index.php?rest_route=%2Fwp%2Fv2%2Fmedia&parent=16014"}],"wp:term":[{"taxonomy":"product_cat","embeddable":true,"href":"https:\/\/borderjogos.suprahub.com.br\/index.php?rest_route=%2Fwp%2Fv2%2Fproduct_cat&post=16014"},{"taxonomy":"product_tag","embeddable":true,"href":"https:\/\/borderjogos.suprahub.com.br\/index.php?rest_route=%2Fwp%2Fv2%2Fproduct_tag&post=16014"}],"curies":[{"name":"wp","href":"https:\/\/api.w.org\/{rel}","templated":true}]}}