{"id":16018,"date":"2023-08-02T19:29:05","date_gmt":"2023-08-02T19:29:05","guid":{"rendered":"https:\/\/borderjogos.suprahub.com.br\/?post_type=product&#038;p=16018"},"modified":"2023-08-02T19:29:06","modified_gmt":"2023-08-02T19:29:06","slug":"exploding-kittens","status":"publish","type":"product","link":"https:\/\/borderjogos.suprahub.com.br\/?product=exploding-kittens","title":{"rendered":"Exploding Kittens"},"content":{"rendered":"<p><b>Jogadores: 2 a 5<\/b><\/p>\n<p><b>Idade: 8+<\/b><\/p>\n<p><b>Tempo: 15 min<\/b><\/p>\n<p><b>Idioma: Portugu\u00eas<\/b><\/p>\n<p><b>Descri\u00e7\u00e3o completa<\/b><\/p>\n<p><span style=\"font-weight: 400;\">Expoding Kittens \u00e9 o kickstarter com o maior n\u00famero de apoiadores da hist\u00f3ria! No estilo roleta russa, os jogadores compram cartas at\u00e9 que um deles encontre um gatinho explosivo, que vai detonar tudo e levar esse jogador junto.<\/span><\/p>\n<p><span style=\"font-weight: 400;\">O \u00fanico jeito de evitar a explos\u00e3o \u00e9 usando uma das cartas de desarmar, que t\u00eam o poder de acalmar os bichanos. As outras cartas do baralho s\u00e3o usadas para construir uma estrat\u00e9gia ao deslocar, eliminar ou evitar os gatinhos explosivos.<\/span><\/p>\n<ul>\n<li style=\"font-weight: 400;\" aria-level=\"1\"><b>Como jogar Exploding Kittens?\u00a0<\/b><\/li>\n<\/ul>\n<p><span style=\"font-weight: 400;\">Neste jogo de humor nonsense, o jogador precisa tentar escapar do risco de explodir, livrando-se de situa\u00e7\u00f5es de perigo e colocando os demais competidores em apuros. Voc\u00ea aprende a jogar em cinco minutos: ser\u00e1 que tamb\u00e9m vai explodir t\u00e3o r\u00e1pido?<\/span><\/p>\n<p><b>Lista de componentes<\/b><\/p>\n<p><span style=\"font-weight: 400;\">56 Cartas no tamanho 63 x 88 mm<\/span><span style=\"font-weight: 400;\"><br \/>\n<\/span><span style=\"font-weight: 400;\">1 Folheto de Regras<\/span><\/p>\n","protected":false},"excerpt":{"rendered":"<p><span style=\"font-weight: 400;\">Expoding Kittens \u00e9 o kickstarter com o maior n\u00famero de apoiadores da hist\u00f3ria! No estilo roleta russa, os jogadores compram cartas at\u00e9 que um deles encontre um gatinho explosivo, que vai detonar tudo e levar esse jogador junto.<\/span><\/p>\n","protected":false},"featured_media":16019,"comment_status":"open","ping_status":"closed","template":"","meta":[],"product_cat":[76,82,88,89,74,80,78,77],"product_tag":[],"class_list":{"0":"post-16018","1":"product","2":"type-product","3":"status-publish","4":"has-post-thumbnail","6":"product_cat-card-games-cartas","7":"product_cat-competitivos","8":"product_cat-editoras","9":"product_cat-galapagos","10":"product_cat-jogos","11":"product_cat-jogos-familia","12":"product_cat-jogos-para-criancas","13":"product_cat-party-games","15":"first","16":"instock","17":"shipping-taxable","18":"purchasable","19":"product-type-simple"},"_links":{"self":[{"href":"https:\/\/borderjogos.suprahub.com.br\/index.php?rest_route=\/wp\/v2\/product\/16018","targetHints":{"allow":["GET"]}}],"collection":[{"href":"https:\/\/borderjogos.suprahub.com.br\/index.php?rest_route=\/wp\/v2\/product"}],"about":[{"href":"https:\/\/borderjogos.suprahub.com.br\/index.php?rest_route=\/wp\/v2\/types\/product"}],"replies":[{"embeddable":true,"href":"https:\/\/borderjogos.suprahub.com.br\/index.php?rest_route=%2Fwp%2Fv2%2Fcomments&post=16018"}],"version-history":[{"count":1,"href":"https:\/\/borderjogos.suprahub.com.br\/index.php?rest_route=\/wp\/v2\/product\/16018\/revisions"}],"predecessor-version":[{"id":16020,"href":"https:\/\/borderjogos.suprahub.com.br\/index.php?rest_route=\/wp\/v2\/product\/16018\/revisions\/16020"}],"wp:featuredmedia":[{"embeddable":true,"href":"https:\/\/borderjogos.suprahub.com.br\/index.php?rest_route=\/wp\/v2\/media\/16019"}],"wp:attachment":[{"href":"https:\/\/borderjogos.suprahub.com.br\/index.php?rest_route=%2Fwp%2Fv2%2Fmedia&parent=16018"}],"wp:term":[{"taxonomy":"product_cat","embeddable":true,"href":"https:\/\/borderjogos.suprahub.com.br\/index.php?rest_route=%2Fwp%2Fv2%2Fproduct_cat&post=16018"},{"taxonomy":"product_tag","embeddable":true,"href":"https:\/\/borderjogos.suprahub.com.br\/index.php?rest_route=%2Fwp%2Fv2%2Fproduct_tag&post=16018"}],"curies":[{"name":"wp","href":"https:\/\/api.w.org\/{rel}","templated":true}]}}