{"id":16021,"date":"2023-08-02T19:33:52","date_gmt":"2023-08-02T19:33:52","guid":{"rendered":"https:\/\/borderjogos.suprahub.com.br\/?post_type=product&#038;p=16021"},"modified":"2023-08-02T19:33:52","modified_gmt":"2023-08-02T19:33:52","slug":"fantasy-realms","status":"publish","type":"product","link":"https:\/\/borderjogos.suprahub.com.br\/?product=fantasy-realms","title":{"rendered":"Fantasy Realms"},"content":{"rendered":"<p><b>jogadores: 3 &#8211; 6<\/b><\/p>\n<p><b>Idade: 14+<\/b><\/p>\n<p><b>Tempo: 15 min<\/b><\/p>\n<p><b>idioma: portugu\u00eas<\/b><\/p>\n<p><b>Tamanho: 3x10x14 cm<\/b><\/p>\n<p><b>Peso: 0.2 kg<\/b><\/p>\n<p>&nbsp;<\/p>\n<p><b>Descri\u00e7\u00e3o completa<\/b><\/p>\n<p><span style=\"font-weight: 400;\">Fantasy Realms \u00e9 um jogo emocionante que coloca os jogadores em um mundo de fantasia. Neste jogo, Os jogadores assumem o papel de governantes de terras distantes e devem construir o reino mais poderoso do mundo, usando uma combina\u00e7\u00e3o de cartas que representam personagens, criaturas, itens e eventos do mundo da fantasia.<\/span><\/p>\n<p><span style=\"font-weight: 400;\">A cada rodada, voc\u00ea ter\u00e1 que escolher cuidadosamente as cartas que mais se adequam \u00e0s suas necessidades e descartar as que n\u00e3o s\u00e3o \u00fateis \u2013 considerando que a pilha de descarte tamb\u00e9m \u00e9 uma pilha de compras! O jogo termina quando houver 10 cartas na pilha de descarte. Com tantas possibilidades de combina\u00e7\u00e3o, este jogo oferece uma experi\u00eancia \u00fanica e emocionante a cada partida, garantindo alta rejogabilidade!<\/span><\/p>\n<p><span style=\"font-weight: 400;\">Com uma arte impressionante e um design atraente, Fantasy Realms \u00e9 um jogo de tabuleiro que ir\u00e1 cativar qualquer um! Suas partidas s\u00e3o r\u00e1pidas e f\u00e1ceis de aprender, tornando-o ideal para quem procura divers\u00e3o e entretenimento em um curto espa\u00e7o de tempo. Se voc\u00ea procura um jogo que mistura fantasia e estrat\u00e9gia, Fantasy Realms \u00e9 a escolha perfeita. Convide seus amigos e familiares para jogar e descubra o reino fant\u00e1stico que voc\u00ea pode criar!<\/span><\/p>\n<p><b>Lista de componentes<\/b><\/p>\n<p><span style=\"font-weight: 400;\">55 Cartas<\/span><span style=\"font-weight: 400;\"><br \/>\n<\/span><span style=\"font-weight: 400;\">1 Livro de regras<\/span><span style=\"font-weight: 400;\"><br \/>\n<\/span><span style=\"font-weight: 400;\">1 Bloco de pontua\u00e7\u00e3o<\/span><\/p>\n","protected":false},"excerpt":{"rendered":"<p><span style=\"font-weight: 400;\">Fantasy Realms \u00e9 um jogo emocionante que coloca os jogadores em um mundo de fantasia. Neste jogo, Os jogadores assumem o papel de governantes de terras distantes e devem construir o reino mais poderoso do mundo, usando uma combina\u00e7\u00e3o de cartas que representam personagens, criaturas, itens e eventos do mundo da fantasia.<\/span><\/p>\n","protected":false},"featured_media":16024,"comment_status":"open","ping_status":"closed","template":"","meta":[],"product_cat":[76,82,88,89,74,80],"product_tag":[],"class_list":{"0":"post-16021","1":"product","2":"type-product","3":"status-publish","4":"has-post-thumbnail","6":"product_cat-card-games-cartas","7":"product_cat-competitivos","8":"product_cat-editoras","9":"product_cat-galapagos","10":"product_cat-jogos","11":"product_cat-jogos-familia","13":"first","14":"instock","15":"sale","16":"shipping-taxable","17":"purchasable","18":"product-type-simple"},"_links":{"self":[{"href":"https:\/\/borderjogos.suprahub.com.br\/index.php?rest_route=\/wp\/v2\/product\/16021","targetHints":{"allow":["GET"]}}],"collection":[{"href":"https:\/\/borderjogos.suprahub.com.br\/index.php?rest_route=\/wp\/v2\/product"}],"about":[{"href":"https:\/\/borderjogos.suprahub.com.br\/index.php?rest_route=\/wp\/v2\/types\/product"}],"replies":[{"embeddable":true,"href":"https:\/\/borderjogos.suprahub.com.br\/index.php?rest_route=%2Fwp%2Fv2%2Fcomments&post=16021"}],"version-history":[{"count":1,"href":"https:\/\/borderjogos.suprahub.com.br\/index.php?rest_route=\/wp\/v2\/product\/16021\/revisions"}],"predecessor-version":[{"id":16026,"href":"https:\/\/borderjogos.suprahub.com.br\/index.php?rest_route=\/wp\/v2\/product\/16021\/revisions\/16026"}],"wp:featuredmedia":[{"embeddable":true,"href":"https:\/\/borderjogos.suprahub.com.br\/index.php?rest_route=\/wp\/v2\/media\/16024"}],"wp:attachment":[{"href":"https:\/\/borderjogos.suprahub.com.br\/index.php?rest_route=%2Fwp%2Fv2%2Fmedia&parent=16021"}],"wp:term":[{"taxonomy":"product_cat","embeddable":true,"href":"https:\/\/borderjogos.suprahub.com.br\/index.php?rest_route=%2Fwp%2Fv2%2Fproduct_cat&post=16021"},{"taxonomy":"product_tag","embeddable":true,"href":"https:\/\/borderjogos.suprahub.com.br\/index.php?rest_route=%2Fwp%2Fv2%2Fproduct_tag&post=16021"}],"curies":[{"name":"wp","href":"https:\/\/api.w.org\/{rel}","templated":true}]}}