{"id":16027,"date":"2023-08-02T19:41:16","date_gmt":"2023-08-02T19:41:16","guid":{"rendered":"https:\/\/borderjogos.suprahub.com.br\/?post_type=product&#038;p=16027"},"modified":"2023-08-02T19:41:17","modified_gmt":"2023-08-02T19:41:17","slug":"flamecraft","status":"publish","type":"product","link":"https:\/\/borderjogos.suprahub.com.br\/?product=flamecraft","title":{"rendered":"Flamecraft"},"content":{"rendered":"<p><span style=\"font-weight: 400;\">Idade: 14+<\/span><\/p>\n<p><span style=\"font-weight: 400;\">N\u00famero de jogadores: 1 &#8211; 5<\/span><\/p>\n<p><span style=\"font-weight: 400;\">Tempo: 60-120 min<\/span><\/p>\n<p><span style=\"font-weight: 400;\">Idioma: Portugu\u00eas<\/span><\/p>\n<p><span style=\"font-weight: 400;\">Tamanho: 7x30x30 cm<\/span><\/p>\n<p><span style=\"font-weight: 400;\">Peso: 1.6 kg<\/span><\/p>\n<p><b>Descri\u00e7\u00e3o completa<\/b><\/p>\n<p><span style=\"font-weight: 400;\">No mundo fantasioso de Flamecraft, humanos e pequenos drag\u00f5es convivem pacificamente, usando suas diferentes habilidades para se ajudarem. Nesse mundo, drag\u00f5es artes\u00e3os, vers\u00f5es menores e magicamente talentosas de seus primos maiores (e destrutivos), s\u00e3o procurados pelos lojistas para que possam encantar os clientes e ajudar com os neg\u00f3cios!<\/span><\/p>\n<p><span style=\"font-weight: 400;\">Os jogadores assumem o papel de Guardachamas, pessoas com habilidade de conversar com drag\u00f5es e respons\u00e1veis por alocar os drag\u00f5es nos diferentes com\u00e9rcios da cidade, assim construindo sua reputa\u00e7\u00e3o. Como os drag\u00f5es possuem diferentes especialidades (p\u00e3o, carne, ferro, cristal, planta e po\u00e7\u00e3o), jogadores precisam ser inteligentes na aloca\u00e7\u00e3o de seus amigos r\u00e9pteis!<\/span><\/p>\n<p><span style=\"font-weight: 400;\">Durante uma partida, os jogadores visitam lojas para ganhar itens e favores de um dos drag\u00f5es l\u00e1, e usam os itens coletados para encantar as lojas, ganhando reputa\u00e7\u00e3o e os favores de todos os drag\u00f5es da loja \u2013 fa\u00e7a os combos mais criativos e corra atr\u00e1s de objetivos secretos para ganhar mais reputa\u00e7\u00e3o ainda!<\/span><\/p>\n<p><span style=\"font-weight: 400;\">Um jogo estrat\u00e9gico, mas que \u00e9 f\u00e1cil de aprender e mais f\u00e1cil ainda de se apaixonar! Ganhe o jogo ao ser nomeado Mestre do Of\u00edcio \u00cdgneo \u2013 o Guardachama com a melhor reputa\u00e7\u00e3o da cidade!<\/span><\/p>\n<p><b>Lista de componentes<\/b><\/p>\n<p><span style=\"font-weight: 400;\">6 Marcadores de Jogador<\/span><span style=\"font-weight: 400;\"><br \/>\n<\/span><span style=\"font-weight: 400;\">6 Marcadores de Reputa\u00e7\u00e3o<\/span><span style=\"font-weight: 400;\"><br \/>\n<\/span><span style=\"font-weight: 400;\">1 Tabuleiro da Cidade<\/span><span style=\"font-weight: 400;\"><br \/>\n<\/span><span style=\"font-weight: 400;\">8 Refer\u00eancias de Jogador<\/span><span style=\"font-weight: 400;\"><br \/>\n<\/span><span style=\"font-weight: 400;\">36 Cartas de Drag\u00e3o Artes\u00e3o<\/span><span style=\"font-weight: 400;\"><br \/>\n<\/span><span style=\"font-weight: 400;\">+6 Cartas de Drag\u00e3o Iniciais<\/span><span style=\"font-weight: 400;\"><br \/>\n<\/span><span style=\"font-weight: 400;\">36 Cartas de Drag\u00e3o de Elite<\/span><span style=\"font-weight: 400;\"><br \/>\n<\/span><span style=\"font-weight: 400;\">28 Cartas de Loja<\/span><span style=\"font-weight: 400;\"><br \/>\n<\/span><span style=\"font-weight: 400;\">+6 Cartas de Loja Iniciais<\/span><span style=\"font-weight: 400;\"><br \/>\n<\/span><span style=\"font-weight: 400;\">36 Cartas de Encantamento (em 2 baralhos)<\/span><span style=\"font-weight: 400;\"><br \/>\n<\/span><span style=\"font-weight: 400;\"> 7 Cartas de Companheiro<\/span><span style=\"font-weight: 400;\"><br \/>\n<\/span><span style=\"font-weight: 400;\">210 Fichas de Produto (+reserva)<\/span><span style=\"font-weight: 400;\"><br \/>\n<\/span><span style=\"font-weight: 400;\">24 Fichas de Moeda<\/span><\/p>\n","protected":false},"excerpt":{"rendered":"<p><span style=\"font-weight: 400;\">No mundo fantasioso de Flamecraft, humanos e pequenos drag\u00f5es convivem pacificamente, usando suas diferentes habilidades para se ajudarem. Nesse mundo, drag\u00f5es artes\u00e3os, vers\u00f5es menores e magicamente talentosas de seus primos maiores (e destrutivos), s\u00e3o procurados pelos lojistas para que possam encantar os clientes e ajudar com os neg\u00f3cios!<\/span><\/p>\n","protected":false},"featured_media":16028,"comment_status":"open","ping_status":"closed","template":"","meta":[],"product_cat":[75,82,88,89,74,80],"product_tag":[],"class_list":{"0":"post-16027","1":"product","2":"type-product","3":"status-publish","4":"has-post-thumbnail","6":"product_cat-boardgames-tabuleiro","7":"product_cat-competitivos","8":"product_cat-editoras","9":"product_cat-galapagos","10":"product_cat-jogos","11":"product_cat-jogos-familia","13":"first","14":"instock","15":"shipping-taxable","16":"purchasable","17":"product-type-simple"},"_links":{"self":[{"href":"https:\/\/borderjogos.suprahub.com.br\/index.php?rest_route=\/wp\/v2\/product\/16027","targetHints":{"allow":["GET"]}}],"collection":[{"href":"https:\/\/borderjogos.suprahub.com.br\/index.php?rest_route=\/wp\/v2\/product"}],"about":[{"href":"https:\/\/borderjogos.suprahub.com.br\/index.php?rest_route=\/wp\/v2\/types\/product"}],"replies":[{"embeddable":true,"href":"https:\/\/borderjogos.suprahub.com.br\/index.php?rest_route=%2Fwp%2Fv2%2Fcomments&post=16027"}],"version-history":[{"count":1,"href":"https:\/\/borderjogos.suprahub.com.br\/index.php?rest_route=\/wp\/v2\/product\/16027\/revisions"}],"predecessor-version":[{"id":16031,"href":"https:\/\/borderjogos.suprahub.com.br\/index.php?rest_route=\/wp\/v2\/product\/16027\/revisions\/16031"}],"wp:featuredmedia":[{"embeddable":true,"href":"https:\/\/borderjogos.suprahub.com.br\/index.php?rest_route=\/wp\/v2\/media\/16028"}],"wp:attachment":[{"href":"https:\/\/borderjogos.suprahub.com.br\/index.php?rest_route=%2Fwp%2Fv2%2Fmedia&parent=16027"}],"wp:term":[{"taxonomy":"product_cat","embeddable":true,"href":"https:\/\/borderjogos.suprahub.com.br\/index.php?rest_route=%2Fwp%2Fv2%2Fproduct_cat&post=16027"},{"taxonomy":"product_tag","embeddable":true,"href":"https:\/\/borderjogos.suprahub.com.br\/index.php?rest_route=%2Fwp%2Fv2%2Fproduct_tag&post=16027"}],"curies":[{"name":"wp","href":"https:\/\/api.w.org\/{rel}","templated":true}]}}