{"id":16032,"date":"2023-08-02T19:55:05","date_gmt":"2023-08-02T19:55:05","guid":{"rendered":"https:\/\/borderjogos.suprahub.com.br\/?post_type=product&#038;p=16032"},"modified":"2023-08-02T19:55:05","modified_gmt":"2023-08-02T19:55:05","slug":"great-western-trail-argentina","status":"publish","type":"product","link":"https:\/\/borderjogos.suprahub.com.br\/?product=great-western-trail-argentina","title":{"rendered":"Great Western Trail: Argentina"},"content":{"rendered":"<p><b>jogadores: 1 &#8211; 4<\/b><\/p>\n<p><b>Idade: 14+<\/b><\/p>\n<p><b>Tempo: 120 min<\/b><\/p>\n<p><b>Idioma: Portugu\u00eas<\/b><\/p>\n<p><b>Tamanho: 8x30x30 cm<\/b><\/p>\n<p><b>Peso: 3 kg<\/b><\/p>\n<p>&nbsp;<\/p>\n<p><b>Descri\u00e7\u00e3o completa<\/b><\/p>\n<p><span style=\"font-weight: 400;\">Seja bem-vindo \u00e0 segunda parada da nova trilogia baseada no cl\u00e1ssico eurogame GWT! Nessa edi\u00e7\u00e3o voc\u00ea \u00e9 propriet\u00e1rio de uma grande est\u00e2ncia (fazenda de gado) nas plan\u00edcies infind\u00e1veis dos Pampas argentinos. Uma jornada \u00e1rdua te espera para transportar seu gado de trem at\u00e9 Buenos Aires!<\/span><\/p>\n<p><span style=\"font-weight: 400;\">Para ganhar dinheiro ao longo do caminho, os jogadores dever\u00e3o manter rebanhos saud\u00e1veis e usar as constru\u00e7\u00f5es pela estrada de forma inteligente. Contratar trabalhadores capacitados como: ga\u00fachos para expandir seus rebanhos, carpinteiros para erguer suas constru\u00e7\u00f5es particulares e maquinistas para aprimorar e reparar sua locomotiva. Aqueles que cuidarem bem do seu rebanho e dominarem os desafios e obst\u00e1culos dos pampas marcar\u00e3o mais pontos e vencer\u00e3o o jogo.<\/span><\/p>\n<p><span style=\"font-weight: 400;\">Viaje pelas plan\u00edcies com o seu gado para criar o melhor caminho para a vit\u00f3ria! Escolha um navio de Buenos Aires antes que ele zarpe para um dos grandes portos da Europa. A jogabilidade \u00e9 familiar com o cl\u00e1ssico GWT, por\u00e9m com mec\u00e2nicas e estrat\u00e9gias exclusivas dessa edi\u00e7\u00e3o, al\u00e9m de um modo solo!<\/span><\/p>\n<p><b>Lista de componentes<\/b><\/p>\n<p><span style=\"font-weight: 400;\">1 tabuleiro de jogo<\/span><span style=\"font-weight: 400;\"><br \/>\n<\/span><span style=\"font-weight: 400;\">4 estancieiros<\/span><span style=\"font-weight: 400;\"><br \/>\n<\/span><span style=\"font-weight: 400;\">4 chap\u00e9us<\/span><span style=\"font-weight: 400;\"><br \/>\n<\/span><span style=\"font-weight: 400;\">4 locomotivas<\/span><span style=\"font-weight: 400;\"><br \/>\n<\/span><span style=\"font-weight: 400;\">4 tabuleiros de jogador pe\u00e7as de quantidade de jogadores<\/span><span style=\"font-weight: 400;\"><br \/>\n<\/span><span style=\"font-weight: 400;\">5 pe\u00e7as de quantidade de jogadores<\/span><span style=\"font-weight: 400;\"><br \/>\n<\/span><span style=\"font-weight: 400;\">57 fichas de trabalhador<\/span><span style=\"font-weight: 400;\"><br \/>\n<\/span><span style=\"font-weight: 400;\">51 fichas de fazendeiro<\/span><span style=\"font-weight: 400;\"><br \/>\n<\/span><span style=\"font-weight: 400;\">3 sacolas<\/span><span style=\"font-weight: 400;\"><br \/>\n<\/span><span style=\"font-weight: 400;\">72 discos de jogador<\/span><span style=\"font-weight: 400;\"><br \/>\n<\/span><span style=\"font-weight: 400;\">4\u00a0 marcadores de certifica\u00e7\u00e3o<\/span><span style=\"font-weight: 400;\"><br \/>\n<\/span><span style=\"font-weight: 400;\">4 marcadores de gr\u00e3os<\/span><span style=\"font-weight: 400;\"><br \/>\n<\/span><span style=\"font-weight: 400;\">82 moedas<\/span><span style=\"font-weight: 400;\"><br \/>\n<\/span><span style=\"font-weight: 400;\">1 ficha do mercado de trabalho<\/span><span style=\"font-weight: 400;\"><br \/>\n<\/span><span style=\"font-weight: 400;\">12 fichas de troca92 cartas de gado<\/span><span style=\"font-weight: 400;\"><br \/>\n<\/span><span style=\"font-weight: 400;\">24 cartas de objetivo<\/span><span style=\"font-weight: 400;\"><br \/>\n<\/span><span style=\"font-weight: 400;\">25 cartas de fadiga<\/span><span style=\"font-weight: 400;\"><br \/>\n<\/span><span style=\"font-weight: 400;\">8 fichas de mestre de esta\u00e7\u00e3o<\/span><span style=\"font-weight: 400;\"><br \/>\n<\/span><span style=\"font-weight: 400;\">48 fichas de constru\u00e7\u00e3o<\/span><span style=\"font-weight: 400;\"><br \/>\n<\/span><span style=\"font-weight: 400;\">1 ficha de especializa\u00e7\u00e3o<\/span><span style=\"font-weight: 400;\"><br \/>\n<\/span><span style=\"font-weight: 400;\">1 bloco de pontua\u00e7\u00e3o<\/span><span style=\"font-weight: 400;\"><br \/>\n<\/span><span style=\"font-weight: 400;\">1 livro de regras<\/span><span style=\"font-weight: 400;\"><br \/>\n<\/span><span style=\"font-weight: 400;\">1 Ap\u00eandice <\/span><span style=\"font-weight: 400;\"><br \/>\n<\/span><span style=\"font-weight: 400;\">1 livro de regras para modo solo<\/span><span style=\"font-weight: 400;\"><br \/>\n<\/span><span style=\"font-weight: 400;\">15 cartas do Pedro<\/span><span style=\"font-weight: 400;\"><br \/>\n<\/span><span style=\"font-weight: 400;\">12 cartas de carregamento<\/span><span style=\"font-weight: 400;\"><br \/>\n<\/span><span style=\"font-weight: 400;\">1 tabuleiro do Pedro<\/span><span style=\"font-weight: 400;\"><br \/>\n<\/span><span style=\"font-weight: 400;\">1 ficha de mercado de gado do Pedro<\/span><\/p>\n","protected":false},"excerpt":{"rendered":"<p><span style=\"font-weight: 400;\">Seja bem-vindo \u00e0 segunda parada da nova trilogia baseada no cl\u00e1ssico eurogame GWT! Nessa edi\u00e7\u00e3o voc\u00ea \u00e9 propriet\u00e1rio de uma grande est\u00e2ncia (fazenda de gado) nas plan\u00edcies infind\u00e1veis dos Pampas argentinos. Uma jornada \u00e1rdua te espera para transportar seu gado de trem at\u00e9 Buenos Aires!<\/span><\/p>\n","protected":false},"featured_media":16034,"comment_status":"open","ping_status":"closed","template":"","meta":[],"product_cat":[75,82,88,89,74,81],"product_tag":[],"class_list":{"0":"post-16032","1":"product","2":"type-product","3":"status-publish","4":"has-post-thumbnail","6":"product_cat-boardgames-tabuleiro","7":"product_cat-competitivos","8":"product_cat-editoras","9":"product_cat-galapagos","10":"product_cat-jogos","11":"product_cat-jogos-expert","13":"first","14":"instock","15":"shipping-taxable","16":"purchasable","17":"product-type-simple"},"_links":{"self":[{"href":"https:\/\/borderjogos.suprahub.com.br\/index.php?rest_route=\/wp\/v2\/product\/16032","targetHints":{"allow":["GET"]}}],"collection":[{"href":"https:\/\/borderjogos.suprahub.com.br\/index.php?rest_route=\/wp\/v2\/product"}],"about":[{"href":"https:\/\/borderjogos.suprahub.com.br\/index.php?rest_route=\/wp\/v2\/types\/product"}],"replies":[{"embeddable":true,"href":"https:\/\/borderjogos.suprahub.com.br\/index.php?rest_route=%2Fwp%2Fv2%2Fcomments&post=16032"}],"version-history":[{"count":1,"href":"https:\/\/borderjogos.suprahub.com.br\/index.php?rest_route=\/wp\/v2\/product\/16032\/revisions"}],"predecessor-version":[{"id":16037,"href":"https:\/\/borderjogos.suprahub.com.br\/index.php?rest_route=\/wp\/v2\/product\/16032\/revisions\/16037"}],"wp:featuredmedia":[{"embeddable":true,"href":"https:\/\/borderjogos.suprahub.com.br\/index.php?rest_route=\/wp\/v2\/media\/16034"}],"wp:attachment":[{"href":"https:\/\/borderjogos.suprahub.com.br\/index.php?rest_route=%2Fwp%2Fv2%2Fmedia&parent=16032"}],"wp:term":[{"taxonomy":"product_cat","embeddable":true,"href":"https:\/\/borderjogos.suprahub.com.br\/index.php?rest_route=%2Fwp%2Fv2%2Fproduct_cat&post=16032"},{"taxonomy":"product_tag","embeddable":true,"href":"https:\/\/borderjogos.suprahub.com.br\/index.php?rest_route=%2Fwp%2Fv2%2Fproduct_tag&post=16032"}],"curies":[{"name":"wp","href":"https:\/\/api.w.org\/{rel}","templated":true}]}}