{"id":16045,"date":"2023-08-02T20:11:21","date_gmt":"2023-08-02T20:11:21","guid":{"rendered":"https:\/\/borderjogos.suprahub.com.br\/?post_type=product&#038;p=16045"},"modified":"2023-08-02T20:11:22","modified_gmt":"2023-08-02T20:11:22","slug":"homem-batata","status":"publish","type":"product","link":"https:\/\/borderjogos.suprahub.com.br\/?product=homem-batata","title":{"rendered":"Homem Batata"},"content":{"rendered":"<p><b>jogadores: 2 &#8211; 5<\/b><\/p>\n<p><b>Idade: 14+<\/b><\/p>\n<p><b>Tempo: 15 min<\/b><\/p>\n<p><b>idioma: portugues<\/b><\/p>\n<p><b>Tamanho: 10x7x3 cm<\/b><\/p>\n<p><b>Peso: 0.2 kg<\/b><\/p>\n<p><b>Descri\u00e7\u00e3o completa<\/b><\/p>\n<p><span style=\"font-weight: 400;\">Homem Batata \u00e9 similar aos jogos de carta mais famosas, mas com mec\u00e2nicas interessantes, simples e muito divertidas! Diferente dos outros jogos de vazas (maior carta vence), n\u00e3o \u00e9 necess\u00e1rio seguir a mesma cor que foi jogada pelo jogador inicial, mas em compensa\u00e7\u00e3o n\u00e3o pode repetir a mesma cor em uma rodada.\u00a0<\/span><\/p>\n<p><span style=\"font-weight: 400;\"><br \/>\n<\/span><span style=\"font-weight: 400;\">Mas se voc\u00ea est\u00e1 perdendo a rodada, n\u00e3o tema! Pois o Homem Batata, uma das menores batatas nesse baralho, derrota o Lord Batat\u00e3o \u2013 a batata mais forte do baralho! Al\u00e9m disso, o jogo conta com arte e tem\u00e1tica c\u00f4mica, para trazer divers\u00e3o e leveza (e talvez um pouco de fome) pro seu rol\u00ea!\u00a0<\/span><\/p>\n<p><b>Lista de componentes<\/b><\/p>\n<p><span style=\"font-weight: 400;\">67 cartas, sendo:\u00a0 <\/span><span style=\"font-weight: 400;\"><br \/>\n<\/span><span style=\"font-weight: 400;\">52 cartas de jogo divididas em 4 cores; e <\/span><span style=\"font-weight: 400;\"><br \/>\n<\/span><span style=\"font-weight: 400;\">15 cartas de pontua\u00e7\u00e3o<\/span><\/p>\n","protected":false},"excerpt":{"rendered":"<p><span style=\"font-weight: 400;\">Homem Batata \u00e9 similar aos jogos de carta mais famosas, mas com mec\u00e2nicas interessantes, simples e muito divertidas! Diferente dos outros jogos de vazas (maior carta vence), n\u00e3o \u00e9 necess\u00e1rio seguir a mesma cor que foi jogada pelo jogador inicial, mas em compensa\u00e7\u00e3o n\u00e3o pode repetir a mesma cor em uma rodada.\u00a0<\/span><\/p>\n","protected":false},"featured_media":16047,"comment_status":"open","ping_status":"closed","template":"","meta":[],"product_cat":[76,82,88,89,74,80,78,77],"product_tag":[],"class_list":{"0":"post-16045","1":"product","2":"type-product","3":"status-publish","4":"has-post-thumbnail","6":"product_cat-card-games-cartas","7":"product_cat-competitivos","8":"product_cat-editoras","9":"product_cat-galapagos","10":"product_cat-jogos","11":"product_cat-jogos-familia","12":"product_cat-jogos-para-criancas","13":"product_cat-party-games","15":"first","16":"instock","17":"shipping-taxable","18":"purchasable","19":"product-type-simple"},"_links":{"self":[{"href":"https:\/\/borderjogos.suprahub.com.br\/index.php?rest_route=\/wp\/v2\/product\/16045","targetHints":{"allow":["GET"]}}],"collection":[{"href":"https:\/\/borderjogos.suprahub.com.br\/index.php?rest_route=\/wp\/v2\/product"}],"about":[{"href":"https:\/\/borderjogos.suprahub.com.br\/index.php?rest_route=\/wp\/v2\/types\/product"}],"replies":[{"embeddable":true,"href":"https:\/\/borderjogos.suprahub.com.br\/index.php?rest_route=%2Fwp%2Fv2%2Fcomments&post=16045"}],"version-history":[{"count":1,"href":"https:\/\/borderjogos.suprahub.com.br\/index.php?rest_route=\/wp\/v2\/product\/16045\/revisions"}],"predecessor-version":[{"id":16049,"href":"https:\/\/borderjogos.suprahub.com.br\/index.php?rest_route=\/wp\/v2\/product\/16045\/revisions\/16049"}],"wp:featuredmedia":[{"embeddable":true,"href":"https:\/\/borderjogos.suprahub.com.br\/index.php?rest_route=\/wp\/v2\/media\/16047"}],"wp:attachment":[{"href":"https:\/\/borderjogos.suprahub.com.br\/index.php?rest_route=%2Fwp%2Fv2%2Fmedia&parent=16045"}],"wp:term":[{"taxonomy":"product_cat","embeddable":true,"href":"https:\/\/borderjogos.suprahub.com.br\/index.php?rest_route=%2Fwp%2Fv2%2Fproduct_cat&post=16045"},{"taxonomy":"product_tag","embeddable":true,"href":"https:\/\/borderjogos.suprahub.com.br\/index.php?rest_route=%2Fwp%2Fv2%2Fproduct_tag&post=16045"}],"curies":[{"name":"wp","href":"https:\/\/api.w.org\/{rel}","templated":true}]}}