{"id":16050,"date":"2023-08-02T20:16:50","date_gmt":"2023-08-02T20:16:50","guid":{"rendered":"https:\/\/borderjogos.suprahub.com.br\/?post_type=product&#038;p=16050"},"modified":"2023-08-02T20:16:51","modified_gmt":"2023-08-02T20:16:51","slug":"jaipur","status":"publish","type":"product","link":"https:\/\/borderjogos.suprahub.com.br\/?product=jaipur","title":{"rendered":"Jaipur"},"content":{"rendered":"<p><b>Jogadores: 2<\/b><\/p>\n<p><b>Idade: 14+<\/b><\/p>\n<p><b>Tempo: 30 min<\/b><\/p>\n<p><b>idioma: portugu\u00eas<\/b><\/p>\n<p><b>Tamanho: 18x13x4 cm<\/b><\/p>\n<p><b>Peso: 0.4 kg<\/b><\/p>\n<p>&nbsp;<\/p>\n<p><b>Descri\u00e7\u00e3o completa<\/b><\/p>\n<p><span style=\"font-weight: 400;\">Bem-vindo a Jaipur, a capital do Rajast\u00e3o! Voc\u00ea \u00e9 um dos comerciantes mais poderosos da cidade, mas isso n\u00e3o \u00e9 o suficiente para tornar-se o comerciante pessoal do Maraj\u00e1. Agora, para conquistar essa posi\u00e7\u00e3o de prest\u00edgio \u00e9 necess\u00e1rio duelar com outro comerciante para conquistar dois Selos de Excel\u00eancia do Maraj\u00e1.<\/span><\/p>\n<p><span style=\"font-weight: 400;\">Jaipur \u00e9 um jogo de cartas de ritmo r\u00e1pido que combina t\u00e1tica, risco e sorte em um duelo eletrizante! No seu turno, voc\u00ea pode pegar ou vender cartas da sua m\u00e3o. Se voc\u00ea escolher pegar cartas da mesa, pode optar entre pegar todos os camelos, pegar uma carta de mercadoria ou trocar de 2 a 5 cartas que est\u00e3o na sua m\u00e3o com as cartas do mercado.<\/span><\/p>\n<p><span style=\"font-weight: 400;\">Se escolher vender cartas da m\u00e3o, poder\u00e1 vender apenas um tipo de mercadoria e receber o mesmo n\u00famero de fichas de cartas vendidas. O valor das fichas diminui conforme elas avan\u00e7am, ent\u00e3o \u00e9 necess\u00e1rio ser r\u00e1pido. Por outro lado, quanto mais cartas de mercadoria voc\u00ea vender simultaneamente, maior ser\u00e1 a recompensa. N\u00e3o \u00e9 poss\u00edvel vender os camelos, mas eles s\u00e3o fundamentais para a realiza\u00e7\u00e3o de trocas e eles tamb\u00e9m valem pontua\u00e7\u00e3o b\u00f4nus ao final de cada rodada. \u00c0s vezes, a quantidade de pontos suficiente para vencer uma disputa. Ent\u00e3o, \u00e9 importante utiliz\u00e1-los de forma inteligente.<\/span><span style=\"font-weight: 400;\"><br \/>\n<\/span><span style=\"font-weight: 400;\">\u00a0<\/span><\/p>\n<p><b>Lista de componentes<\/b><\/p>\n<p><span style=\"font-weight: 400;\">55 cartas de mercadoria (63mm x 88 mm)\u00a0 <\/span><span style=\"font-weight: 400;\"><br \/>\n<\/span><span style=\"font-weight: 400;\">38 fichas de mercadoria<\/span><span style=\"font-weight: 400;\"><br \/>\n<\/span><span style=\"font-weight: 400;\">18 fichas de b\u00f4nus<\/span><span style=\"font-weight: 400;\"><br \/>\n<\/span><span style=\"font-weight: 400;\">1 ficha de camelo<\/span><span style=\"font-weight: 400;\"><br \/>\n<\/span><span style=\"font-weight: 400;\">3 selos de excel\u00eancia<\/span><\/p>\n","protected":false},"excerpt":{"rendered":"<p><span style=\"font-weight: 400;\">Bem-vindo a Jaipur, a capital do Rajast\u00e3o! Voc\u00ea \u00e9 um dos comerciantes mais poderosos da cidade, mas isso n\u00e3o \u00e9 o suficiente para tornar-se o comerciante pessoal do Maraj\u00e1. Agora, para conquistar essa posi\u00e7\u00e3o de prest\u00edgio \u00e9 necess\u00e1rio duelar com outro comerciante para conquistar dois Selos de Excel\u00eancia do Maraj\u00e1.<\/span><\/p>\n","protected":false},"featured_media":16052,"comment_status":"open","ping_status":"closed","template":"","meta":[],"product_cat":[75,82,88,89,74,80,79],"product_tag":[],"class_list":{"0":"post-16050","1":"product","2":"type-product","3":"status-publish","4":"has-post-thumbnail","6":"product_cat-boardgames-tabuleiro","7":"product_cat-competitivos","8":"product_cat-editoras","9":"product_cat-galapagos","10":"product_cat-jogos","11":"product_cat-jogos-familia","12":"product_cat-jogos-para-dois","14":"first","15":"instock","16":"shipping-taxable","17":"purchasable","18":"product-type-simple"},"_links":{"self":[{"href":"https:\/\/borderjogos.suprahub.com.br\/index.php?rest_route=\/wp\/v2\/product\/16050","targetHints":{"allow":["GET"]}}],"collection":[{"href":"https:\/\/borderjogos.suprahub.com.br\/index.php?rest_route=\/wp\/v2\/product"}],"about":[{"href":"https:\/\/borderjogos.suprahub.com.br\/index.php?rest_route=\/wp\/v2\/types\/product"}],"replies":[{"embeddable":true,"href":"https:\/\/borderjogos.suprahub.com.br\/index.php?rest_route=%2Fwp%2Fv2%2Fcomments&post=16050"}],"version-history":[{"count":1,"href":"https:\/\/borderjogos.suprahub.com.br\/index.php?rest_route=\/wp\/v2\/product\/16050\/revisions"}],"predecessor-version":[{"id":16053,"href":"https:\/\/borderjogos.suprahub.com.br\/index.php?rest_route=\/wp\/v2\/product\/16050\/revisions\/16053"}],"wp:featuredmedia":[{"embeddable":true,"href":"https:\/\/borderjogos.suprahub.com.br\/index.php?rest_route=\/wp\/v2\/media\/16052"}],"wp:attachment":[{"href":"https:\/\/borderjogos.suprahub.com.br\/index.php?rest_route=%2Fwp%2Fv2%2Fmedia&parent=16050"}],"wp:term":[{"taxonomy":"product_cat","embeddable":true,"href":"https:\/\/borderjogos.suprahub.com.br\/index.php?rest_route=%2Fwp%2Fv2%2Fproduct_cat&post=16050"},{"taxonomy":"product_tag","embeddable":true,"href":"https:\/\/borderjogos.suprahub.com.br\/index.php?rest_route=%2Fwp%2Fv2%2Fproduct_tag&post=16050"}],"curies":[{"name":"wp","href":"https:\/\/api.w.org\/{rel}","templated":true}]}}