{"id":16054,"date":"2023-08-02T20:21:34","date_gmt":"2023-08-02T20:21:34","guid":{"rendered":"https:\/\/borderjogos.suprahub.com.br\/?post_type=product&#038;p=16054"},"modified":"2023-08-02T20:21:34","modified_gmt":"2023-08-02T20:21:34","slug":"looney-tunes-mayhem","status":"publish","type":"product","link":"https:\/\/borderjogos.suprahub.com.br\/?product=looney-tunes-mayhem","title":{"rendered":"Looney Tunes Mayhem"},"content":{"rendered":"<p><b>jogadores: 2 &#8211; 4<\/b><\/p>\n<p><b>Idade: 10+<\/b><\/p>\n<p><b>Tempo: 30 min<\/b><\/p>\n<p><b>Idioma: Portugu\u00eas<\/b><\/p>\n<p><b>Tamanho: 6x25x25 cm<\/b><\/p>\n<p><b>Peso: 0.9 kg<\/b><\/p>\n<p>&nbsp;<\/p>\n<p><b>Descri\u00e7\u00e3o completa<\/b><\/p>\n<p><span style=\"font-weight: 400;\">Nenhum personagem de desenho animado sabe causar caos melhor do que os amados Looney Tunes. Grandes conhecedores de bigornas, pedregulhos, dinamites e sabe-se l\u00e1 o que mais! A caixa de Looney Tunes traz os personagens: Pernalonga, Patolino, Hortelino e Diabo da Tasm\u00e2nia.<\/span><\/p>\n<p><b>Sobre Mayhem<\/b><\/p>\n<p><span style=\"font-weight: 400;\">O sistema Mayhem apresenta jogos de combate entre personagens ic\u00f4nicos! Lute com seus personagens favoritos em batalhas de equipe ca\u00f3ticas. Cada personagem tem habilidades \u00fanicas e as disputas acontecem locais memor\u00e1veis dos desenhos animados &#8211; cada partida \u00e9 uma experi\u00eancia \u00fanica. Vence a equipe que coletar primeiro 5 Pontos de Vit\u00f3ria (ou nocautear a equipe advers\u00e1ria). Misture os jogos para combates ainda mais emocionantes. Mayhem \u00e9 a\u00e7\u00e3o pura!<\/span><\/p>\n<p><b>Lista de componentes<\/b><\/p>\n<p><span style=\"font-weight: 400;\">4 Miniatura de personagem <\/span><span style=\"font-weight: 400;\"><br \/>\n<\/span><span style=\"font-weight: 400;\">4 Pain\u00e9is de personagem <\/span><span style=\"font-weight: 400;\"><br \/>\n<\/span><span style=\"font-weight: 400;\">10 Pe\u00e7as de local<\/span><span style=\"font-weight: 400;\"><br \/>\n<\/span><span style=\"font-weight: 400;\">4 Dados de ativa\u00e7\u00e3o<\/span><span style=\"font-weight: 400;\"><br \/>\n<\/span><span style=\"font-weight: 400;\">1 Dado de caos<\/span><span style=\"font-weight: 400;\"><br \/>\n<\/span><span style=\"font-weight: 400;\">4 Bases das miniaturas<\/span><span style=\"font-weight: 400;\"><br \/>\n<\/span><span style=\"font-weight: 400;\">22 Cartas de caos<\/span><span style=\"font-weight: 400;\"><br \/>\n<\/span><span style=\"font-weight: 400;\">12 Cartas em a\u00e7\u00e3o<\/span><span style=\"font-weight: 400;\"><br \/>\n<\/span><span style=\"font-weight: 400;\">92 Fichas<\/span><span style=\"font-weight: 400;\"><br \/>\n<\/span><span style=\"font-weight: 400;\">1 Livro de regra<\/span><\/p>\n","protected":false},"excerpt":{"rendered":"<p><span style=\"font-weight: 400;\">Nenhum personagem de desenho animado sabe causar caos melhor do que os amados Looney Tunes. Grandes conhecedores de bigornas, pedregulhos, dinamites e sabe-se l\u00e1 o que mais! A caixa de Looney Tunes traz os personagens: Pernalonga, Patolino, Hortelino e Diabo da Tasm\u00e2nia.<\/span><\/p>\n","protected":false},"featured_media":16061,"comment_status":"open","ping_status":"closed","template":"","meta":[],"product_cat":[75,82,88,89,74,80,79],"product_tag":[],"class_list":{"0":"post-16054","1":"product","2":"type-product","3":"status-publish","4":"has-post-thumbnail","6":"product_cat-boardgames-tabuleiro","7":"product_cat-competitivos","8":"product_cat-editoras","9":"product_cat-galapagos","10":"product_cat-jogos","11":"product_cat-jogos-familia","12":"product_cat-jogos-para-dois","14":"first","15":"instock","16":"shipping-taxable","17":"purchasable","18":"product-type-simple"},"_links":{"self":[{"href":"https:\/\/borderjogos.suprahub.com.br\/index.php?rest_route=\/wp\/v2\/product\/16054","targetHints":{"allow":["GET"]}}],"collection":[{"href":"https:\/\/borderjogos.suprahub.com.br\/index.php?rest_route=\/wp\/v2\/product"}],"about":[{"href":"https:\/\/borderjogos.suprahub.com.br\/index.php?rest_route=\/wp\/v2\/types\/product"}],"replies":[{"embeddable":true,"href":"https:\/\/borderjogos.suprahub.com.br\/index.php?rest_route=%2Fwp%2Fv2%2Fcomments&post=16054"}],"version-history":[{"count":1,"href":"https:\/\/borderjogos.suprahub.com.br\/index.php?rest_route=\/wp\/v2\/product\/16054\/revisions"}],"predecessor-version":[{"id":16063,"href":"https:\/\/borderjogos.suprahub.com.br\/index.php?rest_route=\/wp\/v2\/product\/16054\/revisions\/16063"}],"wp:featuredmedia":[{"embeddable":true,"href":"https:\/\/borderjogos.suprahub.com.br\/index.php?rest_route=\/wp\/v2\/media\/16061"}],"wp:attachment":[{"href":"https:\/\/borderjogos.suprahub.com.br\/index.php?rest_route=%2Fwp%2Fv2%2Fmedia&parent=16054"}],"wp:term":[{"taxonomy":"product_cat","embeddable":true,"href":"https:\/\/borderjogos.suprahub.com.br\/index.php?rest_route=%2Fwp%2Fv2%2Fproduct_cat&post=16054"},{"taxonomy":"product_tag","embeddable":true,"href":"https:\/\/borderjogos.suprahub.com.br\/index.php?rest_route=%2Fwp%2Fv2%2Fproduct_tag&post=16054"}],"curies":[{"name":"wp","href":"https:\/\/api.w.org\/{rel}","templated":true}]}}