{"id":16064,"date":"2023-08-02T20:25:19","date_gmt":"2023-08-02T20:25:19","guid":{"rendered":"https:\/\/borderjogos.suprahub.com.br\/?post_type=product&#038;p=16064"},"modified":"2023-08-02T20:25:19","modified_gmt":"2023-08-02T20:25:19","slug":"love-letter-2a-edicao","status":"publish","type":"product","link":"https:\/\/borderjogos.suprahub.com.br\/?product=love-letter-2a-edicao","title":{"rendered":"Love Letter (2\u00aa Edi\u00e7\u00e3o)"},"content":{"rendered":"<p><b>N\u00famero de jogadores: 2 &#8211; 6<\/b><\/p>\n<p><b>Idade: 10+<\/b><\/p>\n<p><b>Tempo: 30 min<\/b><\/p>\n<p><b>Idioma: Portugues<\/b><\/p>\n<p><b>Tamanho: 18x12x3 cm<\/b><\/p>\n<p><b>Peso: 0.1 kg<\/b><\/p>\n<p>&nbsp;<\/p>\n<p><b>Descri\u00e7\u00e3o completa<\/b><\/p>\n<p><span style=\"font-weight: 400;\">Em Love Letter voc\u00ea precisa colocar em pr\u00e1tica todo o seu poder de dedu\u00e7\u00e3o e se arriscar para entregar cartas de amor para a princesa. Derrote seus oponentes e mostre a sua ousadia neste jogo leve, r\u00e1pido e que vai conquistar o seu cora\u00e7\u00e3o!\u00a0<\/span><\/p>\n<p><span style=\"font-weight: 400;\"><br \/>\n<\/span><span style=\"font-weight: 400;\">Esta segunda edi\u00e7\u00e3o do cl\u00e1ssico jogo de blefe e estrat\u00e9gia lan\u00e7ado em 2012 conta com novos personagens e habilidades.<\/span><span style=\"font-weight: 400;\"><br \/>\n<\/span><span style=\"font-weight: 400;\">\u00a0<\/span><\/p>\n<p><b>Lista de componentes<\/b><\/p>\n<p><span style=\"font-weight: 400;\">27 cartas (63 mm x 89 mm)<\/span><span style=\"font-weight: 400;\"><br \/>\n<\/span><span style=\"font-weight: 400;\">13 Fichas de privil\u00e9gio<\/span><span style=\"font-weight: 400;\"><br \/>\n<\/span><span style=\"font-weight: 400;\">Livro de regras<\/span><span style=\"font-weight: 400;\"><br \/>\n<\/span><span style=\"font-weight: 400;\">Saco de pano\u00a0\u00a0<\/span><\/p>\n","protected":false},"excerpt":{"rendered":"<p><span style=\"font-weight: 400;\">Em Love Letter voc\u00ea precisa colocar em pr\u00e1tica todo o seu poder de dedu\u00e7\u00e3o e se arriscar para entregar cartas de amor para a princesa. Derrote seus oponentes e mostre a sua ousadia neste jogo leve, r\u00e1pido e que vai conquistar o seu cora\u00e7\u00e3o!\u00a0<\/span><\/p>\n","protected":false},"featured_media":16068,"comment_status":"open","ping_status":"closed","template":"","meta":[],"product_cat":[76,82,88,89,74,80,77],"product_tag":[],"class_list":{"0":"post-16064","1":"product","2":"type-product","3":"status-publish","4":"has-post-thumbnail","6":"product_cat-card-games-cartas","7":"product_cat-competitivos","8":"product_cat-editoras","9":"product_cat-galapagos","10":"product_cat-jogos","11":"product_cat-jogos-familia","12":"product_cat-party-games","14":"first","15":"instock","16":"shipping-taxable","17":"purchasable","18":"product-type-simple"},"_links":{"self":[{"href":"https:\/\/borderjogos.suprahub.com.br\/index.php?rest_route=\/wp\/v2\/product\/16064","targetHints":{"allow":["GET"]}}],"collection":[{"href":"https:\/\/borderjogos.suprahub.com.br\/index.php?rest_route=\/wp\/v2\/product"}],"about":[{"href":"https:\/\/borderjogos.suprahub.com.br\/index.php?rest_route=\/wp\/v2\/types\/product"}],"replies":[{"embeddable":true,"href":"https:\/\/borderjogos.suprahub.com.br\/index.php?rest_route=%2Fwp%2Fv2%2Fcomments&post=16064"}],"version-history":[{"count":1,"href":"https:\/\/borderjogos.suprahub.com.br\/index.php?rest_route=\/wp\/v2\/product\/16064\/revisions"}],"predecessor-version":[{"id":16069,"href":"https:\/\/borderjogos.suprahub.com.br\/index.php?rest_route=\/wp\/v2\/product\/16064\/revisions\/16069"}],"wp:featuredmedia":[{"embeddable":true,"href":"https:\/\/borderjogos.suprahub.com.br\/index.php?rest_route=\/wp\/v2\/media\/16068"}],"wp:attachment":[{"href":"https:\/\/borderjogos.suprahub.com.br\/index.php?rest_route=%2Fwp%2Fv2%2Fmedia&parent=16064"}],"wp:term":[{"taxonomy":"product_cat","embeddable":true,"href":"https:\/\/borderjogos.suprahub.com.br\/index.php?rest_route=%2Fwp%2Fv2%2Fproduct_cat&post=16064"},{"taxonomy":"product_tag","embeddable":true,"href":"https:\/\/borderjogos.suprahub.com.br\/index.php?rest_route=%2Fwp%2Fv2%2Fproduct_tag&post=16064"}],"curies":[{"name":"wp","href":"https:\/\/api.w.org\/{rel}","templated":true}]}}