{"id":16070,"date":"2023-08-02T20:29:36","date_gmt":"2023-08-02T20:29:36","guid":{"rendered":"https:\/\/borderjogos.suprahub.com.br\/?post_type=product&#038;p=16070"},"modified":"2023-08-02T20:29:36","modified_gmt":"2023-08-02T20:29:36","slug":"marvel-united","status":"publish","type":"product","link":"https:\/\/borderjogos.suprahub.com.br\/?product=marvel-united","title":{"rendered":"Marvel United"},"content":{"rendered":"<p><b>Idade: 14+<\/b><\/p>\n<p><b>N\u00famero de jogadores: 1 &#8211; 4<\/b><\/p>\n<p><b>Tempo: 30-60 min<\/b><\/p>\n<p><b>Idioma: Portugues<\/b><\/p>\n<p><b>Tamanho: 7x26x26 cm<\/b><\/p>\n<p><b>Peso: 1.1 kg<\/b><\/p>\n<p>&nbsp;<\/p>\n<p><b>Descri\u00e7\u00e3o completa<\/b><\/p>\n<p><span style=\"font-weight: 400;\">Assuma o papel de her\u00f3is da Marvel e coopere com seus amigos her\u00f3is &#8211; ou jogue o modo solo &#8211; para impedir o plano mestre de um supervil\u00e3o! Os Her\u00f3is precisam escolher com cuidado as cartas que jogam, para real\u00e7ar o melhor de seus superpoderes diferentes e combinarem suas a\u00e7\u00f5es com as de outros her\u00f3is para alcan\u00e7ar o imposs\u00edvel!<\/span><\/p>\n<p><span style=\"font-weight: 400;\">S\u00e3o sete diferentes her\u00f3is (Capit\u00e3o Am\u00e9rica, Hulk, Capit\u00e3 Marvel, Homem de Ferro, Vi\u00fava Negra, Homem Formiga e Vespa) e tr\u00eas vil\u00f5es (Caveira Vermelha, Ultron e Treinador), cada um com sua miniatura e baralho exclusivo!<\/span><\/p>\n<p><span style=\"font-weight: 400;\">O Vil\u00e3o \u00e9 controlado pelo jogo, atrav\u00e9s do deck de Grande Plano, que tem suas cartas abertas alternadamente \u00e0s jogadas pelos jogadores. Ven\u00e7a essa batalha pelo destino do mundo, em que a vit\u00f3ria s\u00f3 \u00e9 poss\u00edvel se os her\u00f3is estiverem unidos!<\/span><\/p>\n<p><b>Lista de componentes<\/b><\/p>\n<p><span style=\"font-weight: 400;\">7 Miniaturas de Her\u00f3i<\/span><span style=\"font-weight: 400;\"><br \/>\n<\/span><span style=\"font-weight: 400;\">3 Miniaturas de Vil\u00e3o<\/span><span style=\"font-weight: 400;\"><br \/>\n<\/span><span style=\"font-weight: 400;\">84 Cartas de Her\u00f3is (12 para cada)<\/span><span style=\"font-weight: 400;\"><br \/>\n<\/span><span style=\"font-weight: 400;\">3 Pain\u00e9is de Vil\u00e3o<\/span><span style=\"font-weight: 400;\"><br \/>\n<\/span><span style=\"font-weight: 400;\">36 Cartas de Grande Plano (1 para cada vil\u00e3o)<\/span><span style=\"font-weight: 400;\"><br \/>\n<\/span><span style=\"font-weight: 400;\">18 Cartas de Amea\u00e7a (6 para cada vil\u00e3o)<\/span><span style=\"font-weight: 400;\"><br \/>\n<\/span><span style=\"font-weight: 400;\">8 Locais<\/span><span style=\"font-weight: 400;\"><br \/>\n<\/span><span style=\"font-weight: 400;\">1 Guia de Miss\u00e3o<\/span><span style=\"font-weight: 400;\"><br \/>\n<\/span><span style=\"font-weight: 400;\">3 Cartas de Miss\u00e3o<\/span><span style=\"font-weight: 400;\"><br \/>\n<\/span><span style=\"font-weight: 400;\">3 Cartas de Desafio<\/span><span style=\"font-weight: 400;\"><br \/>\n<\/span><span style=\"font-weight: 400;\">156 Fichas<\/span><span style=\"font-weight: 400;\"><br \/>\n<\/span><span style=\"font-weight: 400;\">1 Marcador de Vil\u00e3o<\/span><span style=\"font-weight: 400;\"><br \/>\n<\/span><span style=\"font-weight: 400;\">1 Livro de regras<\/span><\/p>\n","protected":false},"excerpt":{"rendered":"<p><span style=\"font-weight: 400;\">Assuma o papel de her\u00f3is da Marvel e coopere com seus amigos her\u00f3is &#8211; ou jogue o modo solo &#8211; para impedir o plano mestre de um supervil\u00e3o! Os Her\u00f3is precisam escolher com cuidado as cartas que jogam, para real\u00e7ar o melhor de seus superpoderes diferentes e combinarem suas a\u00e7\u00f5es com as de outros her\u00f3is para alcan\u00e7ar o imposs\u00edvel!<\/span><\/p>\n","protected":false},"featured_media":16072,"comment_status":"open","ping_status":"closed","template":"","meta":[],"product_cat":[75,84,83,88,89,74,80],"product_tag":[],"class_list":{"0":"post-16070","1":"product","2":"type-product","3":"status-publish","4":"has-post-thumbnail","6":"product_cat-boardgames-tabuleiro","7":"product_cat-colecoes","8":"product_cat-cooperativos","9":"product_cat-editoras","10":"product_cat-galapagos","11":"product_cat-jogos","12":"product_cat-jogos-familia","14":"first","15":"instock","16":"sale","17":"shipping-taxable","18":"purchasable","19":"product-type-simple"},"_links":{"self":[{"href":"https:\/\/borderjogos.suprahub.com.br\/index.php?rest_route=\/wp\/v2\/product\/16070","targetHints":{"allow":["GET"]}}],"collection":[{"href":"https:\/\/borderjogos.suprahub.com.br\/index.php?rest_route=\/wp\/v2\/product"}],"about":[{"href":"https:\/\/borderjogos.suprahub.com.br\/index.php?rest_route=\/wp\/v2\/types\/product"}],"replies":[{"embeddable":true,"href":"https:\/\/borderjogos.suprahub.com.br\/index.php?rest_route=%2Fwp%2Fv2%2Fcomments&post=16070"}],"version-history":[{"count":1,"href":"https:\/\/borderjogos.suprahub.com.br\/index.php?rest_route=\/wp\/v2\/product\/16070\/revisions"}],"predecessor-version":[{"id":16076,"href":"https:\/\/borderjogos.suprahub.com.br\/index.php?rest_route=\/wp\/v2\/product\/16070\/revisions\/16076"}],"wp:featuredmedia":[{"embeddable":true,"href":"https:\/\/borderjogos.suprahub.com.br\/index.php?rest_route=\/wp\/v2\/media\/16072"}],"wp:attachment":[{"href":"https:\/\/borderjogos.suprahub.com.br\/index.php?rest_route=%2Fwp%2Fv2%2Fmedia&parent=16070"}],"wp:term":[{"taxonomy":"product_cat","embeddable":true,"href":"https:\/\/borderjogos.suprahub.com.br\/index.php?rest_route=%2Fwp%2Fv2%2Fproduct_cat&post=16070"},{"taxonomy":"product_tag","embeddable":true,"href":"https:\/\/borderjogos.suprahub.com.br\/index.php?rest_route=%2Fwp%2Fv2%2Fproduct_tag&post=16070"}],"curies":[{"name":"wp","href":"https:\/\/api.w.org\/{rel}","templated":true}]}}