{"id":16077,"date":"2023-08-02T20:34:30","date_gmt":"2023-08-02T20:34:30","guid":{"rendered":"https:\/\/borderjogos.suprahub.com.br\/?post_type=product&#038;p=16077"},"modified":"2023-08-02T20:34:30","modified_gmt":"2023-08-02T20:34:30","slug":"marvel-united-x-men","status":"publish","type":"product","link":"https:\/\/borderjogos.suprahub.com.br\/?product=marvel-united-x-men","title":{"rendered":"Marvel United: X-Men"},"content":{"rendered":"<p><b>N\u00famero de jogadores: 1 &#8211; 5<\/b><\/p>\n<p><b>Tempo: 30-60 min<\/b><\/p>\n<p><b>Idioma: Portugu\u00eas<\/b><\/p>\n<p><b>Tamanho: 7x26x26 cm<\/b><\/p>\n<p><b>Peso: 1.2 kg<\/b><\/p>\n<p>&nbsp;<\/p>\n<p><b>Descri\u00e7\u00e3o completa<\/b><\/p>\n<p><span style=\"font-weight: 400;\">O universo de Marvel United agora se encontra com os populares her\u00f3is, vil\u00f5es e anti-her\u00f3is das hist\u00f3rias da saga de X-Men.\u00a0<\/span><\/p>\n<p><span style=\"font-weight: 400;\">S\u00e3o 6 diferentes Her\u00f3is (Professor X, Cyclops, Jean Grey, Beast, Wolverine e Storm), 2 Anti-Her\u00f3is (Mystique e Magneto) e 2 Vil\u00f5es (Juggernaut e Sabretooth), cada um com sua miniatura e baralho exclusivo! Os Anti-Her\u00f3is podem ser usados tanto como vil\u00f5es quanto her\u00f3is.<\/span><\/p>\n<p><b>Sobre Marvel United<\/b><\/p>\n<p><span style=\"font-weight: 400;\">Em Marvel United, os jogadores assumem o papel de seus her\u00f3is favoritos da Marvel e combinam seus poderes para impedir os planos malignos de Vil\u00f5es ic\u00f4nicos das HQ\u2019s. \u00c9 um jogo perfeito para qualquer f\u00e3 da Marvel e para quem ama jogos de tabuleiro cooperativos. O jogo conta com miniaturas e decks exclusivos para cada personagem, al\u00e9m de um deck do Vil\u00e3o, o \u201cGrande Plano\u201d (que \u00e9 controlado pelo jogo ou por outro jogador). Se voc\u00ea ainda n\u00e3o experimentou, n\u00e3o perca a oportunidade de se juntar \u00e0 luta contra o mal com alguns dos maiores her\u00f3is da Marvel!<\/span><\/p>\n<p><b>Lista de componentes<\/b><\/p>\n<p><span style=\"font-weight: 400;\">6 Miniaturas de her\u00f3i<\/span><span style=\"font-weight: 400;\"><br \/>\n<\/span><span style=\"font-weight: 400;\">2 Miniaturas de anti-her\u00f3i<\/span><span style=\"font-weight: 400;\"><br \/>\n<\/span><span style=\"font-weight: 400;\">2 Miniaturas de vil\u00e3o<\/span><span style=\"font-weight: 400;\"><br \/>\n<\/span><span style=\"font-weight: 400;\">92 Cartas de her\u00f3i<\/span><span style=\"font-weight: 400;\"><br \/>\n<\/span><span style=\"font-weight: 400;\">4 Pain\u00e9is de vil\u00e3o<\/span><span style=\"font-weight: 400;\"><br \/>\n<\/span><span style=\"font-weight: 400;\">48 Cartas de amea\u00e7a <\/span><span style=\"font-weight: 400;\"><br \/>\n<\/span><span style=\"font-weight: 400;\">12 Cartas de supervil\u00e3o<\/span><\/p>\n<p><span style=\"font-weight: 400;\">8 Cartas de super-her\u00f3i<\/span><span style=\"font-weight: 400;\"><br \/>\n<\/span><span style=\"font-weight: 400;\">8 Locais<\/span><span style=\"font-weight: 400;\"><br \/>\n<\/span><span style=\"font-weight: 400;\">1 Guia de miss\u00e3o<\/span><span style=\"font-weight: 400;\"><br \/>\n<\/span><span style=\"font-weight: 400;\">4 Cartas de miss\u00e3o<\/span><span style=\"font-weight: 400;\"><br \/>\n<\/span><span style=\"font-weight: 400;\">3 Cartas de desafio<\/span><span style=\"font-weight: 400;\"><br \/>\n<\/span><span style=\"font-weight: 400;\">154 Fichas<\/span><span style=\"font-weight: 400;\"><br \/>\n<\/span><span style=\"font-weight: 400;\">1 Marcador de vil\u00e3o<\/span><span style=\"font-weight: 400;\"><br \/>\n<\/span><span style=\"font-weight: 400;\">1 Livro de regras<\/span><\/p>\n","protected":false},"excerpt":{"rendered":"<p><span style=\"font-weight: 400;\">O universo de Marvel United agora se encontra com os populares her\u00f3is, vil\u00f5es e anti-her\u00f3is das hist\u00f3rias da saga de X-Men.\u00a0<\/span><\/p>\n","protected":false},"featured_media":16078,"comment_status":"open","ping_status":"closed","template":"","meta":[],"product_cat":[75,84,83,88,89,74,80],"product_tag":[],"class_list":{"0":"post-16077","1":"product","2":"type-product","3":"status-publish","4":"has-post-thumbnail","6":"product_cat-boardgames-tabuleiro","7":"product_cat-colecoes","8":"product_cat-cooperativos","9":"product_cat-editoras","10":"product_cat-galapagos","11":"product_cat-jogos","12":"product_cat-jogos-familia","14":"first","15":"instock","16":"shipping-taxable","17":"purchasable","18":"product-type-simple"},"_links":{"self":[{"href":"https:\/\/borderjogos.suprahub.com.br\/index.php?rest_route=\/wp\/v2\/product\/16077","targetHints":{"allow":["GET"]}}],"collection":[{"href":"https:\/\/borderjogos.suprahub.com.br\/index.php?rest_route=\/wp\/v2\/product"}],"about":[{"href":"https:\/\/borderjogos.suprahub.com.br\/index.php?rest_route=\/wp\/v2\/types\/product"}],"replies":[{"embeddable":true,"href":"https:\/\/borderjogos.suprahub.com.br\/index.php?rest_route=%2Fwp%2Fv2%2Fcomments&post=16077"}],"version-history":[{"count":1,"href":"https:\/\/borderjogos.suprahub.com.br\/index.php?rest_route=\/wp\/v2\/product\/16077\/revisions"}],"predecessor-version":[{"id":16083,"href":"https:\/\/borderjogos.suprahub.com.br\/index.php?rest_route=\/wp\/v2\/product\/16077\/revisions\/16083"}],"wp:featuredmedia":[{"embeddable":true,"href":"https:\/\/borderjogos.suprahub.com.br\/index.php?rest_route=\/wp\/v2\/media\/16078"}],"wp:attachment":[{"href":"https:\/\/borderjogos.suprahub.com.br\/index.php?rest_route=%2Fwp%2Fv2%2Fmedia&parent=16077"}],"wp:term":[{"taxonomy":"product_cat","embeddable":true,"href":"https:\/\/borderjogos.suprahub.com.br\/index.php?rest_route=%2Fwp%2Fv2%2Fproduct_cat&post=16077"},{"taxonomy":"product_tag","embeddable":true,"href":"https:\/\/borderjogos.suprahub.com.br\/index.php?rest_route=%2Fwp%2Fv2%2Fproduct_tag&post=16077"}],"curies":[{"name":"wp","href":"https:\/\/api.w.org\/{rel}","templated":true}]}}